{"id":74319,"date":"2021-02-21T19:32:48","date_gmt":"2021-02-21T19:32:48","guid":{"rendered":"https:\/\/www.autonvaraosahaku.fi\/?product=optimal-bs-8568-jarrulevyt"},"modified":"2021-02-21T19:32:54","modified_gmt":"2021-02-21T19:32:54","slug":"optimal-bs-8568-jarrulevyt","status":"publish","type":"product","link":"https:\/\/www.autonvaraosahaku.fi\/?product=optimal-bs-8568-jarrulevyt","title":{"rendered":"OPTIMAL BS-8568 Jarrulevyt"},"content":{"rendered":"<p>Asennuspuoli: Taka-akseli; Jarrulevytyyppi: Vakiomalli; Jarrulevyn paksuus (mm): 10; Ulkol\u00e4pimitta [mm]: 270; Korkeus (mm): 36,7; keskitt\u00e4misl\u00e4pimitta [mm]: 62; V\u00e4himm\u00e4ispaksuus (mm): 8; Reik\u00e4kuvio\/-m\u00e4\u00e4r\u00e4: 5\/7; Valmistusmaa: Gro\u00df Britannien; TOYOTA: AURIS NRE15_, ZZE15_, ADE15_, ZRE15_, NDE15_,AURIS NZE18_, ZRE18_,AURIS TOURING SPORTS ADE18_, ZWE18_, ZRE18_,COROLLA Stufenheck E15_,COROLLA Stufenheck NRE18_, ZRE17_, ZRE18_, NDE18_,AURIS VAN Kasten ZRE18_, NZE18_; 4243102170, 4243102180, 4243112280; Jarrulevy<\/p>\n","protected":false},"excerpt":{"rendered":"<p>OPTIMAL Jarrulevyt BS-8568 Jarrulevy TOYOTA,AURIS NRE15_, ZZE15_, ADE15_, ZRE15_, NDE15_,AURIS NZE18_, ZRE18_<\/p>\n","protected":false},"featured_media":0,"template":"","meta":{"site-sidebar-layout":"default","site-content-layout":"default","ast-global-header-display":"","ast-main-header-display":"","ast-hfb-above-header-display":"","ast-hfb-below-header-display":"","ast-hfb-mobile-header-display":"","site-post-title":"","ast-breadcrumbs-content":"","ast-featured-img":"","footer-sml-layout":"","theme-transparent-header-meta":"","adv-header-id-meta":"","stick-header-meta":"","header-above-stick-meta":"","header-main-stick-meta":"","header-below-stick-meta":""},"pwb-brand":[307],"product_cat":[66],"product_tag":[],"class_list":{"0":"post-74319","1":"product","2":"type-product","3":"status-publish","5":"pwb-brand-optimal","6":"product_cat-jarrulevyt","7":"desktop-align-left","8":"tablet-align-left","9":"mobile-align-left","11":"first","12":"instock","13":"product-type-external"},"brands":[{"id":307,"name":"OPTIMAL","slug":"optimal"}],"_links":{"self":[{"href":"https:\/\/www.autonvaraosahaku.fi\/index.php?rest_route=\/wp\/v2\/product\/74319","targetHints":{"allow":["GET"]}}],"collection":[{"href":"https:\/\/www.autonvaraosahaku.fi\/index.php?rest_route=\/wp\/v2\/product"}],"about":[{"href":"https:\/\/www.autonvaraosahaku.fi\/index.php?rest_route=\/wp\/v2\/types\/product"}],"wp:attachment":[{"href":"https:\/\/www.autonvaraosahaku.fi\/index.php?rest_route=%2Fwp%2Fv2%2Fmedia&parent=74319"}],"wp:term":[{"taxonomy":"pwb-brand","embeddable":true,"href":"https:\/\/www.autonvaraosahaku.fi\/index.php?rest_route=%2Fwp%2Fv2%2Fpwb-brand&post=74319"},{"taxonomy":"product_cat","embeddable":true,"href":"https:\/\/www.autonvaraosahaku.fi\/index.php?rest_route=%2Fwp%2Fv2%2Fproduct_cat&post=74319"},{"taxonomy":"product_tag","embeddable":true,"href":"https:\/\/www.autonvaraosahaku.fi\/index.php?rest_route=%2Fwp%2Fv2%2Fproduct_tag&post=74319"}],"curies":[{"name":"wp","href":"https:\/\/api.w.org\/{rel}","templated":true}]}}