{"id":7432,"date":"2021-02-21T14:00:09","date_gmt":"2021-02-21T14:00:09","guid":{"rendered":"https:\/\/www.autonvaraosahaku.fi\/?product=dt-4-20503-kierretulppa"},"modified":"2021-02-21T14:00:11","modified_gmt":"2021-02-21T14:00:11","slug":"dt-4-20503-kierretulppa","status":"publish","type":"product","link":"https:\/\/www.autonvaraosahaku.fi\/?product=dt-4-20503-kierretulppa","title":{"rendered":"DT 4.20503 Kierretulppa"},"content":{"rendered":"<p>Muoto: A-muoto; Materiaali: Kupari; Paino [g]: 0,5; Sis\u00e4l\u00e4pimitta [mm]: 12; Ulkol\u00e4pimitta [mm]: 16; Paksuus [mm]: 1; Tunnusluku: CU; MERCEDES-BENZ: C-CLASS W203,E-CLASS W211,C-CLASS W204,C-CLASS T-Model S204,C-CLASS T-Model S203,C-CLASS W202,E-CLASS T-Model S211,190 W201,SLK R170,E-CLASS W210,E-CLASS W212,VIANO W639,M-CLASS W164,C-CLASS Coupe CL203,M-CLASS W163,Stufenheck W124,E-CLASS T-Model S212,GLK-CLASS X204,E-CLASS Kombi S210,VITO Bus W639,SLK R171,CLK C208,SL R129,CLK C209,SL R107,C-CLASS Kombi S202,Stufenheck W123,S-CLASS W220,VITO \/ MIXTO Kasten W639,SPRINTER 3,5-t Kasten 906,S-CLASS W126,S-CLASS W221,CLS C219,SL R230,E-CLASS W124,R-CLASS W251, V251,M-CLASS W166,G-CLASS W463,E-CLASS Coupe C207,CLK Cabriolet A208,CLK Cabriolet A209,G-CLASS W460,S-CLASS W140,C-CLASS Coupe C204,COUPE C123,SPRINTER 3,5-t Bus 906,SPRINTER 3-t Kasten 906,SLK R172,S-CLASS W116,E-CLASS Cabriolet A207,S-CLASS Coupe C126,CLC-CLASS CL203,GL-CLASS X164,G-CLASS W461,CLS C218,KOMBI Kombi S123,SPRINTER 3,5-t Pritsche\/Fahrgestell 906,T1 Bus 601,S-CLASS Coupe C215,S-CLASS Coupe C216,SL Coupe C107,T1 Pritsche\/Fahrgestell,CITARO (O 530),CONECTO (O 345),O 303,O 305,O 307,O 404,O 405,O 407,O 408,OH,UNIMOG; OPEL: COMBO Kasten\/Kombi X12,COMBO Tour X12; FIAT: GRANDE PUNTO 199,PUNTO 188,PANDA 169,500 312,STILO 192,BRAVO II 198,PUNTO EVO 199,500 C 312,STILO Multi Wagon 192,DOBLO Kasten\/Kombi 263,PUNTO 199,IDEA,PANDA 312,500L,DOBLO Gro\u00dfraumlimousine 152, 263,LINEA 323,PUNTO Van 199,DOBLO Pritsche\/Fahrgestell 263,PALIO 178BX,500X,TIPO Schr\u00e4gheck 356_,PANDA VAN 312,TIPO Kombi 356_,TIPO Stufenheck 356_,124 Spider 348_; ALFA ROMEO: GIULIETTA 940,MITO 955; JEEP: GRAND CHEROKEE III WH, WK,COMMANDER XK,RENEGADE Gel\u00e4ndewagen geschlossen BU; CHRYSLER: 300 C Touring LX,300 C LX; LANCIA: YPSILON 843,DELTA III 844,MUSA 350,YPSILON 312, 846; ABARTH: 500 \/ 595 312_,500C \/ 595C 312_,PUNTO 199_,124 Spider 348_; VAUXHALL: COMBO Mk III D Kasten\/Kombi; SETRA: Series 400; 234032233, N0138182, N0138183, 037964, 10261060, 06561900703, 000000006035, 007603012102, 2091036, 037964, N0138182, 5000280297, 5000280297, N0138182, N0138183, N0138182, N0138183, 0002724V000000000, 18839, N0138182, N0138183; Tiiviste, \u00d6ljynlaskutulppa<\/p>\n","protected":false},"excerpt":{"rendered":"<p>DT \u00d6ljytulpan Tiiviste 4.20503 Tiiviste, \u00d6ljynlaskutulppa MERCEDES-BENZ,OPEL,FIAT,C-CLASS W203,E-CLASS W211,C-CLASS W204,C-CLASS T-Model S204<\/p>\n","protected":false},"featured_media":0,"template":"","meta":{"site-sidebar-layout":"default","site-content-layout":"default","ast-global-header-display":"","ast-main-header-display":"","ast-hfb-above-header-display":"","ast-hfb-below-header-display":"","ast-hfb-mobile-header-display":"","site-post-title":"","ast-breadcrumbs-content":"","ast-featured-img":"","footer-sml-layout":"","theme-transparent-header-meta":"","adv-header-id-meta":"","stick-header-meta":"","header-above-stick-meta":"","header-main-stick-meta":"","header-below-stick-meta":""},"pwb-brand":[75],"product_cat":[40],"product_tag":[],"class_list":{"0":"post-7432","1":"product","2":"type-product","3":"status-publish","5":"pwb-brand-dt","6":"product_cat-kierretulppa","7":"desktop-align-left","8":"tablet-align-left","9":"mobile-align-left","11":"first","12":"instock","13":"product-type-external"},"brands":[{"id":75,"name":"DT","slug":"dt"}],"_links":{"self":[{"href":"https:\/\/www.autonvaraosahaku.fi\/index.php?rest_route=\/wp\/v2\/product\/7432","targetHints":{"allow":["GET"]}}],"collection":[{"href":"https:\/\/www.autonvaraosahaku.fi\/index.php?rest_route=\/wp\/v2\/product"}],"about":[{"href":"https:\/\/www.autonvaraosahaku.fi\/index.php?rest_route=\/wp\/v2\/types\/product"}],"wp:attachment":[{"href":"https:\/\/www.autonvaraosahaku.fi\/index.php?rest_route=%2Fwp%2Fv2%2Fmedia&parent=7432"}],"wp:term":[{"taxonomy":"pwb-brand","embeddable":true,"href":"https:\/\/www.autonvaraosahaku.fi\/index.php?rest_route=%2Fwp%2Fv2%2Fpwb-brand&post=7432"},{"taxonomy":"product_cat","embeddable":true,"href":"https:\/\/www.autonvaraosahaku.fi\/index.php?rest_route=%2Fwp%2Fv2%2Fproduct_cat&post=7432"},{"taxonomy":"product_tag","embeddable":true,"href":"https:\/\/www.autonvaraosahaku.fi\/index.php?rest_route=%2Fwp%2Fv2%2Fproduct_tag&post=7432"}],"curies":[{"name":"wp","href":"https:\/\/api.w.org\/{rel}","templated":true}]}}