{"id":74352,"date":"2021-02-21T19:33:03","date_gmt":"2021-02-21T19:33:03","guid":{"rendered":"https:\/\/www.autonvaraosahaku.fi\/?product=mahle-original-oc-297-oljynsuodatin"},"modified":"2021-02-21T19:33:06","modified_gmt":"2021-02-21T19:33:06","slug":"mahle-original-oc-297-oljynsuodatin","status":"publish","type":"product","link":"https:\/\/www.autonvaraosahaku.fi\/?product=mahle-original-oc-297-oljynsuodatin","title":{"rendered":"MAHLE ORIGINAL OC 297 \u00d6ljynsuodatin"},"content":{"rendered":"<p>Suodatintyyppi: Ruuvattava suodatin; L\u00e4pimitta [mm]: 102,0; Korkeus (mm): 152,2; Ulkol\u00e4pimitta 2 [mm]: 72,0; Sis\u00e4l\u00e4pimitta 2 [mm]: 65,0; Liitinkierre: M26x1,5; Kiristysmomentti: 25; Suositellun erikoisty\u00f6kalun tuotenumero: -; HYUNDAI: COUNTY,HD LIGHT; MITSUBISHI: PAJERO PININ H6_W, H7_W,PAJERO III V7_W, V6_W,PAJERO IV V8_W, V9_W,L 200 K7_T, K6_T,L 200 KB_T, KA_T,PAJERO II V3_W, V2_W, V4_W,PAJERO IV Van V90, V80,PAJERO SPORT K90,PAJERO CLASSIC V2_W,PAJERO II V3_W,PAJERO III Gel\u00e4ndewagen offen V6_W, V7_W,PAJERO SPORT II KH_, KG_,Canter (FB7, FB8, FE7, FE8) 7.Generation,Canter (FE5, FE6) 6.Generation; 2631145001, 2631145010, 1230A046, 1230A154, F1230A046, F1230A154, ME013307, ME013307V, ME013343, ME088532, ME202472, ME215002, ME227821, QY010015, XE013307, XE013307V<\/p>\n","protected":false},"excerpt":{"rendered":"<p>MAHLE ORIGINAL \u00d6ljynsuodatin OC 297  HYUNDAI,MITSUBISHI,COUNTY,HD LIGHT,PAJERO PININ H6_W, H7_W,PAJERO III V7_W, V6_W,PAJERO IV V8_W, V9_W<\/p>\n","protected":false},"featured_media":0,"template":"","meta":{"site-sidebar-layout":"default","site-content-layout":"default","ast-global-header-display":"","ast-main-header-display":"","ast-hfb-above-header-display":"","ast-hfb-below-header-display":"","ast-hfb-mobile-header-display":"","site-post-title":"","ast-breadcrumbs-content":"","ast-featured-img":"","footer-sml-layout":"","theme-transparent-header-meta":"","adv-header-id-meta":"","stick-header-meta":"","header-above-stick-meta":"","header-main-stick-meta":"","header-below-stick-meta":""},"pwb-brand":[153],"product_cat":[30],"product_tag":[],"class_list":{"0":"post-74352","1":"product","2":"type-product","3":"status-publish","5":"pwb-brand-mahle-original","6":"product_cat-oljynsuodatin","7":"desktop-align-left","8":"tablet-align-left","9":"mobile-align-left","11":"first","12":"instock","13":"product-type-external"},"brands":[{"id":153,"name":"MAHLE ORIGINAL","slug":"mahle-original"}],"_links":{"self":[{"href":"https:\/\/www.autonvaraosahaku.fi\/index.php?rest_route=\/wp\/v2\/product\/74352","targetHints":{"allow":["GET"]}}],"collection":[{"href":"https:\/\/www.autonvaraosahaku.fi\/index.php?rest_route=\/wp\/v2\/product"}],"about":[{"href":"https:\/\/www.autonvaraosahaku.fi\/index.php?rest_route=\/wp\/v2\/types\/product"}],"wp:attachment":[{"href":"https:\/\/www.autonvaraosahaku.fi\/index.php?rest_route=%2Fwp%2Fv2%2Fmedia&parent=74352"}],"wp:term":[{"taxonomy":"pwb-brand","embeddable":true,"href":"https:\/\/www.autonvaraosahaku.fi\/index.php?rest_route=%2Fwp%2Fv2%2Fpwb-brand&post=74352"},{"taxonomy":"product_cat","embeddable":true,"href":"https:\/\/www.autonvaraosahaku.fi\/index.php?rest_route=%2Fwp%2Fv2%2Fproduct_cat&post=74352"},{"taxonomy":"product_tag","embeddable":true,"href":"https:\/\/www.autonvaraosahaku.fi\/index.php?rest_route=%2Fwp%2Fv2%2Fproduct_tag&post=74352"}],"curies":[{"name":"wp","href":"https:\/\/api.w.org\/{rel}","templated":true}]}}