{"id":74361,"date":"2021-02-21T19:33:10","date_gmt":"2021-02-21T19:33:10","guid":{"rendered":"https:\/\/www.autonvaraosahaku.fi\/?product=trw-df6336-jarrulevyt"},"modified":"2021-02-21T19:33:10","modified_gmt":"2021-02-21T19:33:10","slug":"trw-df6336-jarrulevyt","status":"publish","type":"product","link":"https:\/\/www.autonvaraosahaku.fi\/?product=trw-df6336-jarrulevyt","title":{"rendered":"TRW DF6336 Jarrulevyt"},"content":{"rendered":"<p>Jarrulevytyyppi: Tuuletettu; Reikien m\u00e4\u00e4r\u00e4: 5; Ulkol\u00e4pimitta [mm]: 299; keskitt\u00e4misl\u00e4pimitta [mm]: 103; Korkeus (mm): 99,9; Jarrulevyn paksuus (mm): 24; V\u00e4himm\u00e4ispaksuus (mm): 22; Reik\u00e4ympyr\u00e4-\u00d8 [mm]: 130; Rumpul\u00e4pimitta: 180; V\u00e4ri: Musta; Pinta: Lakattu; Asennuspuoli: Hinterachse; PORSCHE: 944,911 964,968,911 Cabriolet 964,944 Cabriolet,968 Cabriolet,911 Targa 964,911 Speedster 964; 95135204102; Jarrulevy<\/p>\n","protected":false},"excerpt":{"rendered":"<p>TRW Jarrulevyt DF6336 Jarrulevy PORSCHE,944,911 964,968,911 Cabriolet 964,944 Cabriolet,968 Cabriolet,911 Targa 964,911 Speedster 964<\/p>\n","protected":false},"featured_media":0,"template":"","meta":{"site-sidebar-layout":"default","site-content-layout":"default","ast-global-header-display":"","ast-main-header-display":"","ast-hfb-above-header-display":"","ast-hfb-below-header-display":"","ast-hfb-mobile-header-display":"","site-post-title":"","ast-breadcrumbs-content":"","ast-featured-img":"","footer-sml-layout":"","theme-transparent-header-meta":"","adv-header-id-meta":"","stick-header-meta":"","header-above-stick-meta":"","header-main-stick-meta":"","header-below-stick-meta":""},"pwb-brand":[332],"product_cat":[66],"product_tag":[],"class_list":{"0":"post-74361","1":"product","2":"type-product","3":"status-publish","5":"pwb-brand-trw","6":"product_cat-jarrulevyt","7":"desktop-align-left","8":"tablet-align-left","9":"mobile-align-left","11":"first","12":"instock","13":"product-type-external"},"brands":[{"id":332,"name":"TRW","slug":"trw"}],"_links":{"self":[{"href":"https:\/\/www.autonvaraosahaku.fi\/index.php?rest_route=\/wp\/v2\/product\/74361","targetHints":{"allow":["GET"]}}],"collection":[{"href":"https:\/\/www.autonvaraosahaku.fi\/index.php?rest_route=\/wp\/v2\/product"}],"about":[{"href":"https:\/\/www.autonvaraosahaku.fi\/index.php?rest_route=\/wp\/v2\/types\/product"}],"wp:attachment":[{"href":"https:\/\/www.autonvaraosahaku.fi\/index.php?rest_route=%2Fwp%2Fv2%2Fmedia&parent=74361"}],"wp:term":[{"taxonomy":"pwb-brand","embeddable":true,"href":"https:\/\/www.autonvaraosahaku.fi\/index.php?rest_route=%2Fwp%2Fv2%2Fpwb-brand&post=74361"},{"taxonomy":"product_cat","embeddable":true,"href":"https:\/\/www.autonvaraosahaku.fi\/index.php?rest_route=%2Fwp%2Fv2%2Fproduct_cat&post=74361"},{"taxonomy":"product_tag","embeddable":true,"href":"https:\/\/www.autonvaraosahaku.fi\/index.php?rest_route=%2Fwp%2Fv2%2Fproduct_tag&post=74361"}],"curies":[{"name":"wp","href":"https:\/\/api.w.org\/{rel}","templated":true}]}}