{"id":74365,"date":"2021-02-21T19:33:10","date_gmt":"2021-02-21T19:33:10","guid":{"rendered":"https:\/\/www.autonvaraosahaku.fi\/?product=mahle-original-oc-237-1-oljynsuodatin"},"modified":"2021-02-21T19:33:11","modified_gmt":"2021-02-21T19:33:11","slug":"mahle-original-oc-237-1-oljynsuodatin","status":"publish","type":"product","link":"https:\/\/www.autonvaraosahaku.fi\/?product=mahle-original-oc-237-1-oljynsuodatin","title":{"rendered":"MAHLE ORIGINAL OC 237\/1 \u00d6ljynsuodatin"},"content":{"rendered":"<p>Suodatintyyppi: Ruuvattava suodatin; L\u00e4pimitta [mm]: 76,0; Korkeus (mm): 93,5; Ulkol\u00e4pimitta 2 [mm]: 72,0; Sis\u00e4l\u00e4pimitta 2 [mm]: 62,0; Liitinkierre: 13\/16-16UNF-2B; Kiristysmomentti: 20; Suositellun erikoisty\u00f6kalun tuotenumero: OCS 1, OCS 1; Paino [g]: 0,75; Korkeus (tuumaa): 3,68; Leveys (tuumaa): 3,09; Pituus (tuumaa): 3,09; Alustanumerosta: BD134455; LAND ROVER: FREELANDER LN,FREELANDER Soft Top,DISCOVERY I LJ, LG; ROVER: 75 RJ,MINI,75 Tourer RJ,25 RF,200 RF,45 Stufenheck RT,600 RH,45 RT,400 RT,CABRIOLET XW,400 Hatchback RT,STREETWISE,2000-3500 Hatchback SD1,800 XS,200 Hatchback XW,MINI Cabriolet XN,200 Coupe XW,800 Hatchback XS,400 Tourer XW,800 Coupe,100 \/ METRO XP,400 XW,100 Cabriolet XP,MONTEGO Estate XE,MAESTRO,COUPE,MONTEGO; MG: MGF RD,MG TF,MG ZR,MG ZS,MG ZS Hatchback,MAESTRO,MG 6 Schr\u00e4gheck,EXPRESS Kasten,MONTEGO; MORGAN: PLUS FOUR; LOTUS: ELISE,ELISE 340 R; AUSTIN: MAESTRO XC,MONTEGO XE,AMBASSADOR,PRINCESS 2; 5005630, 5007165, 5020120, 880X6714AA, A790X6714GA, A800X6714HA, EFL380, 93156863, 9975449, CDU1268, LPW100180, LPW100180L, LPW100230, RTC3172, STC974, CBU1937, CDU1937, ADU7417, ADU9826, AHU2880, CDU1268, GFE280, GFE376, LPW100180, LPW100181, 8671000496, ADU7417, ADU9826, ADU9826EVA, AHU2880, CDU1268, GFE171, GFE280, GFE376, LPW100180, LPW100180L, LPW100181, LPW100230, RTC3172<\/p>\n","protected":false},"excerpt":{"rendered":"<p>MAHLE ORIGINAL \u00d6ljynsuodatin OC 237\/1  LAND ROVER,ROVER,MG,FREELANDER LN,FREELANDER Soft Top,DISCOVERY I LJ, LG,75 RJ,MINI,75 Tourer RJ,25 RF,200 RF<\/p>\n","protected":false},"featured_media":0,"template":"","meta":{"site-sidebar-layout":"default","site-content-layout":"default","ast-global-header-display":"","ast-main-header-display":"","ast-hfb-above-header-display":"","ast-hfb-below-header-display":"","ast-hfb-mobile-header-display":"","site-post-title":"","ast-breadcrumbs-content":"","ast-featured-img":"","footer-sml-layout":"","theme-transparent-header-meta":"","adv-header-id-meta":"","stick-header-meta":"","header-above-stick-meta":"","header-main-stick-meta":"","header-below-stick-meta":""},"pwb-brand":[153],"product_cat":[30],"product_tag":[],"class_list":{"0":"post-74365","1":"product","2":"type-product","3":"status-publish","5":"pwb-brand-mahle-original","6":"product_cat-oljynsuodatin","7":"desktop-align-left","8":"tablet-align-left","9":"mobile-align-left","11":"first","12":"instock","13":"product-type-external"},"brands":[{"id":153,"name":"MAHLE ORIGINAL","slug":"mahle-original"}],"_links":{"self":[{"href":"https:\/\/www.autonvaraosahaku.fi\/index.php?rest_route=\/wp\/v2\/product\/74365","targetHints":{"allow":["GET"]}}],"collection":[{"href":"https:\/\/www.autonvaraosahaku.fi\/index.php?rest_route=\/wp\/v2\/product"}],"about":[{"href":"https:\/\/www.autonvaraosahaku.fi\/index.php?rest_route=\/wp\/v2\/types\/product"}],"wp:attachment":[{"href":"https:\/\/www.autonvaraosahaku.fi\/index.php?rest_route=%2Fwp%2Fv2%2Fmedia&parent=74365"}],"wp:term":[{"taxonomy":"pwb-brand","embeddable":true,"href":"https:\/\/www.autonvaraosahaku.fi\/index.php?rest_route=%2Fwp%2Fv2%2Fpwb-brand&post=74365"},{"taxonomy":"product_cat","embeddable":true,"href":"https:\/\/www.autonvaraosahaku.fi\/index.php?rest_route=%2Fwp%2Fv2%2Fproduct_cat&post=74365"},{"taxonomy":"product_tag","embeddable":true,"href":"https:\/\/www.autonvaraosahaku.fi\/index.php?rest_route=%2Fwp%2Fv2%2Fproduct_tag&post=74365"}],"curies":[{"name":"wp","href":"https:\/\/api.w.org\/{rel}","templated":true}]}}