{"id":7440,"date":"2021-02-21T14:00:13","date_gmt":"2021-02-21T14:00:13","guid":{"rendered":"https:\/\/www.autonvaraosahaku.fi\/?product=meyle-029-350-1416-pyyhkijansulat"},"modified":"2021-02-21T14:00:13","modified_gmt":"2021-02-21T14:00:13","slug":"meyle-029-350-1416-pyyhkijansulat","status":"publish","type":"product","link":"https:\/\/www.autonvaraosahaku.fi\/?product=meyle-029-350-1416-pyyhkijansulat","title":{"rendered":"MEYLE 029 350 1416 Pyyhkij\u00e4nsulat"},"content":{"rendered":"<p>Asennuspuoli: Takana; Pituus (mm): 350; Pituus (tuumaa): 14; Pyyhkij\u00e4nsulkatyyppi: Pyyhkij\u00e4nsulka,perinteinen runko; Varusteet: f\u00fcr Fahrzeuge mit Heckklappe; MAZDA: 3 BK; BMW: X3 E83; ROVER: 75 Tourer RJ; MERCEDES-BENZ: CITAN Kasten 415,CITAN Kombi 415,CITAN Mixto 415; OPEL: ADAM; JAGUAR: X-TYPE Estate; FORD: FOCUS II DA_; SMART: FORFOUR 454; CITRO\u00cbN: C4 Picasso I UD_,C4 Grand Picasso I UA_,C4 Picasso II; PEUGEOT: 206 SW 2E\/K,406 Break 8E\/F; Tuulilasinpyyhkimet,Pyyhkij\u00e4t,Pyyhkij\u00e4nsulka<\/p>\n","protected":false},"excerpt":{"rendered":"<p>MEYLE Pyyhkij\u00e4nsulat 029 350 1416 Tuulilasinpyyhkimet,Pyyhkij\u00e4t MAZDA,BMW,ROVER,3 BK,X3 E83,75 Tourer RJ,CITAN Kasten 415,CITAN Kombi 415<\/p>\n","protected":false},"featured_media":0,"template":"","meta":{"site-sidebar-layout":"default","site-content-layout":"default","ast-global-header-display":"","ast-main-header-display":"","ast-hfb-above-header-display":"","ast-hfb-below-header-display":"","ast-hfb-mobile-header-display":"","site-post-title":"","ast-breadcrumbs-content":"","ast-featured-img":"","footer-sml-layout":"","theme-transparent-header-meta":"","adv-header-id-meta":"","stick-header-meta":"","header-above-stick-meta":"","header-main-stick-meta":"","header-below-stick-meta":""},"pwb-brand":[84],"product_cat":[33],"product_tag":[],"class_list":{"0":"post-7440","1":"product","2":"type-product","3":"status-publish","5":"pwb-brand-meyle","6":"product_cat-pyyhkijansulat","7":"desktop-align-left","8":"tablet-align-left","9":"mobile-align-left","11":"first","12":"instock","13":"product-type-external"},"brands":[{"id":84,"name":"MEYLE","slug":"meyle"}],"_links":{"self":[{"href":"https:\/\/www.autonvaraosahaku.fi\/index.php?rest_route=\/wp\/v2\/product\/7440","targetHints":{"allow":["GET"]}}],"collection":[{"href":"https:\/\/www.autonvaraosahaku.fi\/index.php?rest_route=\/wp\/v2\/product"}],"about":[{"href":"https:\/\/www.autonvaraosahaku.fi\/index.php?rest_route=\/wp\/v2\/types\/product"}],"wp:attachment":[{"href":"https:\/\/www.autonvaraosahaku.fi\/index.php?rest_route=%2Fwp%2Fv2%2Fmedia&parent=7440"}],"wp:term":[{"taxonomy":"pwb-brand","embeddable":true,"href":"https:\/\/www.autonvaraosahaku.fi\/index.php?rest_route=%2Fwp%2Fv2%2Fpwb-brand&post=7440"},{"taxonomy":"product_cat","embeddable":true,"href":"https:\/\/www.autonvaraosahaku.fi\/index.php?rest_route=%2Fwp%2Fv2%2Fproduct_cat&post=7440"},{"taxonomy":"product_tag","embeddable":true,"href":"https:\/\/www.autonvaraosahaku.fi\/index.php?rest_route=%2Fwp%2Fv2%2Fproduct_tag&post=7440"}],"curies":[{"name":"wp","href":"https:\/\/api.w.org\/{rel}","templated":true}]}}