{"id":74400,"date":"2021-02-21T19:33:24","date_gmt":"2021-02-21T19:33:24","guid":{"rendered":"https:\/\/www.autonvaraosahaku.fi\/?product=calorstat-by-vernet-th5971-82j-termostaatti"},"modified":"2021-02-21T19:33:25","modified_gmt":"2021-02-21T19:33:25","slug":"calorstat-by-vernet-th5971-82j-termostaatti","status":"publish","type":"product","link":"https:\/\/www.autonvaraosahaku.fi\/?product=calorstat-by-vernet-th5971-82j-termostaatti","title":{"rendered":"CALORSTAT by Vernet TH5971.82J Termostaatti"},"content":{"rendered":"<p>Avausl\u00e4mp\u00f6tila [\u00b0C]: 82; Lis\u00e4tarvike\/lis\u00e4tieto: Tiivisteill\u00e4; L\u00e4pimitta 1 [mm]: 54,0; Korkeus 1 (mm): 24,5; Valmistusvuosi alkaen: 04\/1993; NISSAN: MICRA II K11,NAVARA D22,200 SX S13,PICK UP D21,280 ZX,ZXT HGS130,PATROL Hardtop K260,SUNNY II Coupe B12,VANETTE Bus C22,SUNNY II Hatchback N13,NAVARA Pick-up D21,SILVIA S12,BLUEBIRD T72 , T12,LAUREL JC32,PICK UP 720,BLUEBIRD Hatchback T72, T12,SUNNY II N13,BLUEBIRD Station Wagon WU11,PRAIRIE PRO M11,BLUEBIRD U11,PRAIRIE M10, NM10,SUNNY II Traveller B12,CHERRY E10 I,VANETTE Kasten C22,CHERRY III N12,URVAN Bus E24,DATSUN 100 A E10, BLF10,URVAN Kasten E23,SUNNY I B11,CHERRY II Coupe N10,DATSUN 120 Y Coupe KB 210,BLUEBIRD 910,LAUREL HLC230,SUNNY I Coupe B11,CHERRY II Hatchback N10,DATSUN 120,SUNNY 140Y, 150Y,URVAN Kasten E24,VANETTE Bus KC120,PATHFINDER,URVAN Bus E23,SUNNY I Traveller B11,BLUEBIRD B610,DATSUN 160 J 710, A10,BLUEBIRD Traveller W910,DATSUN 140 Y Kombi HLB310,BLUEBIRD Stufenheck 910,DATSUN 140 J 710,VANETTE Kasten C120,STANZA Hatchback T11,DATSUN 100 A Kombi WBLF10,STANZA T11,CHERRY II Traveller VN10,SILVIA S110,CABSTAR Pritsche\/Fahrgestell F22, H; OPEL: CAMPO TF_,MONTEREY A UBS_; SUBARU: XT Coupe XT,LEONE II Station Wagon,LEONE II,LEONE I Hatchback,MV AS_,LEONE I Station Wagon,LEONE Schr\u00e4gheck,LEONE I AB; VAUXHALL: MONTEREY,BRAVA Pick-up; ISUZU: TROOPER Soft Top UBS,TROOPER UB,MIDI Bus 94000, 98000,MIDI Kasten 98000N,TROOPER Soft Top UB,MIDI Van 94000, 98000,PIAZZA JR_; 94336069, 13770051, 8943360690, 8970942830, 212002H600, 2120041B00, 2120041B0A, 2120085G00, 21200A3001, 21200A3005, 21200H7800, 21200P7900, 21200P7901, 21200P7990, 21200V0100, 21200V0201, 1338077, 4304369, 8943360690, 21200AA010, 417537000, 417537100, 417537200, 417537300, 94336069, 97094283; Termostaatti, J\u00e4\u00e4hdytysneste<\/p>\n","protected":false},"excerpt":{"rendered":"<p>CALORSTAT by Vernet Termostaatti TH5971.82J Termostaatti, J\u00e4\u00e4hdytysneste NISSAN,OPEL,SUBARU,MICRA II K11,NAVARA D22,200 SX S13,PICK UP D21<\/p>\n","protected":false},"featured_media":0,"template":"","meta":{"site-sidebar-layout":"default","site-content-layout":"default","ast-global-header-display":"","ast-main-header-display":"","ast-hfb-above-header-display":"","ast-hfb-below-header-display":"","ast-hfb-mobile-header-display":"","site-post-title":"","ast-breadcrumbs-content":"","ast-featured-img":"","footer-sml-layout":"","theme-transparent-header-meta":"","adv-header-id-meta":"","stick-header-meta":"","header-above-stick-meta":"","header-main-stick-meta":"","header-below-stick-meta":""},"pwb-brand":[343],"product_cat":[174],"product_tag":[],"class_list":{"0":"post-74400","1":"product","2":"type-product","3":"status-publish","5":"pwb-brand-calorstat-by-vernet","6":"product_cat-termostaatti","7":"desktop-align-left","8":"tablet-align-left","9":"mobile-align-left","11":"first","12":"instock","13":"product-type-external"},"brands":[{"id":343,"name":"CALORSTAT by Vernet","slug":"calorstat-by-vernet"}],"_links":{"self":[{"href":"https:\/\/www.autonvaraosahaku.fi\/index.php?rest_route=\/wp\/v2\/product\/74400","targetHints":{"allow":["GET"]}}],"collection":[{"href":"https:\/\/www.autonvaraosahaku.fi\/index.php?rest_route=\/wp\/v2\/product"}],"about":[{"href":"https:\/\/www.autonvaraosahaku.fi\/index.php?rest_route=\/wp\/v2\/types\/product"}],"wp:attachment":[{"href":"https:\/\/www.autonvaraosahaku.fi\/index.php?rest_route=%2Fwp%2Fv2%2Fmedia&parent=74400"}],"wp:term":[{"taxonomy":"pwb-brand","embeddable":true,"href":"https:\/\/www.autonvaraosahaku.fi\/index.php?rest_route=%2Fwp%2Fv2%2Fpwb-brand&post=74400"},{"taxonomy":"product_cat","embeddable":true,"href":"https:\/\/www.autonvaraosahaku.fi\/index.php?rest_route=%2Fwp%2Fv2%2Fproduct_cat&post=74400"},{"taxonomy":"product_tag","embeddable":true,"href":"https:\/\/www.autonvaraosahaku.fi\/index.php?rest_route=%2Fwp%2Fv2%2Fproduct_tag&post=74400"}],"curies":[{"name":"wp","href":"https:\/\/api.w.org\/{rel}","templated":true}]}}