{"id":74407,"date":"2021-02-21T19:33:24","date_gmt":"2021-02-21T19:33:24","guid":{"rendered":"https:\/\/www.autonvaraosahaku.fi\/?product=sasic-2150002-kampiakselin-hihnapyora"},"modified":"2021-02-21T19:33:27","modified_gmt":"2021-02-21T19:33:27","slug":"sasic-2150002-kampiakselin-hihnapyora","status":"publish","type":"product","link":"https:\/\/www.autonvaraosahaku.fi\/?product=sasic-2150002-kampiakselin-hihnapyora","title":{"rendered":"SASIC 2150002 Kampiakselin hihnapy\u00f6r\u00e4"},"content":{"rendered":"<p>L\u00e4pimitta [mm]: 153; kiiloja: 6; OE-numerolle: 0515S4; Moottorinumero: DW8B; CITRO\u00cbN: BERLINGO MF,C8 EA_, EB_,C4 I LC_,BERLINGO Kasten M_,C5 I DC_,C5 I Break DE_,JUMPY U6U,JUMPY Kasten BS_, BT_, BY_, BZ_,JUMPY Pritsche\/Fahrgestell BU_, BV_, BW_, BX_; PEUGEOT: 206 Schr\u00e4gheck 2A\/C,307 SW 3H,307 3A\/C,206 SW 2E\/K,807 E,307 Break 3E,607 9D, 9U,406 Break 8E\/F,PARTNER Combispace 5F,PARTNER Kasten 5,406 8B,EXPERT Kasten 222,EXPERT 224,EXPERT Pritsche\/Fahrgestell 223,PARTNER Pritsche\/Fahrgestell; 0515S4, 0515S4; Hihnapy\u00f6r\u00e4, Kampiakseli<\/p>\n","protected":false},"excerpt":{"rendered":"<p>SASIC Kampiakselin Hihnapy\u00f6r\u00e4 2150002 Hihnapy\u00f6r\u00e4, Kampiakseli CITRO\u00cbN,PEUGEOT,BERLINGO MF,C8 EA_, EB_,C4 I LC_,BERLINGO Kasten M_,C5 I DC_<\/p>\n","protected":false},"featured_media":0,"template":"","meta":{"site-sidebar-layout":"default","site-content-layout":"default","ast-global-header-display":"","ast-main-header-display":"","ast-hfb-above-header-display":"","ast-hfb-below-header-display":"","ast-hfb-mobile-header-display":"","site-post-title":"","ast-breadcrumbs-content":"","ast-featured-img":"","footer-sml-layout":"","theme-transparent-header-meta":"","adv-header-id-meta":"","stick-header-meta":"","header-above-stick-meta":"","header-main-stick-meta":"","header-below-stick-meta":""},"pwb-brand":[110],"product_cat":[219],"product_tag":[],"class_list":{"0":"post-74407","1":"product","2":"type-product","3":"status-publish","5":"pwb-brand-sasic","6":"product_cat-kampiakselin-hihnapyora","7":"desktop-align-left","8":"tablet-align-left","9":"mobile-align-left","11":"first","12":"instock","13":"product-type-external"},"brands":[{"id":110,"name":"SASIC","slug":"sasic"}],"_links":{"self":[{"href":"https:\/\/www.autonvaraosahaku.fi\/index.php?rest_route=\/wp\/v2\/product\/74407","targetHints":{"allow":["GET"]}}],"collection":[{"href":"https:\/\/www.autonvaraosahaku.fi\/index.php?rest_route=\/wp\/v2\/product"}],"about":[{"href":"https:\/\/www.autonvaraosahaku.fi\/index.php?rest_route=\/wp\/v2\/types\/product"}],"wp:attachment":[{"href":"https:\/\/www.autonvaraosahaku.fi\/index.php?rest_route=%2Fwp%2Fv2%2Fmedia&parent=74407"}],"wp:term":[{"taxonomy":"pwb-brand","embeddable":true,"href":"https:\/\/www.autonvaraosahaku.fi\/index.php?rest_route=%2Fwp%2Fv2%2Fpwb-brand&post=74407"},{"taxonomy":"product_cat","embeddable":true,"href":"https:\/\/www.autonvaraosahaku.fi\/index.php?rest_route=%2Fwp%2Fv2%2Fproduct_cat&post=74407"},{"taxonomy":"product_tag","embeddable":true,"href":"https:\/\/www.autonvaraosahaku.fi\/index.php?rest_route=%2Fwp%2Fv2%2Fproduct_tag&post=74407"}],"curies":[{"name":"wp","href":"https:\/\/api.w.org\/{rel}","templated":true}]}}