{"id":74426,"date":"2021-02-21T19:33:31","date_gmt":"2021-02-21T19:33:31","guid":{"rendered":"https:\/\/www.autonvaraosahaku.fi\/?product=topran-103-504-hammastangon-suojakumi"},"modified":"2021-02-21T19:33:34","modified_gmt":"2021-02-21T19:33:34","slug":"topran-103-504-hammastangon-suojakumi","status":"publish","type":"product","link":"https:\/\/www.autonvaraosahaku.fi\/?product=topran-103-504-hammastangon-suojakumi","title":{"rendered":"TOPRAN 103 504 Hammastangon suojakumi"},"content":{"rendered":"<p>Asennuspuoli: Molemminpuolin; Varusteet: Autoihin, joissa ohjaustehostin; Valmistaja rajaus: ZF; Lukum\u00e4\u00e4r\u00e4 akselille: 2; Sis\u00e4l\u00e4pimitta 1 [mm]: 13; Sis\u00e4l\u00e4pimitta 2 [mm]: 45; Korkeus (mm): 138; Paljekumin materiaali: Kumi; Valmistusvuosi alkaen: 08\/1989; VW: GOLF III 1H1,GOLF II 19E, 1G1,PASSAT Variant 3A5, 35I,GOLF III Variant 1H5,PASSAT 3A2, 35I,VENTO 1H2,JETTA II 19E, 1G2, 165; 357422831B; Paljekumi, Ohjaus<\/p>\n","protected":false},"excerpt":{"rendered":"<p>TOPRAN Hammastangon Suojakumi 103 504 Paljekumi, Ohjaus VW,GOLF III 1H1,GOLF II 19E, 1G1,PASSAT Variant 3A5, 35I,GOLF III Variant 1H5,PASSAT 3A2, 35I<\/p>\n","protected":false},"featured_media":0,"template":"","meta":{"site-sidebar-layout":"default","site-content-layout":"default","ast-global-header-display":"","ast-main-header-display":"","ast-hfb-above-header-display":"","ast-hfb-below-header-display":"","ast-hfb-mobile-header-display":"","site-post-title":"","ast-breadcrumbs-content":"","ast-featured-img":"","footer-sml-layout":"","theme-transparent-header-meta":"","adv-header-id-meta":"","stick-header-meta":"","header-above-stick-meta":"","header-main-stick-meta":"","header-below-stick-meta":""},"pwb-brand":[18],"product_cat":[81],"product_tag":[],"class_list":{"0":"post-74426","1":"product","2":"type-product","3":"status-publish","5":"pwb-brand-topran","6":"product_cat-hammastangon-suojakumi","7":"desktop-align-left","8":"tablet-align-left","9":"mobile-align-left","11":"first","12":"instock","13":"product-type-external"},"brands":[{"id":18,"name":"TOPRAN","slug":"topran"}],"_links":{"self":[{"href":"https:\/\/www.autonvaraosahaku.fi\/index.php?rest_route=\/wp\/v2\/product\/74426","targetHints":{"allow":["GET"]}}],"collection":[{"href":"https:\/\/www.autonvaraosahaku.fi\/index.php?rest_route=\/wp\/v2\/product"}],"about":[{"href":"https:\/\/www.autonvaraosahaku.fi\/index.php?rest_route=\/wp\/v2\/types\/product"}],"wp:attachment":[{"href":"https:\/\/www.autonvaraosahaku.fi\/index.php?rest_route=%2Fwp%2Fv2%2Fmedia&parent=74426"}],"wp:term":[{"taxonomy":"pwb-brand","embeddable":true,"href":"https:\/\/www.autonvaraosahaku.fi\/index.php?rest_route=%2Fwp%2Fv2%2Fpwb-brand&post=74426"},{"taxonomy":"product_cat","embeddable":true,"href":"https:\/\/www.autonvaraosahaku.fi\/index.php?rest_route=%2Fwp%2Fv2%2Fproduct_cat&post=74426"},{"taxonomy":"product_tag","embeddable":true,"href":"https:\/\/www.autonvaraosahaku.fi\/index.php?rest_route=%2Fwp%2Fv2%2Fproduct_tag&post=74426"}],"curies":[{"name":"wp","href":"https:\/\/api.w.org\/{rel}","templated":true}]}}