{"id":74432,"date":"2021-02-21T19:33:31","date_gmt":"2021-02-21T19:33:31","guid":{"rendered":"https:\/\/www.autonvaraosahaku.fi\/?product=prasco-cn6281-lammityslaitteen-kenno"},"modified":"2021-02-21T19:33:36","modified_gmt":"2021-02-21T19:33:36","slug":"prasco-cn6281-lammityslaitteen-kenno","status":"publish","type":"product","link":"https:\/\/www.autonvaraosahaku.fi\/?product=prasco-cn6281-lammityslaitteen-kenno","title":{"rendered":"PRASCO CN6281 L\u00e4mmityslaitteen kenno"},"content":{"rendered":"<p>Valmistaja rajaus: Valeo; Materiaali: Alumiini; Sis\u00e4\u00e4ntulol\u00e4pimitta [mm]: 16,2; Ulostulon l\u00e4pimitta [mm]: 16,2; J\u00e4\u00e4hdytintyyppi: J\u00e4\u00e4hdytysrivat juotetut; Verkon pituus [mm]: 170; Verkon leveys [mm]: 229; Verkon syvyys [mm]: 26; Varusteet: f\u00fcr Fahrzeuge ohne elektr. Zusatzheizung; CITRO\u00cbN: C3 Picasso; PEUGEOT: 308 SW,308 4A_, 4C_,RCZ,308 CC; 6448S4, 6448S4, 6448V6; L\u00e4mmityskenno<\/p>\n","protected":false},"excerpt":{"rendered":"<p>PRASCO L\u00e4mmityslaitteen Kenno CN6281 L\u00e4mmityskenno CITRO\u00cbN,PEUGEOT,C3 Picasso,308 SW,308 4A_, 4C_,RCZ,308 CC<\/p>\n","protected":false},"featured_media":0,"template":"","meta":{"site-sidebar-layout":"default","site-content-layout":"default","ast-global-header-display":"","ast-main-header-display":"","ast-hfb-above-header-display":"","ast-hfb-below-header-display":"","ast-hfb-mobile-header-display":"","site-post-title":"","ast-breadcrumbs-content":"","ast-featured-img":"","footer-sml-layout":"","theme-transparent-header-meta":"","adv-header-id-meta":"","stick-header-meta":"","header-above-stick-meta":"","header-main-stick-meta":"","header-below-stick-meta":""},"pwb-brand":[406],"product_cat":[292],"product_tag":[],"class_list":{"0":"post-74432","1":"product","2":"type-product","3":"status-publish","5":"pwb-brand-prasco","6":"product_cat-lammityslaitteen-kenno","7":"desktop-align-left","8":"tablet-align-left","9":"mobile-align-left","11":"first","12":"instock","13":"product-type-external"},"brands":[{"id":406,"name":"PRASCO","slug":"prasco"}],"_links":{"self":[{"href":"https:\/\/www.autonvaraosahaku.fi\/index.php?rest_route=\/wp\/v2\/product\/74432","targetHints":{"allow":["GET"]}}],"collection":[{"href":"https:\/\/www.autonvaraosahaku.fi\/index.php?rest_route=\/wp\/v2\/product"}],"about":[{"href":"https:\/\/www.autonvaraosahaku.fi\/index.php?rest_route=\/wp\/v2\/types\/product"}],"wp:attachment":[{"href":"https:\/\/www.autonvaraosahaku.fi\/index.php?rest_route=%2Fwp%2Fv2%2Fmedia&parent=74432"}],"wp:term":[{"taxonomy":"pwb-brand","embeddable":true,"href":"https:\/\/www.autonvaraosahaku.fi\/index.php?rest_route=%2Fwp%2Fv2%2Fpwb-brand&post=74432"},{"taxonomy":"product_cat","embeddable":true,"href":"https:\/\/www.autonvaraosahaku.fi\/index.php?rest_route=%2Fwp%2Fv2%2Fproduct_cat&post=74432"},{"taxonomy":"product_tag","embeddable":true,"href":"https:\/\/www.autonvaraosahaku.fi\/index.php?rest_route=%2Fwp%2Fv2%2Fproduct_tag&post=74432"}],"curies":[{"name":"wp","href":"https:\/\/api.w.org\/{rel}","templated":true}]}}