{"id":74436,"date":"2021-02-21T19:33:31","date_gmt":"2021-02-21T19:33:31","guid":{"rendered":"https:\/\/www.autonvaraosahaku.fi\/?product=monroe-v2131-iskunvaimennin"},"modified":"2021-02-21T19:33:37","modified_gmt":"2021-02-21T19:33:37","slug":"monroe-v2131-iskunvaimennin","status":"publish","type":"product","link":"https:\/\/www.autonvaraosahaku.fi\/?product=monroe-v2131-iskunvaimennin","title":{"rendered":"MONROE V2131 Iskunvaimennin"},"content":{"rendered":"<p>Iskunvaimennin tyyppi: \u00d6ljypaine; Iskunvaimennusj\u00e4rjestelm\u00e4: Kaksiputki; Iskunvaimennin asennustapa: Silmukka ylh\u00e4\u00e4ll\u00e4, Silmukka alhaalla; Paino [kg]: 2,500; Reik\u00e4-\u00d8 [mm]: 35; suurin pituus [mm]: 475; v\u00e4h. pituus [mm]: 315; Pakkauspituus [cm]: 60; Pakkausleveys [cm]: 7,2; Pakkauskorkeus [mm]: 7,2; Tullitariffinumero: 87088035; Tappil\u00e4pimitta [mm]: 15,8; Teknisten tietojen numero: A=315mm, B=476mm; 5206KG, 5206LS, 5206LT, 5206LX, 5206LY, 5206PF, 5206PG, 5206TT, 5206TW, 5206VA, 5206VH, 1355822080, 1355824080, 1355826080, 1356866080, 1356966080, 1357401080, 1357763080, 1361278080, 1362549080, 1362551080, 1362554080, 1362578080, 1362579080, 5206KG, 5206LS, 5206LX, 5206PF, 5206TT, 5206TW, 5206VA, 5206VH; Iskarit,Iskunvaimennin<\/p>\n","protected":false},"excerpt":{"rendered":"<p>MONROE Iskunvaimentimet VAN-MAGNUM V2131 Iskarit,Iskunvaimennin<\/p>\n","protected":false},"featured_media":0,"template":"","meta":{"site-sidebar-layout":"default","site-content-layout":"default","ast-global-header-display":"","ast-main-header-display":"","ast-hfb-above-header-display":"","ast-hfb-below-header-display":"","ast-hfb-mobile-header-display":"","site-post-title":"","ast-breadcrumbs-content":"","ast-featured-img":"","footer-sml-layout":"","theme-transparent-header-meta":"","adv-header-id-meta":"","stick-header-meta":"","header-above-stick-meta":"","header-main-stick-meta":"","header-below-stick-meta":""},"pwb-brand":[79],"product_cat":[80],"product_tag":[],"class_list":{"0":"post-74436","1":"product","2":"type-product","3":"status-publish","5":"pwb-brand-monroe","6":"product_cat-iskunvaimennin","7":"desktop-align-left","8":"tablet-align-left","9":"mobile-align-left","11":"first","12":"instock","13":"product-type-external"},"brands":[{"id":79,"name":"MONROE","slug":"monroe"}],"_links":{"self":[{"href":"https:\/\/www.autonvaraosahaku.fi\/index.php?rest_route=\/wp\/v2\/product\/74436","targetHints":{"allow":["GET"]}}],"collection":[{"href":"https:\/\/www.autonvaraosahaku.fi\/index.php?rest_route=\/wp\/v2\/product"}],"about":[{"href":"https:\/\/www.autonvaraosahaku.fi\/index.php?rest_route=\/wp\/v2\/types\/product"}],"wp:attachment":[{"href":"https:\/\/www.autonvaraosahaku.fi\/index.php?rest_route=%2Fwp%2Fv2%2Fmedia&parent=74436"}],"wp:term":[{"taxonomy":"pwb-brand","embeddable":true,"href":"https:\/\/www.autonvaraosahaku.fi\/index.php?rest_route=%2Fwp%2Fv2%2Fpwb-brand&post=74436"},{"taxonomy":"product_cat","embeddable":true,"href":"https:\/\/www.autonvaraosahaku.fi\/index.php?rest_route=%2Fwp%2Fv2%2Fproduct_cat&post=74436"},{"taxonomy":"product_tag","embeddable":true,"href":"https:\/\/www.autonvaraosahaku.fi\/index.php?rest_route=%2Fwp%2Fv2%2Fproduct_tag&post=74436"}],"curies":[{"name":"wp","href":"https:\/\/api.w.org\/{rel}","templated":true}]}}