{"id":74437,"date":"2021-02-21T19:33:31","date_gmt":"2021-02-21T19:33:31","guid":{"rendered":"https:\/\/www.autonvaraosahaku.fi\/?product=corteco-19036882b-kampiakselin-tiiviste"},"modified":"2021-02-21T19:33:38","modified_gmt":"2021-02-21T19:33:38","slug":"corteco-19036882b-kampiakselin-tiiviste","status":"publish","type":"product","link":"https:\/\/www.autonvaraosahaku.fi\/?product=corteco-19036882b-kampiakselin-tiiviste","title":{"rendered":"CORTECO 19036882B Kampiakselin tiiviste"},"content":{"rendered":"<p>Asennuspuoli: Vaihteiston puoli; Sis\u00e4l\u00e4pimitta 1 [mm]: 96; Ulkol\u00e4pimitta 1 [mm]: 114; Korkeus 1 (mm): 9; Materiaali: FPM (fluori-kumi); Suojavaippa: Suojakumilla; Rihlamalli: Vasen kierre; Moottorinumero: OM 651.924; MERCEDES-BENZ: C-CLASS W204,C-CLASS T-Model S204,E-CLASS W212,VIANO W639,B-CLASS W246, W242,E-CLASS T-Model S212,GLK-CLASS X204,VITO Bus W639,A-CLASS W176,VITO \/ MIXTO Kasten W639,SPRINTER 3,5-t Kasten 906,S-CLASS W221,M-CLASS W166,E-CLASS Coupe C207,CLA Coupe C117,C-CLASS Coupe C204,SPRINTER 3,5-t Bus 906,SPRINTER 3-t Kasten 906,SLK R172,E-CLASS Cabriolet A207,CLS C218,SPRINTER 3,5-t Pritsche\/Fahrgestell 906,SPRINTER 3-t Bus 906,CLS Shooting Brake X218,S-CLASS W222, V222, X222,SPRINTER 5-t Kasten 906,SPRINTER 5-t Pritsche\/Fahrgestell 906,SPRINTER 3-t Pritsche\/Fahrgestell 906,SPRINTER 4,6-t Pritsche\/Fahrgestell 906,C-CLASS T-Model S205,SPRINTER 4,6-t Kasten 906,C-CLASS W205,V-CLASS W447,SPRINTER 4,6-t Bus,SPRINTER 5-t Bus,GLA-CLASS X156,VITO Tourer W447,CLA Shooting Brake X117,GLC X253,VITO Kasten W447,GLE W166,VITO Mixto W447; CITRO\u00cbN: BX Break XB-_; 0149972546; Akselitiiviste, Kampiakseli<\/p>\n","protected":false},"excerpt":{"rendered":"<p>CORTECO Kampiakselin Tiiviste 19036882B Akselitiiviste, Kampiakseli MERCEDES-BENZ,CITRO\u00cbN,C-CLASS W204,C-CLASS T-Model S204,E-CLASS W212,VIANO W639<\/p>\n","protected":false},"featured_media":0,"template":"","meta":{"site-sidebar-layout":"default","site-content-layout":"default","ast-global-header-display":"","ast-main-header-display":"","ast-hfb-above-header-display":"","ast-hfb-below-header-display":"","ast-hfb-mobile-header-display":"","site-post-title":"","ast-breadcrumbs-content":"","ast-featured-img":"","footer-sml-layout":"","theme-transparent-header-meta":"","adv-header-id-meta":"","stick-header-meta":"","header-above-stick-meta":"","header-main-stick-meta":"","header-below-stick-meta":""},"pwb-brand":[53],"product_cat":[88],"product_tag":[],"class_list":{"0":"post-74437","1":"product","2":"type-product","3":"status-publish","5":"pwb-brand-corteco","6":"product_cat-kampiakselin-tiiviste","7":"desktop-align-left","8":"tablet-align-left","9":"mobile-align-left","11":"first","12":"instock","13":"product-type-external"},"brands":[{"id":53,"name":"CORTECO","slug":"corteco"}],"_links":{"self":[{"href":"https:\/\/www.autonvaraosahaku.fi\/index.php?rest_route=\/wp\/v2\/product\/74437","targetHints":{"allow":["GET"]}}],"collection":[{"href":"https:\/\/www.autonvaraosahaku.fi\/index.php?rest_route=\/wp\/v2\/product"}],"about":[{"href":"https:\/\/www.autonvaraosahaku.fi\/index.php?rest_route=\/wp\/v2\/types\/product"}],"wp:attachment":[{"href":"https:\/\/www.autonvaraosahaku.fi\/index.php?rest_route=%2Fwp%2Fv2%2Fmedia&parent=74437"}],"wp:term":[{"taxonomy":"pwb-brand","embeddable":true,"href":"https:\/\/www.autonvaraosahaku.fi\/index.php?rest_route=%2Fwp%2Fv2%2Fpwb-brand&post=74437"},{"taxonomy":"product_cat","embeddable":true,"href":"https:\/\/www.autonvaraosahaku.fi\/index.php?rest_route=%2Fwp%2Fv2%2Fproduct_cat&post=74437"},{"taxonomy":"product_tag","embeddable":true,"href":"https:\/\/www.autonvaraosahaku.fi\/index.php?rest_route=%2Fwp%2Fv2%2Fproduct_tag&post=74437"}],"curies":[{"name":"wp","href":"https:\/\/api.w.org\/{rel}","templated":true}]}}