{"id":74444,"date":"2021-02-21T19:33:39","date_gmt":"2021-02-21T19:33:39","guid":{"rendered":"https:\/\/www.autonvaraosahaku.fi\/?product=meyle-514-710-0014-tukivarren-hela"},"modified":"2021-02-21T19:33:41","modified_gmt":"2021-02-21T19:33:41","slug":"meyle-514-710-0014-tukivarren-hela","status":"publish","type":"product","link":"https:\/\/www.autonvaraosahaku.fi\/?product=meyle-514-710-0014-tukivarren-hela","title":{"rendered":"MEYLE 514 710 0014 Tukivarren hela"},"content":{"rendered":"<p>Asennuspuoli: Taka-akseli, vasen; Ulkol\u00e4pimitta [mm]: 90; parilliset tuotenumerot: 514 710 0015; lis\u00e4tieto: ORIGINAL Quality; Varusteet: f\u00fcr Fahrzeuge ohne Niveauregulierung; VOLVO: XC60,V70 III BW,V60,XC70 II,S80 II AS,S60 II; FORD: MONDEO IV Turnier BA7,S-MAX WA6,GALAXY WA6,MONDEO IV BA7,MONDEO IV Stufenheck BA7; 1377409, 1377410, 1381438, 1381439, 1385597, 1385598, 1425851, 1425852, 1428820, 1428822, 1460464, 1460468, 1462032, 1462033, 1466174, 1466175, 1468194, 1468195, 1477809, 1477810, 1493626, 1493627, 1496728, 1504892, 1510965, 1566837, 1566838, 1566839, 1566841, 1839442, 1839444, 1865033, 6G915A969FAG, 6G915A969FCA, 6G915A969FCB, 6G915A969FCC, 6G915A969FCD, 6G915A969FCE, 6G915A969FCF, 6G915A969FCG, 6G915A969FCH, 6G915A969FCJ, 6G915A969FEB, 6G915A969FNA, 6G915A969FNB, 6G915A969FNC, 6G915A969FND, 6G915A969FNE, 6G915A969FNF, 6G915A969FNG, 6G915A969FNH, 6G915A969FNJ, 6G915K896AA, 31387280, 31406337, 31476221<\/p>\n","protected":false},"excerpt":{"rendered":"<p>MEYLE Tukivarren Hela 514 710 0014  VOLVO,FORD,XC60,V70 III BW,V60,XC70 II,S80 II AS,S60 II,MONDEO IV Turnier BA7,S-MAX WA6,GALAXY WA6,MONDEO IV BA7<\/p>\n","protected":false},"featured_media":0,"template":"","meta":{"site-sidebar-layout":"default","site-content-layout":"default","ast-global-header-display":"","ast-main-header-display":"","ast-hfb-above-header-display":"","ast-hfb-below-header-display":"","ast-hfb-mobile-header-display":"","site-post-title":"","ast-breadcrumbs-content":"","ast-featured-img":"","footer-sml-layout":"","theme-transparent-header-meta":"","adv-header-id-meta":"","stick-header-meta":"","header-above-stick-meta":"","header-main-stick-meta":"","header-below-stick-meta":""},"pwb-brand":[84],"product_cat":[115],"product_tag":[],"class_list":{"0":"post-74444","1":"product","2":"type-product","3":"status-publish","5":"pwb-brand-meyle","6":"product_cat-tukivarren-hela","7":"desktop-align-left","8":"tablet-align-left","9":"mobile-align-left","11":"first","12":"instock","13":"product-type-external"},"brands":[{"id":84,"name":"MEYLE","slug":"meyle"}],"_links":{"self":[{"href":"https:\/\/www.autonvaraosahaku.fi\/index.php?rest_route=\/wp\/v2\/product\/74444","targetHints":{"allow":["GET"]}}],"collection":[{"href":"https:\/\/www.autonvaraosahaku.fi\/index.php?rest_route=\/wp\/v2\/product"}],"about":[{"href":"https:\/\/www.autonvaraosahaku.fi\/index.php?rest_route=\/wp\/v2\/types\/product"}],"wp:attachment":[{"href":"https:\/\/www.autonvaraosahaku.fi\/index.php?rest_route=%2Fwp%2Fv2%2Fmedia&parent=74444"}],"wp:term":[{"taxonomy":"pwb-brand","embeddable":true,"href":"https:\/\/www.autonvaraosahaku.fi\/index.php?rest_route=%2Fwp%2Fv2%2Fpwb-brand&post=74444"},{"taxonomy":"product_cat","embeddable":true,"href":"https:\/\/www.autonvaraosahaku.fi\/index.php?rest_route=%2Fwp%2Fv2%2Fproduct_cat&post=74444"},{"taxonomy":"product_tag","embeddable":true,"href":"https:\/\/www.autonvaraosahaku.fi\/index.php?rest_route=%2Fwp%2Fv2%2Fproduct_tag&post=74444"}],"curies":[{"name":"wp","href":"https:\/\/api.w.org\/{rel}","templated":true}]}}