{"id":74463,"date":"2021-02-21T19:33:46","date_gmt":"2021-02-21T19:33:46","guid":{"rendered":"https:\/\/www.autonvaraosahaku.fi\/?product=monroe-d6628-iskunvaimennin"},"modified":"2021-02-21T19:33:47","modified_gmt":"2021-02-21T19:33:47","slug":"monroe-d6628-iskunvaimennin","status":"publish","type":"product","link":"https:\/\/www.autonvaraosahaku.fi\/?product=monroe-d6628-iskunvaimennin","title":{"rendered":"MONROE D6628 Iskunvaimennin"},"content":{"rendered":"<p>Iskunvaimennin tyyppi: Kaasupaine; Iskunvaimennusj\u00e4rjestelm\u00e4: Yksiputki; Iskunvaimennin asennustapa: Tappi ylh\u00e4\u00e4ll\u00e4, Tappi alhaalla; Paino [kg]: 2,500; suurin pituus [mm]: 547; v\u00e4h. pituus [mm]: 337; Pakkauspituus [cm]: 61,3; Pakkausleveys [cm]: 13,8; Pakkauskorkeus [mm]: 6,5; Tullitariffinumero: 87088035; Asennuspuoli: Vorderachse; LAND ROVER: DEFENDER Station Wagon LD,DEFENDER Pick-up LD_,DEFENDER Cabrio LD,90\/110 DHMC,DEFENDER Pritsche\/Fahrgestell LD; GDA1120, NRC8455, NRC9270, NTC7945, NTC7946, RNB103710, RNB203720, RSC100040, RSC100050, RTC4635, RTC4637, STC2851, STC2853, STC288, STC290, STC3766, STC3769, GDA1120, GSA448, NRC8455, NRC9270, RTC4635, RTC4637; Iskarit,Iskunvaimennin<\/p>\n","protected":false},"excerpt":{"rendered":"<p>MONROE Iskunvaimentimet MONROE ADVENTURE D6628 Iskarit,Iskunvaimennin LAND ROVER,DEFENDER Station Wagon LD,DEFENDER Pick-up LD_,DEFENDER Cabrio LD<\/p>\n","protected":false},"featured_media":0,"template":"","meta":{"site-sidebar-layout":"default","site-content-layout":"default","ast-global-header-display":"","ast-main-header-display":"","ast-hfb-above-header-display":"","ast-hfb-below-header-display":"","ast-hfb-mobile-header-display":"","site-post-title":"","ast-breadcrumbs-content":"","ast-featured-img":"","footer-sml-layout":"","theme-transparent-header-meta":"","adv-header-id-meta":"","stick-header-meta":"","header-above-stick-meta":"","header-main-stick-meta":"","header-below-stick-meta":""},"pwb-brand":[79],"product_cat":[80],"product_tag":[],"class_list":{"0":"post-74463","1":"product","2":"type-product","3":"status-publish","5":"pwb-brand-monroe","6":"product_cat-iskunvaimennin","7":"desktop-align-left","8":"tablet-align-left","9":"mobile-align-left","11":"first","12":"instock","13":"product-type-external"},"brands":[{"id":79,"name":"MONROE","slug":"monroe"}],"_links":{"self":[{"href":"https:\/\/www.autonvaraosahaku.fi\/index.php?rest_route=\/wp\/v2\/product\/74463","targetHints":{"allow":["GET"]}}],"collection":[{"href":"https:\/\/www.autonvaraosahaku.fi\/index.php?rest_route=\/wp\/v2\/product"}],"about":[{"href":"https:\/\/www.autonvaraosahaku.fi\/index.php?rest_route=\/wp\/v2\/types\/product"}],"wp:attachment":[{"href":"https:\/\/www.autonvaraosahaku.fi\/index.php?rest_route=%2Fwp%2Fv2%2Fmedia&parent=74463"}],"wp:term":[{"taxonomy":"pwb-brand","embeddable":true,"href":"https:\/\/www.autonvaraosahaku.fi\/index.php?rest_route=%2Fwp%2Fv2%2Fpwb-brand&post=74463"},{"taxonomy":"product_cat","embeddable":true,"href":"https:\/\/www.autonvaraosahaku.fi\/index.php?rest_route=%2Fwp%2Fv2%2Fproduct_cat&post=74463"},{"taxonomy":"product_tag","embeddable":true,"href":"https:\/\/www.autonvaraosahaku.fi\/index.php?rest_route=%2Fwp%2Fv2%2Fproduct_tag&post=74463"}],"curies":[{"name":"wp","href":"https:\/\/api.w.org\/{rel}","templated":true}]}}