{"id":74470,"date":"2021-02-21T19:33:46","date_gmt":"2021-02-21T19:33:46","guid":{"rendered":"https:\/\/www.autonvaraosahaku.fi\/?product=monroe-43128-iskunvaimennin"},"modified":"2021-02-21T19:33:50","modified_gmt":"2021-02-21T19:33:50","slug":"monroe-43128-iskunvaimennin","status":"publish","type":"product","link":"https:\/\/www.autonvaraosahaku.fi\/?product=monroe-43128-iskunvaimennin","title":{"rendered":"MONROE 43128 Iskunvaimennin"},"content":{"rendered":"<p>Iskunvaimennin tyyppi: Kaasupaine; Iskunvaimennusj\u00e4rjestelm\u00e4: Yksiputki; Iskunvaimennin asennustapa: Silmukka ylh\u00e4\u00e4ll\u00e4, Silmukka alhaalla; Paino [kg]: 1,600; Reik\u00e4-\u00d8 [mm]: 36; suurin pituus [mm]: 462; v\u00e4h. pituus [mm]: 333; Pakkauspituus [cm]: 60; Pakkausleveys [cm]: 7,2; Pakkauskorkeus [mm]: 7,2; Tullitariffinumero: 87088035; Tappil\u00e4pimitta [mm]: 11; Asennuspuoli: Hinterachse; FORD: FOCUS II Kombi DA_,FOCUS III Turnier; 1341063, 1348869, 1363150, 1363342, 1363345, 1363951, 1363952, 1368975, 1369952, 1455903, 1468808, 1468813, 1474119, 1477824, 1477825, 1545024, 1545025, 1547482, 1575022, 1575028, 1702810, 1702815, 1726461, 1726463, 1810120, 1810121, 1851887, 1866915, 1866919, 4M5118080AAC, 4M5118080BAC, 4M5118080BAD, 4M5118080BAE, 4M5118080BAF, 4M5118080BAG, 4M5118080BAH, 4M5118080BAJ, 4M5118080RAA, 4M5118080RAB, 4M5118080RAC, 4M5118080RAD, 4M5118080RAG, 4M5118K077AB, 4M5118K077AC, 4M5118K077AD, 4M5118K077AE, BV6118080AGA, BV6118080CAC, BV6118080CAD, BV6118080CAE, BV6118080DAB, BV6118080DAC, BV6118080DAD, BV6118080HBA, BV6118080LBA; Iskarit,Iskunvaimennin<\/p>\n","protected":false},"excerpt":{"rendered":"<p>MONROE Iskunvaimentimet MONROE ORIGINAL (Gas Technology) 43128 Iskarit,Iskunvaimennin FORD,FOCUS II Kombi DA_,FOCUS III Turnier<\/p>\n","protected":false},"featured_media":0,"template":"","meta":{"site-sidebar-layout":"default","site-content-layout":"default","ast-global-header-display":"","ast-main-header-display":"","ast-hfb-above-header-display":"","ast-hfb-below-header-display":"","ast-hfb-mobile-header-display":"","site-post-title":"","ast-breadcrumbs-content":"","ast-featured-img":"","footer-sml-layout":"","theme-transparent-header-meta":"","adv-header-id-meta":"","stick-header-meta":"","header-above-stick-meta":"","header-main-stick-meta":"","header-below-stick-meta":""},"pwb-brand":[79],"product_cat":[80],"product_tag":[],"class_list":{"0":"post-74470","1":"product","2":"type-product","3":"status-publish","5":"pwb-brand-monroe","6":"product_cat-iskunvaimennin","7":"desktop-align-left","8":"tablet-align-left","9":"mobile-align-left","11":"first","12":"instock","13":"product-type-external"},"brands":[{"id":79,"name":"MONROE","slug":"monroe"}],"_links":{"self":[{"href":"https:\/\/www.autonvaraosahaku.fi\/index.php?rest_route=\/wp\/v2\/product\/74470","targetHints":{"allow":["GET"]}}],"collection":[{"href":"https:\/\/www.autonvaraosahaku.fi\/index.php?rest_route=\/wp\/v2\/product"}],"about":[{"href":"https:\/\/www.autonvaraosahaku.fi\/index.php?rest_route=\/wp\/v2\/types\/product"}],"wp:attachment":[{"href":"https:\/\/www.autonvaraosahaku.fi\/index.php?rest_route=%2Fwp%2Fv2%2Fmedia&parent=74470"}],"wp:term":[{"taxonomy":"pwb-brand","embeddable":true,"href":"https:\/\/www.autonvaraosahaku.fi\/index.php?rest_route=%2Fwp%2Fv2%2Fpwb-brand&post=74470"},{"taxonomy":"product_cat","embeddable":true,"href":"https:\/\/www.autonvaraosahaku.fi\/index.php?rest_route=%2Fwp%2Fv2%2Fproduct_cat&post=74470"},{"taxonomy":"product_tag","embeddable":true,"href":"https:\/\/www.autonvaraosahaku.fi\/index.php?rest_route=%2Fwp%2Fv2%2Fproduct_tag&post=74470"}],"curies":[{"name":"wp","href":"https:\/\/api.w.org\/{rel}","templated":true}]}}