{"id":74471,"date":"2021-02-21T19:33:46","date_gmt":"2021-02-21T19:33:46","guid":{"rendered":"https:\/\/www.autonvaraosahaku.fi\/?product=bilstein-19-220970-iskunvaimennin"},"modified":"2021-02-21T19:33:50","modified_gmt":"2021-02-21T19:33:50","slug":"bilstein-19-220970-iskunvaimennin","status":"publish","type":"product","link":"https:\/\/www.autonvaraosahaku.fi\/?product=bilstein-19-220970-iskunvaimennin","title":{"rendered":"BILSTEIN 19-220970 Iskunvaimennin"},"content":{"rendered":"<p>Asennuspuoli: Taka-akseli; Iskunvaimennin tyyppi: Kaasupaine; Iskunvaimennin malli: Vaimennin, jousituella; Iskunvaimennin asennustapa: Silmukka alhaalla, Tappi ylh\u00e4\u00e4ll\u00e4; Iskunvaimennusj\u00e4rjestelm\u00e4: Kaksiputki; Tuotelinja: &#8211; B4 OE Replacement; Alustarakenne: f\u00fcr Fahrzeuge mit Standard Fahrwerk; BMW: 6 E63,6 Cabriolet E64; 33526766773, 33526767733, 33526768925, 33526786529, 33526786530, 6766773, 6767733, 6768925, 6786529, 6786530; Iskarit,Iskunvaimennin<\/p>\n","protected":false},"excerpt":{"rendered":"<p>BILSTEIN Iskunvaimentimet 19-220970 Iskarit,Iskunvaimennin BMW,6 E63,6 Cabriolet E64<\/p>\n","protected":false},"featured_media":0,"template":"","meta":{"site-sidebar-layout":"default","site-content-layout":"default","ast-global-header-display":"","ast-main-header-display":"","ast-hfb-above-header-display":"","ast-hfb-below-header-display":"","ast-hfb-mobile-header-display":"","site-post-title":"","ast-breadcrumbs-content":"","ast-featured-img":"","footer-sml-layout":"","theme-transparent-header-meta":"","adv-header-id-meta":"","stick-header-meta":"","header-above-stick-meta":"","header-main-stick-meta":"","header-below-stick-meta":""},"pwb-brand":[114],"product_cat":[80],"product_tag":[],"class_list":{"0":"post-74471","1":"product","2":"type-product","3":"status-publish","5":"pwb-brand-bilstein","6":"product_cat-iskunvaimennin","7":"desktop-align-left","8":"tablet-align-left","9":"mobile-align-left","11":"first","12":"instock","13":"product-type-external"},"brands":[{"id":114,"name":"BILSTEIN","slug":"bilstein"}],"_links":{"self":[{"href":"https:\/\/www.autonvaraosahaku.fi\/index.php?rest_route=\/wp\/v2\/product\/74471","targetHints":{"allow":["GET"]}}],"collection":[{"href":"https:\/\/www.autonvaraosahaku.fi\/index.php?rest_route=\/wp\/v2\/product"}],"about":[{"href":"https:\/\/www.autonvaraosahaku.fi\/index.php?rest_route=\/wp\/v2\/types\/product"}],"wp:attachment":[{"href":"https:\/\/www.autonvaraosahaku.fi\/index.php?rest_route=%2Fwp%2Fv2%2Fmedia&parent=74471"}],"wp:term":[{"taxonomy":"pwb-brand","embeddable":true,"href":"https:\/\/www.autonvaraosahaku.fi\/index.php?rest_route=%2Fwp%2Fv2%2Fpwb-brand&post=74471"},{"taxonomy":"product_cat","embeddable":true,"href":"https:\/\/www.autonvaraosahaku.fi\/index.php?rest_route=%2Fwp%2Fv2%2Fproduct_cat&post=74471"},{"taxonomy":"product_tag","embeddable":true,"href":"https:\/\/www.autonvaraosahaku.fi\/index.php?rest_route=%2Fwp%2Fv2%2Fproduct_tag&post=74471"}],"curies":[{"name":"wp","href":"https:\/\/api.w.org\/{rel}","templated":true}]}}