{"id":74489,"date":"2021-02-21T19:33:54","date_gmt":"2021-02-21T19:33:54","guid":{"rendered":"https:\/\/www.autonvaraosahaku.fi\/?product=nissens-87028-lammityslaitteen-puhallin"},"modified":"2021-02-21T19:33:57","modified_gmt":"2021-02-21T19:33:57","slug":"nissens-87028-lammityslaitteen-puhallin","status":"publish","type":"product","link":"https:\/\/www.autonvaraosahaku.fi\/?product=nissens-87028-lammityslaitteen-puhallin","title":{"rendered":"NISSENS 87028 L\u00e4mmityslaitteen puhallin"},"content":{"rendered":"<p>Kotelomalli: Muovikotelo; Vasen \/ oikea liikenne: Ohjaus vasemmalla, f\u00fcr Linkslenker; Nimellisteho (W): 300; K\u00e4ytt\u00f6j\u00e4nnite [V]: 12; Napojen m\u00e4\u00e4r\u00e4: 2; L\u00e4pimitta [mm]: 174; S\u00e4\u00e4din: ilman kierrosluvun s\u00e4\u00e4dint\u00e4; VW: POLO 9N_,POLO 6R, 6C,FOX 5Z1, 5Z3,POLO CLASSIC 6KV2,POLO Stufenheck,POLO Stufenheck 9A4,POLO Stufenheck 9N4,POLO Van 6R; AUDI: A2 8Z0,A1 8X1, 8XF,A1 Sportback 8XA, 8XK; SKODA: FABIA Combi 6Y5,FABIA,FABIA 6Y2,FABIA Combi,ROOMSTER 5J,RAPID Spaceback NH1,FABIA Stufenheck 6Y3,ROOMSTER Praktik 5J,RAPID NH3,FABIA Praktik,FABIA NJ3,FABIA Kombi NJ5; SEAT: IBIZA IV 6L1,IBIZA V 6J5, 6P5,IBIZA V ST 6J8, 6P8,IBIZA V SPORTCOUPE 6J1, 6P1,CORDOBA 6L2,TOLEDO IV KG3; 6Q1819015, 6Q1819015B, 6Q1819015C, 6Q1819015E, 6Q1819015G, 6Q1819015H, 6Q1819015J, 6Q1819106, 6Q1820015, 6Q1820015C, 6Q1820015E, 6Q1820015G, 6Q1820015H, 6R1819015, 6R1819015A, 6Q1819015, 6Q1819015B, 6Q1819015C, 6Q1819015E, 6Q1819015G, 6Q1819015H, 6Q1819015J, 6Q1819106, 6Q1820015, 6Q1820015C, 6Q1820015E, 6Q1820015G, 6Q1820015H, 6R1819015, 6R1819015A, 6Q1819015, 6Q1819015B, 6Q1819015C, 6Q1819015E, 6Q1819015G, 6Q1819015H, 6Q1819015J, 6Q1819106, 6Q1820015, 6Q1820015C, 6Q1820015E, 6Q1820015G, 6Q1820015H, 6R1819015, 6R1819015A, 6Q1819015, 6Q1819015B, 6Q1819015C, 6Q1819015E, 6Q1819015G, 6Q1819015H, 6Q1819015J, 6Q1819106, 6Q1820015, 6Q1820015C, 6Q1820015E, 6Q1820015G, 6Q1820015H, 6R1819015, 6R1819015A; Sis\u00e4tilan Puhallin,Sis\u00e4tilapuhallin<\/p>\n","protected":false},"excerpt":{"rendered":"<p>NISSENS L\u00e4mmityslaitteen Puhallin 87028 Sis\u00e4tilan Puhallin,Sis\u00e4tilapuhallin VW,AUDI,SKODA,POLO 9N_,POLO 6R, 6C,FOX 5Z1, 5Z3,POLO CLASSIC 6KV2<\/p>\n","protected":false},"featured_media":0,"template":"","meta":{"site-sidebar-layout":"default","site-content-layout":"default","ast-global-header-display":"","ast-main-header-display":"","ast-hfb-above-header-display":"","ast-hfb-below-header-display":"","ast-hfb-mobile-header-display":"","site-post-title":"","ast-breadcrumbs-content":"","ast-featured-img":"","footer-sml-layout":"","theme-transparent-header-meta":"","adv-header-id-meta":"","stick-header-meta":"","header-above-stick-meta":"","header-main-stick-meta":"","header-below-stick-meta":""},"pwb-brand":[315],"product_cat":[86],"product_tag":[],"class_list":{"0":"post-74489","1":"product","2":"type-product","3":"status-publish","5":"pwb-brand-nissens","6":"product_cat-lammityslaitteen-puhallin","7":"desktop-align-left","8":"tablet-align-left","9":"mobile-align-left","11":"first","12":"instock","13":"product-type-external"},"brands":[{"id":315,"name":"NISSENS","slug":"nissens"}],"_links":{"self":[{"href":"https:\/\/www.autonvaraosahaku.fi\/index.php?rest_route=\/wp\/v2\/product\/74489","targetHints":{"allow":["GET"]}}],"collection":[{"href":"https:\/\/www.autonvaraosahaku.fi\/index.php?rest_route=\/wp\/v2\/product"}],"about":[{"href":"https:\/\/www.autonvaraosahaku.fi\/index.php?rest_route=\/wp\/v2\/types\/product"}],"wp:attachment":[{"href":"https:\/\/www.autonvaraosahaku.fi\/index.php?rest_route=%2Fwp%2Fv2%2Fmedia&parent=74489"}],"wp:term":[{"taxonomy":"pwb-brand","embeddable":true,"href":"https:\/\/www.autonvaraosahaku.fi\/index.php?rest_route=%2Fwp%2Fv2%2Fpwb-brand&post=74489"},{"taxonomy":"product_cat","embeddable":true,"href":"https:\/\/www.autonvaraosahaku.fi\/index.php?rest_route=%2Fwp%2Fv2%2Fproduct_cat&post=74489"},{"taxonomy":"product_tag","embeddable":true,"href":"https:\/\/www.autonvaraosahaku.fi\/index.php?rest_route=%2Fwp%2Fv2%2Fproduct_tag&post=74489"}],"curies":[{"name":"wp","href":"https:\/\/api.w.org\/{rel}","templated":true}]}}