{"id":74495,"date":"2021-02-21T19:33:54","date_gmt":"2021-02-21T19:33:54","guid":{"rendered":"https:\/\/www.autonvaraosahaku.fi\/?product=sasic-2654002-jousijalan-tukilaakeri"},"modified":"2021-02-21T19:33:58","modified_gmt":"2021-02-21T19:33:58","slug":"sasic-2654002-jousijalan-tukilaakeri","status":"publish","type":"product","link":"https:\/\/www.autonvaraosahaku.fi\/?product=sasic-2654002-jousijalan-tukilaakeri","title":{"rendered":"SASIC 2654002 Jousijalan tukilaakeri"},"content":{"rendered":"<p>Asennuspuoli: etuakseli molemminpuoleinen, Oikea; OE-numerolle: 6001549290, 6001549290; Polttoaine: Fl\u00fcssiggas (LPG); DACIA: DUSTER,SANDERO,LOGAN MCV KS_,SANDERO II,LOGAN MCV II,LOGAN LS_,LOGAN EXPRESS FS_,LOGAN Pick-up US_,LOGAN II; RENAULT: SANDERO\/STEPWAY I,DUSTER,LOGAN I Kombi KS_,LOGAN I LS_,LOGAN EXPRESS; 6001549290; Iskarin Yl\u00e4p\u00e4\u00e4,Iskunvaimentimen Yl\u00e4p\u00e4\u00e4<\/p>\n","protected":false},"excerpt":{"rendered":"<p>SASIC Jousijalan Tukilaakeri 2654002 Iskarin Yl\u00e4p\u00e4\u00e4,Iskunvaimentimen Yl\u00e4p\u00e4\u00e4 DACIA,RENAULT,DUSTER,SANDERO,LOGAN MCV KS_,SANDERO II,LOGAN MCV II<\/p>\n","protected":false},"featured_media":0,"template":"","meta":{"site-sidebar-layout":"default","site-content-layout":"default","ast-global-header-display":"","ast-main-header-display":"","ast-hfb-above-header-display":"","ast-hfb-below-header-display":"","ast-hfb-mobile-header-display":"","site-post-title":"","ast-breadcrumbs-content":"","ast-featured-img":"","footer-sml-layout":"","theme-transparent-header-meta":"","adv-header-id-meta":"","stick-header-meta":"","header-above-stick-meta":"","header-main-stick-meta":"","header-below-stick-meta":""},"pwb-brand":[110],"product_cat":[45],"product_tag":[],"class_list":{"0":"post-74495","1":"product","2":"type-product","3":"status-publish","5":"pwb-brand-sasic","6":"product_cat-jousijalan-tukilaakeri","7":"desktop-align-left","8":"tablet-align-left","9":"mobile-align-left","11":"first","12":"instock","13":"product-type-external"},"brands":[{"id":110,"name":"SASIC","slug":"sasic"}],"_links":{"self":[{"href":"https:\/\/www.autonvaraosahaku.fi\/index.php?rest_route=\/wp\/v2\/product\/74495","targetHints":{"allow":["GET"]}}],"collection":[{"href":"https:\/\/www.autonvaraosahaku.fi\/index.php?rest_route=\/wp\/v2\/product"}],"about":[{"href":"https:\/\/www.autonvaraosahaku.fi\/index.php?rest_route=\/wp\/v2\/types\/product"}],"wp:attachment":[{"href":"https:\/\/www.autonvaraosahaku.fi\/index.php?rest_route=%2Fwp%2Fv2%2Fmedia&parent=74495"}],"wp:term":[{"taxonomy":"pwb-brand","embeddable":true,"href":"https:\/\/www.autonvaraosahaku.fi\/index.php?rest_route=%2Fwp%2Fv2%2Fpwb-brand&post=74495"},{"taxonomy":"product_cat","embeddable":true,"href":"https:\/\/www.autonvaraosahaku.fi\/index.php?rest_route=%2Fwp%2Fv2%2Fproduct_cat&post=74495"},{"taxonomy":"product_tag","embeddable":true,"href":"https:\/\/www.autonvaraosahaku.fi\/index.php?rest_route=%2Fwp%2Fv2%2Fproduct_tag&post=74495"}],"curies":[{"name":"wp","href":"https:\/\/api.w.org\/{rel}","templated":true}]}}