{"id":7450,"date":"2021-02-21T14:00:13","date_gmt":"2021-02-21T14:00:13","guid":{"rendered":"https:\/\/www.autonvaraosahaku.fi\/?product=master-sport-24012001321-pcs-ms-jarrulevyt"},"modified":"2021-02-21T14:00:14","modified_gmt":"2021-02-21T14:00:14","slug":"master-sport-24012001321-pcs-ms-jarrulevyt","status":"publish","type":"product","link":"https:\/\/www.autonvaraosahaku.fi\/?product=master-sport-24012001321-pcs-ms-jarrulevyt","title":{"rendered":"MASTER-SPORT 24012001321-PCS-MS Jarrulevyt"},"content":{"rendered":"<p>L\u00e4pimitta [mm]: 247,0; Jarrulevytyyppi: Tuuletettu; Jarrulevyn paksuus (mm): 20,4; Korkeus (mm): 34,2; Reik\u00e4-\u00d8 [mm]: 12,8, 12,8; V\u00e4himm\u00e4ispaksuus (mm): 18,5; Sis\u00e4l\u00e4pimitta [mm]: 133,2; Reikien m\u00e4\u00e4r\u00e4: 4; keskitt\u00e4misl\u00e4pimitta [mm]: 66,0; Reik\u00e4ympyr\u00e4-\u00d8 [mm]: 108,0; Nettopaino [kg]: 4,14; Bruttopaino [kg]: 4,18; M\u00e4\u00e4r\u00e4yksikk\u00f6: Kappale; Asennuspuoli: Vorderachse; CITRO\u00cbN: SAXO S0, S1,XSARA N1,XSARA Break N2,XSARA Coupe N0,AX ZA-_,ZX N2,ZX Break N2,XSARA Kasten,XSARA Kasten\/Schr\u00e4gheck; PEUGEOT: 206 Schr\u00e4gheck 2A\/C,206 SW 2E\/K,106 II 1,206+ T3E,306 Schr\u00e4gheck 7A, 7C, N3, N5,306 Cabriolet 7D, N3, N5,106 I 1A, 1C,205 II 20A\/C,306 Break 7E, N3, N5,306 7B, N3, N5,205 I Cabriolet 741B, 20D,206 Stufenheck,309 II 3C, 3A,205 I 741A\/C,206 Van,309 I 10C, 10A,306 Van N_, 7_,306 Kasten\/Schr\u00e4gheck; 424996, 91517695, 95661747, 424694, 4246A7, 424996, 95661747; Jarrulevy<\/p>\n","protected":false},"excerpt":{"rendered":"<p>MASTER-SPORT Jarrulevyt 24012001321-PCS-MS Jarrulevy CITRO\u00cbN,PEUGEOT,SAXO S0, S1,XSARA N1,XSARA Break N2,XSARA Coupe N0,AX ZA-_,ZX N2,ZX Break N2<\/p>\n","protected":false},"featured_media":0,"template":"","meta":{"site-sidebar-layout":"default","site-content-layout":"default","ast-global-header-display":"","ast-main-header-display":"","ast-hfb-above-header-display":"","ast-hfb-below-header-display":"","ast-hfb-mobile-header-display":"","site-post-title":"","ast-breadcrumbs-content":"","ast-featured-img":"","footer-sml-layout":"","theme-transparent-header-meta":"","adv-header-id-meta":"","stick-header-meta":"","header-above-stick-meta":"","header-main-stick-meta":"","header-below-stick-meta":""},"pwb-brand":[61],"product_cat":[66],"product_tag":[],"class_list":{"0":"post-7450","1":"product","2":"type-product","3":"status-publish","5":"pwb-brand-master-sport","6":"product_cat-jarrulevyt","7":"desktop-align-left","8":"tablet-align-left","9":"mobile-align-left","11":"first","12":"instock","13":"product-type-external"},"brands":[{"id":61,"name":"MASTER-SPORT","slug":"master-sport"}],"_links":{"self":[{"href":"https:\/\/www.autonvaraosahaku.fi\/index.php?rest_route=\/wp\/v2\/product\/7450","targetHints":{"allow":["GET"]}}],"collection":[{"href":"https:\/\/www.autonvaraosahaku.fi\/index.php?rest_route=\/wp\/v2\/product"}],"about":[{"href":"https:\/\/www.autonvaraosahaku.fi\/index.php?rest_route=\/wp\/v2\/types\/product"}],"wp:attachment":[{"href":"https:\/\/www.autonvaraosahaku.fi\/index.php?rest_route=%2Fwp%2Fv2%2Fmedia&parent=7450"}],"wp:term":[{"taxonomy":"pwb-brand","embeddable":true,"href":"https:\/\/www.autonvaraosahaku.fi\/index.php?rest_route=%2Fwp%2Fv2%2Fpwb-brand&post=7450"},{"taxonomy":"product_cat","embeddable":true,"href":"https:\/\/www.autonvaraosahaku.fi\/index.php?rest_route=%2Fwp%2Fv2%2Fproduct_cat&post=7450"},{"taxonomy":"product_tag","embeddable":true,"href":"https:\/\/www.autonvaraosahaku.fi\/index.php?rest_route=%2Fwp%2Fv2%2Fproduct_tag&post=7450"}],"curies":[{"name":"wp","href":"https:\/\/api.w.org\/{rel}","templated":true}]}}