{"id":74509,"date":"2021-02-21T19:34:01","date_gmt":"2021-02-21T19:34:01","guid":{"rendered":"https:\/\/www.autonvaraosahaku.fi\/?product=ae-v94371-pakoventtiili"},"modified":"2021-02-21T19:34:04","modified_gmt":"2021-02-21T19:34:04","slug":"ae-v94371-pakoventtiili","status":"publish","type":"product","link":"https:\/\/www.autonvaraosahaku.fi\/?product=ae-v94371-pakoventtiili","title":{"rendered":"AE V94371 Pakoventtiili"},"content":{"rendered":"<p>Pituus (mm): 103,500; Materiaali: Kromi-mangani-nikkeliter\u00e4s; Pinta: nitrattu; Korvaava tuote\/korvaava tiedote 2: Stelliittik\u00e4sitelty venttiilinistukka; Venttiililautasen l\u00e4pimitta [mm]: 31,000; Venttiilinvarren l\u00e4pimitta [mm]: 7,000; venttiiliistukan kulma [astetta]: 45; TECDOC-moottorinumero: 2107; DAEWOO: MUSSO FJ,KORANDO KJ; SSANGYONG: MUSSO FJ,KORANDO KJ,KORANDO Cabrio KJ,CHAIRMAN HT_; MERCEDES-BENZ: C-CLASS W203,C-CLASS T-Model S203,C-CLASS W202,SLK R170,E-CLASS W210,C-CLASS Coupe CL203,M-CLASS W163,Stufenheck W124,E-CLASS Kombi S210,CLK C208,SL R129,C-CLASS Kombi S202,KOMBI Kombi S124,E-CLASS W124,G-CLASS W463,VITO Bus 638,CLK Cabriolet A208,COUPE C124,S-CLASS W140,E-CLASS Kombi S124,SPRINTER 3-t Kasten 903,SPRINTER 2-t Bus 901, 902,V-CLASS 638\/2,SPRINTER 2-t Kasten 901, 902,SPRINTER 3-t Bus 903,SPRINTER 3-t Pritsche\/Fahrgestell 903,VITO Kasten 638,E-CLASS Cabriolet A124,E-CLASS Coupe C124,SPRINTER 4-t Pritsche\/Fahrgestell 904,SPRINTER 2-t Pritsche\/Fahrgestell 901, 902,S-CLASS Coupe C140,SPRINTER 4-t Kasten 904,CABRIOLET A124,G-CLASS Cabrio W463,SPRINTER 4-t Bus 904; PUCH: G-MODELL W 463; 6110500127, 1110501227, 1110501427, 6110500127, 6110500127<\/p>\n","protected":false},"excerpt":{"rendered":"<p>AE Pakoventtiili V94371  DAEWOO,SSANGYONG,MERCEDES-BENZ,MUSSO FJ,KORANDO KJ,MUSSO FJ,KORANDO KJ,KORANDO Cabrio KJ,CHAIRMAN HT_,C-CLASS W203<\/p>\n","protected":false},"featured_media":0,"template":"","meta":{"site-sidebar-layout":"default","site-content-layout":"default","ast-global-header-display":"","ast-main-header-display":"","ast-hfb-above-header-display":"","ast-hfb-below-header-display":"","ast-hfb-mobile-header-display":"","site-post-title":"","ast-breadcrumbs-content":"","ast-featured-img":"","footer-sml-layout":"","theme-transparent-header-meta":"","adv-header-id-meta":"","stick-header-meta":"","header-above-stick-meta":"","header-main-stick-meta":"","header-below-stick-meta":""},"pwb-brand":[190],"product_cat":[209],"product_tag":[],"class_list":{"0":"post-74509","1":"product","2":"type-product","3":"status-publish","5":"pwb-brand-ae","6":"product_cat-pakoventtiili","7":"desktop-align-left","8":"tablet-align-left","9":"mobile-align-left","11":"first","12":"instock","13":"product-type-external"},"brands":[{"id":190,"name":"AE","slug":"ae"}],"_links":{"self":[{"href":"https:\/\/www.autonvaraosahaku.fi\/index.php?rest_route=\/wp\/v2\/product\/74509","targetHints":{"allow":["GET"]}}],"collection":[{"href":"https:\/\/www.autonvaraosahaku.fi\/index.php?rest_route=\/wp\/v2\/product"}],"about":[{"href":"https:\/\/www.autonvaraosahaku.fi\/index.php?rest_route=\/wp\/v2\/types\/product"}],"wp:attachment":[{"href":"https:\/\/www.autonvaraosahaku.fi\/index.php?rest_route=%2Fwp%2Fv2%2Fmedia&parent=74509"}],"wp:term":[{"taxonomy":"pwb-brand","embeddable":true,"href":"https:\/\/www.autonvaraosahaku.fi\/index.php?rest_route=%2Fwp%2Fv2%2Fpwb-brand&post=74509"},{"taxonomy":"product_cat","embeddable":true,"href":"https:\/\/www.autonvaraosahaku.fi\/index.php?rest_route=%2Fwp%2Fv2%2Fproduct_cat&post=74509"},{"taxonomy":"product_tag","embeddable":true,"href":"https:\/\/www.autonvaraosahaku.fi\/index.php?rest_route=%2Fwp%2Fv2%2Fproduct_tag&post=74509"}],"curies":[{"name":"wp","href":"https:\/\/api.w.org\/{rel}","templated":true}]}}