{"id":74510,"date":"2021-02-21T19:34:01","date_gmt":"2021-02-21T19:34:01","guid":{"rendered":"https:\/\/www.autonvaraosahaku.fi\/?product=a-b-s-15729-jarrulevyt"},"modified":"2021-02-21T19:34:04","modified_gmt":"2021-02-21T19:34:04","slug":"a-b-s-15729-jarrulevyt","status":"publish","type":"product","link":"https:\/\/www.autonvaraosahaku.fi\/?product=a-b-s-15729-jarrulevyt","title":{"rendered":"A.B.S. 15729 Jarrulevyt"},"content":{"rendered":"<p>Ulkol\u00e4pimitta [mm]: 247; Jarrulevyn paksuus (mm): 12,7; V\u00e4himm\u00e4ispaksuus (mm): 11,4; Korkeus (mm): 27; Vanne, aukkoja: 4; Jarrulevytyyppi: Vakiomalli; keskitt\u00e4misl\u00e4pimitta [mm]: 68,3; Reik\u00e4ympyr\u00e4-\u00d8 [mm]: 92,5; Paino [kg]: 3,83; Asennuspuoli: Vorderachse; HYUNDAI: STELLAR F31_, SF2_; FORD: ESCORT II ATH,ESCORT I AFH, ATH,ESCORT II Kombi,ESCORT I Kombi ADH,TAUNUS 20M XL 52F,TAUNUS 17M Turnier 35F,TAUNUS 20M 41F,TAUNUS 20M XL 51F,TAUNUS 20M XL Coupe 53F,TAUNUS 20M 42F,TAUNUS 17M Turnier 36F,TAUNUS 20M Coupe 43F,TAUNUS 20M Turnier 46F,TAUNUS GBFK; 1437814, 1473814, 1549699, 1591995, 1591996, 5022346, 5022829, 6010229, 6010299, 5816131000, 5816131010, 5H16131000, 5H16131010; Jarrulevy<\/p>\n","protected":false},"excerpt":{"rendered":"<p>A.B.S. Jarrulevyt 15729 Jarrulevy HYUNDAI,FORD,STELLAR F31_, SF2_,ESCORT II ATH,ESCORT I AFH, ATH,ESCORT II Kombi,ESCORT I Kombi ADH,TAUNUS 20M XL 52F<\/p>\n","protected":false},"featured_media":0,"template":"","meta":{"site-sidebar-layout":"default","site-content-layout":"default","ast-global-header-display":"","ast-main-header-display":"","ast-hfb-above-header-display":"","ast-hfb-below-header-display":"","ast-hfb-mobile-header-display":"","site-post-title":"","ast-breadcrumbs-content":"","ast-featured-img":"","footer-sml-layout":"","theme-transparent-header-meta":"","adv-header-id-meta":"","stick-header-meta":"","header-above-stick-meta":"","header-main-stick-meta":"","header-below-stick-meta":""},"pwb-brand":[326],"product_cat":[66],"product_tag":[],"class_list":{"0":"post-74510","1":"product","2":"type-product","3":"status-publish","5":"pwb-brand-a-b-s","6":"product_cat-jarrulevyt","7":"desktop-align-left","8":"tablet-align-left","9":"mobile-align-left","11":"first","12":"instock","13":"product-type-external"},"brands":[{"id":326,"name":"A.B.S.","slug":"a-b-s"}],"_links":{"self":[{"href":"https:\/\/www.autonvaraosahaku.fi\/index.php?rest_route=\/wp\/v2\/product\/74510","targetHints":{"allow":["GET"]}}],"collection":[{"href":"https:\/\/www.autonvaraosahaku.fi\/index.php?rest_route=\/wp\/v2\/product"}],"about":[{"href":"https:\/\/www.autonvaraosahaku.fi\/index.php?rest_route=\/wp\/v2\/types\/product"}],"wp:attachment":[{"href":"https:\/\/www.autonvaraosahaku.fi\/index.php?rest_route=%2Fwp%2Fv2%2Fmedia&parent=74510"}],"wp:term":[{"taxonomy":"pwb-brand","embeddable":true,"href":"https:\/\/www.autonvaraosahaku.fi\/index.php?rest_route=%2Fwp%2Fv2%2Fpwb-brand&post=74510"},{"taxonomy":"product_cat","embeddable":true,"href":"https:\/\/www.autonvaraosahaku.fi\/index.php?rest_route=%2Fwp%2Fv2%2Fproduct_cat&post=74510"},{"taxonomy":"product_tag","embeddable":true,"href":"https:\/\/www.autonvaraosahaku.fi\/index.php?rest_route=%2Fwp%2Fv2%2Fproduct_tag&post=74510"}],"curies":[{"name":"wp","href":"https:\/\/api.w.org\/{rel}","templated":true}]}}