{"id":74526,"date":"2021-02-21T19:34:08","date_gmt":"2021-02-21T19:34:08","guid":{"rendered":"https:\/\/www.autonvaraosahaku.fi\/?product=autofren-seinsa-d4099-jarrusatula-korjaussarja"},"modified":"2021-02-21T19:34:10","modified_gmt":"2021-02-21T19:34:10","slug":"autofren-seinsa-d4099-jarrusatula-korjaussarja","status":"publish","type":"product","link":"https:\/\/www.autonvaraosahaku.fi\/?product=autofren-seinsa-d4099-jarrusatula-korjaussarja","title":{"rendered":"AUTOFREN SEINSA D4099 Jarrusatula korjaussarja"},"content":{"rendered":"<p>Asennuspuoli: Etuakseli; L\u00e4pimitta [mm]: 60; Jarruj\u00e4rjestelm\u00e4: ATE; Erittely: 9,6 piston collar; OE-numerolle: 83BB2B107BA; Alustanumerosta: F44K098; VW: TRANSPORTER IV Bus 70XB, 70XC, 7DB, 7DW,TRANSPORTER IV Kasten 70XA,TRANSPORTER III Bus,TRANSPORTER IV Pritsche\/Fahrgestell 70XD,LT 28-46 II Kasten 2DA, 2DD, 2DH,TRANSPORTER III Kasten,LT 28-35 II Bus 2DB, 2DE, 2DK,LT 28-46 II Pritsche\/Fahrgestell 2DC, 2DF, 2DG, 2DL, 2DM,TRANSPORTER II Bus,TRANSPORTER III Pritsche\/Fahrgestell,TRANSPORTER II Kasten,TRANSPORTER II Pritsche\/Fahrgestell; AUDI: 100 4A, C4,100 44, 44Q, C3,100 Avant 4A, C4,100 Avant 44, 44Q, C3,200 44, 44Q,200 Avant 44, 44Q; BMW: 5 E39,X3 E83,5 Touring E39,3 Coupe E46,3 E36,X5 E53,3 Cabriolet E46,7 E38,3 Coupe E36,Z3 E36,Z4 E85,5 E34,3 Cabriolet E36,7 E32,8 E31,5 Touring E34,5 E28,Z3 Coupe E36,Z4 Coupe E86; HONDA: ACCORD V CE, CF; LAND ROVER: RANGE ROVER EVOQUE LV; ROVER: 25 RF,200 RF,45 Stufenheck RT,45 RT,200 Hatchback XW,200 Coupe XW,400 Tourer XW,400 XW; MERCEDES-BENZ: VITO Bus 638,SPRINTER 3-t Kasten 903,SPRINTER 2-t Bus 901, 902,V-CLASS 638\/2,SPRINTER 2-t Kasten 901, 902,SPRINTER 3-t Bus 903,SPRINTER 3-t Pritsche\/Fahrgestell 903,VITO Kasten 638,SPRINTER 4-t Pritsche\/Fahrgestell 904,SPRINTER 2-t Pritsche\/Fahrgestell 901, 902,SPRINTER CLASSIC 3,5-t Kasten 909,SPRINTER 4-t Kasten 904,SPRINTER 4-t Bus 904,SPRINTER 4,6-t Pritsche\/Fahrgestell 906,SPRINTER 4,6-t Kasten 906; OPEL: OMEGA A 16_, 17_, 19_,OMEGA B Caravan 21_, 22_, 23_,OMEGA B 25_, 26_, 27_,MONZA A 22_,SENATOR B 29_,SENATOR A 29_,OMEGA A Caravan 66_, 67_; CHRYSLER: VOYAGER III GS; JAGUAR: XJ NAW, NBW,XJ X300,XJ XJ 40, 81,XK 8 Convertible QDV,XK 8 Coupe QEV,XJ Coupe; 34111157037, 34111157389, 34111157495, 34111157501, 34111160325, 34111160361, 34111160363, 34111160367, 34111163303, 34111163643, 34112226873, 34112227515, 6128159, 83BB2B107BA, JLM12123, JLM2191, 1605657, 542237, 90348505; Korjaussarja, Jarrusatula<\/p>\n","protected":false},"excerpt":{"rendered":"<p>AUTOFREN SEINSA Jarrusatula Korjaussarja D4099 Korjaussarja, Jarrusatula VW,AUDI,BMW,TRANSPORTER IV Bus 70XB, 70XC, 7DB, 7DW<\/p>\n","protected":false},"featured_media":0,"template":"","meta":{"site-sidebar-layout":"default","site-content-layout":"default","ast-global-header-display":"","ast-main-header-display":"","ast-hfb-above-header-display":"","ast-hfb-below-header-display":"","ast-hfb-mobile-header-display":"","site-post-title":"","ast-breadcrumbs-content":"","ast-featured-img":"","footer-sml-layout":"","theme-transparent-header-meta":"","adv-header-id-meta":"","stick-header-meta":"","header-above-stick-meta":"","header-main-stick-meta":"","header-below-stick-meta":""},"pwb-brand":[243],"product_cat":[57],"product_tag":[],"class_list":{"0":"post-74526","1":"product","2":"type-product","3":"status-publish","5":"pwb-brand-autofren-seinsa","6":"product_cat-jarrusatula-korjaussarja","7":"desktop-align-left","8":"tablet-align-left","9":"mobile-align-left","11":"first","12":"instock","13":"product-type-external"},"brands":[{"id":243,"name":"AUTOFREN SEINSA","slug":"autofren-seinsa"}],"_links":{"self":[{"href":"https:\/\/www.autonvaraosahaku.fi\/index.php?rest_route=\/wp\/v2\/product\/74526","targetHints":{"allow":["GET"]}}],"collection":[{"href":"https:\/\/www.autonvaraosahaku.fi\/index.php?rest_route=\/wp\/v2\/product"}],"about":[{"href":"https:\/\/www.autonvaraosahaku.fi\/index.php?rest_route=\/wp\/v2\/types\/product"}],"wp:attachment":[{"href":"https:\/\/www.autonvaraosahaku.fi\/index.php?rest_route=%2Fwp%2Fv2%2Fmedia&parent=74526"}],"wp:term":[{"taxonomy":"pwb-brand","embeddable":true,"href":"https:\/\/www.autonvaraosahaku.fi\/index.php?rest_route=%2Fwp%2Fv2%2Fpwb-brand&post=74526"},{"taxonomy":"product_cat","embeddable":true,"href":"https:\/\/www.autonvaraosahaku.fi\/index.php?rest_route=%2Fwp%2Fv2%2Fproduct_cat&post=74526"},{"taxonomy":"product_tag","embeddable":true,"href":"https:\/\/www.autonvaraosahaku.fi\/index.php?rest_route=%2Fwp%2Fv2%2Fproduct_tag&post=74526"}],"curies":[{"name":"wp","href":"https:\/\/api.w.org\/{rel}","templated":true}]}}