{"id":74584,"date":"2021-02-21T19:34:30","date_gmt":"2021-02-21T19:34:30","guid":{"rendered":"https:\/\/www.autonvaraosahaku.fi\/?product=ridex-78b0405-jarrusatula"},"modified":"2021-02-21T19:34:31","modified_gmt":"2021-02-21T19:34:31","slug":"ridex-78b0405-jarrusatula","status":"publish","type":"product","link":"https:\/\/www.autonvaraosahaku.fi\/?product=ridex-78b0405-jarrusatula","title":{"rendered":"RIDEX 78B0405 Jarrusatula"},"content":{"rendered":"<p>Jarrusatulatyyppi: Jarrusatula (1-m\u00e4nt\u00e4); Materiaali: Valurauta; L\u00e4pimitta 1 [mm]: 48; Asennuspuoli: Etuakseli, vasen, Etuakseli, vasen, Vorderachse links; parilliset tuotenumerot: 78B0232, 78B0232; LANCIA: Y 840A,DELTA II 836,Y10 156; FIAT: PUNTO 188,PANDA 169,500 312,SEICENTO 187,PUNTO 176,PANDA Van 169,CINQUECENTO 170,PUNTO Van 188AX,PUNTO Cabriolet 176C,SEICENTO Van 187,TIPO 160,PUNTO Van 176L; 0000000795295, 0000009944606, 1830766, 71792216, 71793317, 735249500, 7695249, 77364676, 77364841, 7755710, 9944618, 9946102, 9946103, 9948106, 9948107, 1830766, 9946102, 9946103<\/p>\n","protected":false},"excerpt":{"rendered":"<p>RIDEX Jarrusatula 78B0405  LANCIA,FIAT,Y 840A,DELTA II 836,Y10 156,PUNTO 188,PANDA 169,500 312,SEICENTO 187,PUNTO 176,PANDA Van 169,CINQUECENTO 170<\/p>\n","protected":false},"featured_media":0,"template":"","meta":{"site-sidebar-layout":"default","site-content-layout":"default","ast-global-header-display":"","ast-main-header-display":"","ast-hfb-above-header-display":"","ast-hfb-below-header-display":"","ast-hfb-mobile-header-display":"","site-post-title":"","ast-breadcrumbs-content":"","ast-featured-img":"","footer-sml-layout":"","theme-transparent-header-meta":"","adv-header-id-meta":"","stick-header-meta":"","header-above-stick-meta":"","header-main-stick-meta":"","header-below-stick-meta":""},"pwb-brand":[157],"product_cat":[177],"product_tag":[],"class_list":{"0":"post-74584","1":"product","2":"type-product","3":"status-publish","5":"pwb-brand-ridex","6":"product_cat-jarrusatula","7":"desktop-align-left","8":"tablet-align-left","9":"mobile-align-left","11":"first","12":"instock","13":"product-type-external"},"brands":[{"id":157,"name":"RIDEX","slug":"ridex"}],"_links":{"self":[{"href":"https:\/\/www.autonvaraosahaku.fi\/index.php?rest_route=\/wp\/v2\/product\/74584","targetHints":{"allow":["GET"]}}],"collection":[{"href":"https:\/\/www.autonvaraosahaku.fi\/index.php?rest_route=\/wp\/v2\/product"}],"about":[{"href":"https:\/\/www.autonvaraosahaku.fi\/index.php?rest_route=\/wp\/v2\/types\/product"}],"wp:attachment":[{"href":"https:\/\/www.autonvaraosahaku.fi\/index.php?rest_route=%2Fwp%2Fv2%2Fmedia&parent=74584"}],"wp:term":[{"taxonomy":"pwb-brand","embeddable":true,"href":"https:\/\/www.autonvaraosahaku.fi\/index.php?rest_route=%2Fwp%2Fv2%2Fpwb-brand&post=74584"},{"taxonomy":"product_cat","embeddable":true,"href":"https:\/\/www.autonvaraosahaku.fi\/index.php?rest_route=%2Fwp%2Fv2%2Fproduct_cat&post=74584"},{"taxonomy":"product_tag","embeddable":true,"href":"https:\/\/www.autonvaraosahaku.fi\/index.php?rest_route=%2Fwp%2Fv2%2Fproduct_tag&post=74584"}],"curies":[{"name":"wp","href":"https:\/\/api.w.org\/{rel}","templated":true}]}}