{"id":74585,"date":"2021-02-21T19:34:30","date_gmt":"2021-02-21T19:34:30","guid":{"rendered":"https:\/\/www.autonvaraosahaku.fi\/?product=ridex-458f0095-polttoainepumppu"},"modified":"2021-02-21T19:34:32","modified_gmt":"2021-02-21T19:34:32","slug":"ridex-458f0095-polttoainepumppu","status":"publish","type":"product","link":"https:\/\/www.autonvaraosahaku.fi\/?product=ridex-458f0095-polttoainepumppu","title":{"rendered":"RIDEX 458F0095 Polttoainepumppu"},"content":{"rendered":"<p>Pituus (mm): 104,5; Leveys (mm): 92,85; Korkeus (mm): 195; Paino [kg]: 0,98; Paine (bar): 3,5; K\u00e4ytt\u00f6: S\u00e4hk\u00f6inen; Korvaava tuote\/korvaava tiedote 2: Vaimennuksella; Valmistusvuoteen: 07\/1990; BMW: 5 E34,7 E32,5 Touring E34; 1118318, 1178839, 1180316, 1180318, 1181294, 1181354, 1181862, 1181864, 1183009, 16141118318, 16141178839, 16141180316, 16141180318, 16141181294, 16141181354, 16141181862, 16141181864, 16141183009, 16144138604, 16147161387, 4138604, 7161387<\/p>\n","protected":false},"excerpt":{"rendered":"<p>RIDEX Polttoainepumppu 458F0095  BMW,5 E34,7 E32,5 Touring E34<\/p>\n","protected":false},"featured_media":0,"template":"","meta":{"site-sidebar-layout":"default","site-content-layout":"default","ast-global-header-display":"","ast-main-header-display":"","ast-hfb-above-header-display":"","ast-hfb-below-header-display":"","ast-hfb-mobile-header-display":"","site-post-title":"","ast-breadcrumbs-content":"","ast-featured-img":"","footer-sml-layout":"","theme-transparent-header-meta":"","adv-header-id-meta":"","stick-header-meta":"","header-above-stick-meta":"","header-main-stick-meta":"","header-below-stick-meta":""},"pwb-brand":[157],"product_cat":[73],"product_tag":[],"class_list":{"0":"post-74585","1":"product","2":"type-product","3":"status-publish","5":"pwb-brand-ridex","6":"product_cat-polttoainepumppu","7":"desktop-align-left","8":"tablet-align-left","9":"mobile-align-left","11":"first","12":"instock","13":"product-type-external"},"brands":[{"id":157,"name":"RIDEX","slug":"ridex"}],"_links":{"self":[{"href":"https:\/\/www.autonvaraosahaku.fi\/index.php?rest_route=\/wp\/v2\/product\/74585","targetHints":{"allow":["GET"]}}],"collection":[{"href":"https:\/\/www.autonvaraosahaku.fi\/index.php?rest_route=\/wp\/v2\/product"}],"about":[{"href":"https:\/\/www.autonvaraosahaku.fi\/index.php?rest_route=\/wp\/v2\/types\/product"}],"wp:attachment":[{"href":"https:\/\/www.autonvaraosahaku.fi\/index.php?rest_route=%2Fwp%2Fv2%2Fmedia&parent=74585"}],"wp:term":[{"taxonomy":"pwb-brand","embeddable":true,"href":"https:\/\/www.autonvaraosahaku.fi\/index.php?rest_route=%2Fwp%2Fv2%2Fpwb-brand&post=74585"},{"taxonomy":"product_cat","embeddable":true,"href":"https:\/\/www.autonvaraosahaku.fi\/index.php?rest_route=%2Fwp%2Fv2%2Fproduct_cat&post=74585"},{"taxonomy":"product_tag","embeddable":true,"href":"https:\/\/www.autonvaraosahaku.fi\/index.php?rest_route=%2Fwp%2Fv2%2Fproduct_tag&post=74585"}],"curies":[{"name":"wp","href":"https:\/\/api.w.org\/{rel}","templated":true}]}}