{"id":74596,"date":"2021-02-21T19:34:30","date_gmt":"2021-02-21T19:34:30","guid":{"rendered":"https:\/\/www.autonvaraosahaku.fi\/?product=topran-115-983-oljypumppu"},"modified":"2021-02-21T19:34:35","modified_gmt":"2021-02-21T19:34:35","slug":"topran-115-983-oljypumppu","status":"publish","type":"product","link":"https:\/\/www.autonvaraosahaku.fi\/?product=topran-115-983-oljypumppu","title":{"rendered":"TOPRAN 115 983 \u00d6ljypumppu"},"content":{"rendered":"<p>Kotelomateriaali: Alumiini; Korvaava tuote\/korvaava tiedote 2: Hammaspy\u00f6r\u00e4ll\u00e4; Hammasluku: 31; Huomioi j\u00e4rjestelm\u00e4-t\u00e4ytt\u00f6m\u00e4\u00e4r\u00e4: ; suositeltu korjauksenlaajennus ks. tarvikeluettelo: ; Moottorinumero: BGW; VW: GOLF IV 1J1,PASSAT Variant 3B6,GOLF IV Variant 1J5,SHARAN 7M8, 7M9, 7M6,TRANSPORTER V Bus 7HB, 7HJ, 7EB, 7EJ, 7EF,BORA 1J2,TRANSPORTER V Kasten 7HA, 7HH, 7EA, 7EH,PASSAT 3B3,BORA Kombi 1J6,TRANSPORTER V Pritsche\/Fahrgestell 7JD, 7JE, 7JL, 7JY, 7JZ,; AUDI: A3 8L1,A4 Avant 8E5, B6,A4 8E2, B6; SEAT: LEON 1M1,ALHAMBRA 7V8, 7V9,TOLEDO II 1M2; 038115105B, 038115105D, 038115105B, 038115105D, 038115105B, 038115105D<\/p>\n","protected":false},"excerpt":{"rendered":"<p>TOPRAN \u00d6ljypumppu 115 983  VW,AUDI,SEAT,GOLF IV 1J1,PASSAT Variant 3B6,GOLF IV Variant 1J5,SHARAN 7M8, 7M9, 7M6<\/p>\n","protected":false},"featured_media":0,"template":"","meta":{"site-sidebar-layout":"default","site-content-layout":"default","ast-global-header-display":"","ast-main-header-display":"","ast-hfb-above-header-display":"","ast-hfb-below-header-display":"","ast-hfb-mobile-header-display":"","site-post-title":"","ast-breadcrumbs-content":"","ast-featured-img":"","footer-sml-layout":"","theme-transparent-header-meta":"","adv-header-id-meta":"","stick-header-meta":"","header-above-stick-meta":"","header-main-stick-meta":"","header-below-stick-meta":""},"pwb-brand":[18],"product_cat":[447],"product_tag":[],"class_list":{"0":"post-74596","1":"product","2":"type-product","3":"status-publish","5":"pwb-brand-topran","6":"product_cat-oljypumppu","7":"desktop-align-left","8":"tablet-align-left","9":"mobile-align-left","11":"first","12":"instock","13":"product-type-external"},"brands":[{"id":18,"name":"TOPRAN","slug":"topran"}],"_links":{"self":[{"href":"https:\/\/www.autonvaraosahaku.fi\/index.php?rest_route=\/wp\/v2\/product\/74596","targetHints":{"allow":["GET"]}}],"collection":[{"href":"https:\/\/www.autonvaraosahaku.fi\/index.php?rest_route=\/wp\/v2\/product"}],"about":[{"href":"https:\/\/www.autonvaraosahaku.fi\/index.php?rest_route=\/wp\/v2\/types\/product"}],"wp:attachment":[{"href":"https:\/\/www.autonvaraosahaku.fi\/index.php?rest_route=%2Fwp%2Fv2%2Fmedia&parent=74596"}],"wp:term":[{"taxonomy":"pwb-brand","embeddable":true,"href":"https:\/\/www.autonvaraosahaku.fi\/index.php?rest_route=%2Fwp%2Fv2%2Fpwb-brand&post=74596"},{"taxonomy":"product_cat","embeddable":true,"href":"https:\/\/www.autonvaraosahaku.fi\/index.php?rest_route=%2Fwp%2Fv2%2Fproduct_cat&post=74596"},{"taxonomy":"product_tag","embeddable":true,"href":"https:\/\/www.autonvaraosahaku.fi\/index.php?rest_route=%2Fwp%2Fv2%2Fproduct_tag&post=74596"}],"curies":[{"name":"wp","href":"https:\/\/api.w.org\/{rel}","templated":true}]}}