{"id":74597,"date":"2021-02-21T19:34:30","date_gmt":"2021-02-21T19:34:30","guid":{"rendered":"https:\/\/www.autonvaraosahaku.fi\/?product=ridex-1382f0016-polttoainepumppu"},"modified":"2021-02-21T19:34:35","modified_gmt":"2021-02-21T19:34:35","slug":"ridex-1382f0016-polttoainepumppu","status":"publish","type":"product","link":"https:\/\/www.autonvaraosahaku.fi\/?product=ridex-1382f0016-polttoainepumppu","title":{"rendered":"RIDEX 1382F0016 Polttoainepumppu"},"content":{"rendered":"<p>Paine (bar): 3,5; K\u00e4ytt\u00f6: S\u00e4hk\u00f6inen; Siirtom\u00e4\u00e4r\u00e4 (l\/h): 140; Lis\u00e4tarvike\/lis\u00e4tieto: S\u00e4ili\u00f6n anturilla; Polttoaine: Diesel; Valmistusvuosi alkaen: 06\/2000; FIAT: ULYSSE 179AX,ULYSSE 220,SCUDO Kasten 220L,SCUDO Combinato 220P; PEUGEOT: 206 Schr\u00e4gheck 2A\/C,206 SW 2E\/K,406 Break 8E\/F,406 8B; LANCIA: ZETA 220; 1490373080, 1613302980, 1490373080, 1613302980, 1525P3, 1525T3, 1525Y3, 1607402080, 9638028680, 9642124380; Polttoaineen Sy\u00f6tt\u00f6yksikk\u00f6<\/p>\n","protected":false},"excerpt":{"rendered":"<p>RIDEX Polttoainepumppu 1382F0016 Polttoaineen Sy\u00f6tt\u00f6yksikk\u00f6 FIAT,PEUGEOT,LANCIA,ULYSSE 179AX,ULYSSE 220,SCUDO Kasten 220L,SCUDO Combinato 220P<\/p>\n","protected":false},"featured_media":0,"template":"","meta":{"site-sidebar-layout":"default","site-content-layout":"default","ast-global-header-display":"","ast-main-header-display":"","ast-hfb-above-header-display":"","ast-hfb-below-header-display":"","ast-hfb-mobile-header-display":"","site-post-title":"","ast-breadcrumbs-content":"","ast-featured-img":"","footer-sml-layout":"","theme-transparent-header-meta":"","adv-header-id-meta":"","stick-header-meta":"","header-above-stick-meta":"","header-main-stick-meta":"","header-below-stick-meta":""},"pwb-brand":[157],"product_cat":[73],"product_tag":[],"class_list":{"0":"post-74597","1":"product","2":"type-product","3":"status-publish","5":"pwb-brand-ridex","6":"product_cat-polttoainepumppu","7":"desktop-align-left","8":"tablet-align-left","9":"mobile-align-left","11":"first","12":"instock","13":"product-type-external"},"brands":[{"id":157,"name":"RIDEX","slug":"ridex"}],"_links":{"self":[{"href":"https:\/\/www.autonvaraosahaku.fi\/index.php?rest_route=\/wp\/v2\/product\/74597","targetHints":{"allow":["GET"]}}],"collection":[{"href":"https:\/\/www.autonvaraosahaku.fi\/index.php?rest_route=\/wp\/v2\/product"}],"about":[{"href":"https:\/\/www.autonvaraosahaku.fi\/index.php?rest_route=\/wp\/v2\/types\/product"}],"wp:attachment":[{"href":"https:\/\/www.autonvaraosahaku.fi\/index.php?rest_route=%2Fwp%2Fv2%2Fmedia&parent=74597"}],"wp:term":[{"taxonomy":"pwb-brand","embeddable":true,"href":"https:\/\/www.autonvaraosahaku.fi\/index.php?rest_route=%2Fwp%2Fv2%2Fpwb-brand&post=74597"},{"taxonomy":"product_cat","embeddable":true,"href":"https:\/\/www.autonvaraosahaku.fi\/index.php?rest_route=%2Fwp%2Fv2%2Fproduct_cat&post=74597"},{"taxonomy":"product_tag","embeddable":true,"href":"https:\/\/www.autonvaraosahaku.fi\/index.php?rest_route=%2Fwp%2Fv2%2Fproduct_tag&post=74597"}],"curies":[{"name":"wp","href":"https:\/\/api.w.org\/{rel}","templated":true}]}}