{"id":74607,"date":"2021-02-21T19:34:37","date_gmt":"2021-02-21T19:34:37","guid":{"rendered":"https:\/\/www.autonvaraosahaku.fi\/?product=ridex-689c0256-sytytyspuola"},"modified":"2021-02-21T19:34:39","modified_gmt":"2021-02-21T19:34:39","slug":"ridex-689c0256-sytytyspuola","status":"publish","type":"product","link":"https:\/\/www.autonvaraosahaku.fi\/?product=ridex-689c0256-sytytyspuola","title":{"rendered":"RIDEX 689C0256 Sytytyspuola"},"content":{"rendered":"<p>Napojen m\u00e4\u00e4r\u00e4: 6; Sytytyspuola: Sytytystulppakoskettimella; Tarvittava kappalem\u00e4\u00e4r\u00e4: 1; Valmistusvuosi alkaen: 05\/2000; PEUGEOT: 206 Schr\u00e4gheck 2A\/C,307 CC 3B,407 SW 6E_,307 3A\/C,807 E,307 Break 3E,607 9D, 9U,407 6D_,406 Break 8E\/F,406 Coupe 8C,406 8B,407 Coupe 6C_; CITRO\u00cbN: C8 EA_, EB_,C4 I LC_,C4 Coupe LA_; 0000597084, 597076, 597084, 5970A5, 9635172580, 9645333180, 0000597084, 597076, 597084, 5970A5, 9635172580, 9645333180<\/p>\n","protected":false},"excerpt":{"rendered":"<p>RIDEX Sytytyspuola 689C0256  PEUGEOT,CITRO\u00cbN,206 Schr\u00e4gheck 2A\/C,307 CC 3B,407 SW 6E_,307 3A\/C,807 E,307 Break 3E,607 9D, 9U,407 6D_,406 Break 8E\/F<\/p>\n","protected":false},"featured_media":0,"template":"","meta":{"site-sidebar-layout":"default","site-content-layout":"default","ast-global-header-display":"","ast-main-header-display":"","ast-hfb-above-header-display":"","ast-hfb-below-header-display":"","ast-hfb-mobile-header-display":"","site-post-title":"","ast-breadcrumbs-content":"","ast-featured-img":"","footer-sml-layout":"","theme-transparent-header-meta":"","adv-header-id-meta":"","stick-header-meta":"","header-above-stick-meta":"","header-main-stick-meta":"","header-below-stick-meta":""},"pwb-brand":[157],"product_cat":[25],"product_tag":[],"class_list":{"0":"post-74607","1":"product","2":"type-product","3":"status-publish","5":"pwb-brand-ridex","6":"product_cat-sytytyspuola","7":"desktop-align-left","8":"tablet-align-left","9":"mobile-align-left","11":"first","12":"instock","13":"product-type-external"},"brands":[{"id":157,"name":"RIDEX","slug":"ridex"}],"_links":{"self":[{"href":"https:\/\/www.autonvaraosahaku.fi\/index.php?rest_route=\/wp\/v2\/product\/74607","targetHints":{"allow":["GET"]}}],"collection":[{"href":"https:\/\/www.autonvaraosahaku.fi\/index.php?rest_route=\/wp\/v2\/product"}],"about":[{"href":"https:\/\/www.autonvaraosahaku.fi\/index.php?rest_route=\/wp\/v2\/types\/product"}],"wp:attachment":[{"href":"https:\/\/www.autonvaraosahaku.fi\/index.php?rest_route=%2Fwp%2Fv2%2Fmedia&parent=74607"}],"wp:term":[{"taxonomy":"pwb-brand","embeddable":true,"href":"https:\/\/www.autonvaraosahaku.fi\/index.php?rest_route=%2Fwp%2Fv2%2Fpwb-brand&post=74607"},{"taxonomy":"product_cat","embeddable":true,"href":"https:\/\/www.autonvaraosahaku.fi\/index.php?rest_route=%2Fwp%2Fv2%2Fproduct_cat&post=74607"},{"taxonomy":"product_tag","embeddable":true,"href":"https:\/\/www.autonvaraosahaku.fi\/index.php?rest_route=%2Fwp%2Fv2%2Fproduct_tag&post=74607"}],"curies":[{"name":"wp","href":"https:\/\/api.w.org\/{rel}","templated":true}]}}