{"id":74620,"date":"2021-02-21T19:34:44","date_gmt":"2021-02-21T19:34:44","guid":{"rendered":"https:\/\/www.autonvaraosahaku.fi\/?product=topran-113-599-polttoainepumpun-rele"},"modified":"2021-02-21T19:34:45","modified_gmt":"2021-02-21T19:34:45","slug":"topran-113-599-polttoainepumpun-rele","status":"publish","type":"product","link":"https:\/\/www.autonvaraosahaku.fi\/?product=topran-113-599-polttoainepumpun-rele","title":{"rendered":"TOPRAN 113 599 Polttoainepumpun rele"},"content":{"rendered":"<p>Nimellisj\u00e4nnite (V): 12; Napojen m\u00e4\u00e4r\u00e4: 5; Rele numero: 208, 372; Relekosketin paikkanumero: 6; VW: PASSAT Variant 3B6,PASSAT Variant 3B5,PASSAT 3B2,PASSAT 3B3; AUDI: A4 8D2, B5,A6 Avant 4B5, C5,A4 Avant 8D5, B5,A6 4B2, C5,100 4A, C4,A8 4D2, 4D8,A6 Avant 4A, C4,A6 4A, C4,100 Avant 4A, C4; 4D0951253, 4D0951253; Rele, Polttoainepumppu<\/p>\n","protected":false},"excerpt":{"rendered":"<p>TOPRAN Polttoainepumpun Rele 113 599 Rele, Polttoainepumppu VW,AUDI,PASSAT Variant 3B6,PASSAT Variant 3B5,PASSAT 3B2,PASSAT 3B3,A4 8D2, B5<\/p>\n","protected":false},"featured_media":0,"template":"","meta":{"site-sidebar-layout":"default","site-content-layout":"default","ast-global-header-display":"","ast-main-header-display":"","ast-hfb-above-header-display":"","ast-hfb-below-header-display":"","ast-hfb-mobile-header-display":"","site-post-title":"","ast-breadcrumbs-content":"","ast-featured-img":"","footer-sml-layout":"","theme-transparent-header-meta":"","adv-header-id-meta":"","stick-header-meta":"","header-above-stick-meta":"","header-main-stick-meta":"","header-below-stick-meta":""},"pwb-brand":[18],"product_cat":[132],"product_tag":[],"class_list":{"0":"post-74620","1":"product","2":"type-product","3":"status-publish","5":"pwb-brand-topran","6":"product_cat-polttoainepumpun-rele","7":"desktop-align-left","8":"tablet-align-left","9":"mobile-align-left","11":"first","12":"instock","13":"product-type-external"},"brands":[{"id":18,"name":"TOPRAN","slug":"topran"}],"_links":{"self":[{"href":"https:\/\/www.autonvaraosahaku.fi\/index.php?rest_route=\/wp\/v2\/product\/74620","targetHints":{"allow":["GET"]}}],"collection":[{"href":"https:\/\/www.autonvaraosahaku.fi\/index.php?rest_route=\/wp\/v2\/product"}],"about":[{"href":"https:\/\/www.autonvaraosahaku.fi\/index.php?rest_route=\/wp\/v2\/types\/product"}],"wp:attachment":[{"href":"https:\/\/www.autonvaraosahaku.fi\/index.php?rest_route=%2Fwp%2Fv2%2Fmedia&parent=74620"}],"wp:term":[{"taxonomy":"pwb-brand","embeddable":true,"href":"https:\/\/www.autonvaraosahaku.fi\/index.php?rest_route=%2Fwp%2Fv2%2Fpwb-brand&post=74620"},{"taxonomy":"product_cat","embeddable":true,"href":"https:\/\/www.autonvaraosahaku.fi\/index.php?rest_route=%2Fwp%2Fv2%2Fproduct_cat&post=74620"},{"taxonomy":"product_tag","embeddable":true,"href":"https:\/\/www.autonvaraosahaku.fi\/index.php?rest_route=%2Fwp%2Fv2%2Fproduct_tag&post=74620"}],"curies":[{"name":"wp","href":"https:\/\/api.w.org\/{rel}","templated":true}]}}