{"id":74626,"date":"2021-02-21T19:34:44","date_gmt":"2021-02-21T19:34:44","guid":{"rendered":"https:\/\/www.autonvaraosahaku.fi\/?product=remsa-6189-10-jarrulevyt"},"modified":"2021-02-21T19:34:46","modified_gmt":"2021-02-21T19:34:46","slug":"remsa-6189-10-jarrulevyt","status":"publish","type":"product","link":"https:\/\/www.autonvaraosahaku.fi\/?product=remsa-6189-10-jarrulevyt","title":{"rendered":"REMSA 6189.10 Jarrulevyt"},"content":{"rendered":"<p>Tarkistuskilpi: K.B.A.: 61209; Asennuspuoli: Etuakseli; L\u00e4pimitta [mm]: 257; Korkeus (mm): 40,5; Jarrulevytyyppi: Tuuletettu; Jarrulevyn paksuus (mm): 20; V\u00e4himm\u00e4ispaksuus (mm): 18,2; Reikien m\u00e4\u00e4r\u00e4: 4; keskitt\u00e4misl\u00e4pimitta [mm]: 59; Paino [kg]: 4,87; Valmistusvuoteen: 03\/1995; LAND ROVER: 88\/109; LANCIA: YPSILON 843,MUSA 350,DELTA II 836,DEDRA 835,DEDRA SW 835; FIAT: GRANDE PUNTO 199,PUNTO 188,PANDA 169,BRAVO II 198,BARCHETTA 183,DOBLO Cargo 223,PUNTO 176,DOBLO 119,IDEA,STRADA Pick-up 178E,PUNTO Van 188AX,BRAVO I 182,BRAVA 182,MAREA Weekend 185,PALIO Weekend 178DX,LINEA 323,TIPO 160,STRADA Pick-up 578_,MAREA 185,TEMPRA 159,TEMPRA S.W. 159,SIENA 178_; ALFA ROMEO: 145 930,155 167,146 930; 0060806137, 0060810076, 0060811256, 0060811266, 60806137, 60810076, 60811256, 60811266, 61810076, 46416712, 46423415, 51749124, 71738145, 7645056, 7779409, 46416712, 46423415, 7645056, 7779409, 230231; Jarrulevy<\/p>\n","protected":false},"excerpt":{"rendered":"<p>REMSA Jarrulevyt 6189.10 Jarrulevy LAND ROVER,LANCIA,FIAT,88\/109,YPSILON 843,MUSA 350,DELTA II 836,DEDRA 835,DEDRA SW 835,GRANDE PUNTO 199,PUNTO 188<\/p>\n","protected":false},"featured_media":0,"template":"","meta":{"site-sidebar-layout":"default","site-content-layout":"default","ast-global-header-display":"","ast-main-header-display":"","ast-hfb-above-header-display":"","ast-hfb-below-header-display":"","ast-hfb-mobile-header-display":"","site-post-title":"","ast-breadcrumbs-content":"","ast-featured-img":"","footer-sml-layout":"","theme-transparent-header-meta":"","adv-header-id-meta":"","stick-header-meta":"","header-above-stick-meta":"","header-main-stick-meta":"","header-below-stick-meta":""},"pwb-brand":[486],"product_cat":[66],"product_tag":[],"class_list":{"0":"post-74626","1":"product","2":"type-product","3":"status-publish","5":"pwb-brand-remsa","6":"product_cat-jarrulevyt","7":"desktop-align-left","8":"tablet-align-left","9":"mobile-align-left","11":"first","12":"instock","13":"product-type-external"},"brands":[{"id":486,"name":"REMSA","slug":"remsa"}],"_links":{"self":[{"href":"https:\/\/www.autonvaraosahaku.fi\/index.php?rest_route=\/wp\/v2\/product\/74626","targetHints":{"allow":["GET"]}}],"collection":[{"href":"https:\/\/www.autonvaraosahaku.fi\/index.php?rest_route=\/wp\/v2\/product"}],"about":[{"href":"https:\/\/www.autonvaraosahaku.fi\/index.php?rest_route=\/wp\/v2\/types\/product"}],"wp:attachment":[{"href":"https:\/\/www.autonvaraosahaku.fi\/index.php?rest_route=%2Fwp%2Fv2%2Fmedia&parent=74626"}],"wp:term":[{"taxonomy":"pwb-brand","embeddable":true,"href":"https:\/\/www.autonvaraosahaku.fi\/index.php?rest_route=%2Fwp%2Fv2%2Fpwb-brand&post=74626"},{"taxonomy":"product_cat","embeddable":true,"href":"https:\/\/www.autonvaraosahaku.fi\/index.php?rest_route=%2Fwp%2Fv2%2Fproduct_cat&post=74626"},{"taxonomy":"product_tag","embeddable":true,"href":"https:\/\/www.autonvaraosahaku.fi\/index.php?rest_route=%2Fwp%2Fv2%2Fproduct_tag&post=74626"}],"curies":[{"name":"wp","href":"https:\/\/api.w.org\/{rel}","templated":true}]}}