{"id":7470,"date":"2021-02-21T14:00:16","date_gmt":"2021-02-21T14:00:16","guid":{"rendered":"https:\/\/www.autonvaraosahaku.fi\/?product=lemforder-39129-01-muut-luokat"},"modified":"2021-02-21T14:00:17","modified_gmt":"2021-02-21T14:00:17","slug":"lemforder-39129-01-muut-luokat","status":"publish","type":"product","link":"https:\/\/www.autonvaraosahaku.fi\/?product=lemforder-39129-01-muut-luokat","title":{"rendered":"LEMF\u00d6RDER 39129 01 Muut luokat"},"content":{"rendered":"<p>Asennuspuoli: Etuakseli, Yl\u00e4puolella, Molemminpuolin; tuotenumerolle: 27027 01, 27028 01, 27029 01, 27030 01, 36699 01, 36700 01; VW: PHAETON 3D_; AUDI: A6 Avant 4F5, C6,A6 4F2, C6,A8 4E_,A6 Allroad 4FH, C6; 4E0407505E, 4E0407506E, 4E0407509E, 4E0407509G, 4E0407510E, 4E0407510G, N10100505, N10106402, N10241202, N10286110, N10406105, N10425302, N10576802, N90074404, N90183802, N91001202, WHT001485, N10106402, N10286110, N10425302, N10106402, N10241202, N10286110, N10425302, N90074404, N10100505, N10106402, N10241202, N10286110, N10406105, N10425302, N10576802, N90074404, N90183802, N91001202, WHT001485, N10100505, N10106402, N10241202, N10286110, N10406105, N10425302, N10576802, N90074404, N90183802, WHT001485, 4E0407505E, 4E0407506E, 4E0407509E, 4E0407509G, 4E0407510E, 4E0407510G, N0347908, N10100505, N10106402, N10241202, N10286110, N10406105, N10425302, N10491802, N10576802, N90074404, N90183802, N91001202, WHT001485<\/p>\n","protected":false},"excerpt":{"rendered":"<p>LEMF\u00d6RDER Korjaussarja, Py\u00f6r\u00e4ntuenta Service Pack 39129 01  VW,AUDI,PHAETON 3D_,A6 Avant 4F5, C6,A6 4F2, C6,A8 4E_,A6 Allroad 4FH, C6<\/p>\n","protected":false},"featured_media":0,"template":"","meta":{"site-sidebar-layout":"default","site-content-layout":"default","ast-global-header-display":"","ast-main-header-display":"","ast-hfb-above-header-display":"","ast-hfb-below-header-display":"","ast-hfb-mobile-header-display":"","site-post-title":"","ast-breadcrumbs-content":"","ast-featured-img":"","footer-sml-layout":"","theme-transparent-header-meta":"","adv-header-id-meta":"","stick-header-meta":"","header-above-stick-meta":"","header-main-stick-meta":"","header-below-stick-meta":""},"pwb-brand":[77],"product_cat":[37],"product_tag":[],"class_list":{"0":"post-7470","1":"product","2":"type-product","3":"status-publish","5":"pwb-brand-lemforder","6":"product_cat-muut-luokat","7":"desktop-align-left","8":"tablet-align-left","9":"mobile-align-left","11":"first","12":"instock","13":"product-type-external"},"brands":[{"id":77,"name":"LEMF\u00d6RDER","slug":"lemforder"}],"_links":{"self":[{"href":"https:\/\/www.autonvaraosahaku.fi\/index.php?rest_route=\/wp\/v2\/product\/7470","targetHints":{"allow":["GET"]}}],"collection":[{"href":"https:\/\/www.autonvaraosahaku.fi\/index.php?rest_route=\/wp\/v2\/product"}],"about":[{"href":"https:\/\/www.autonvaraosahaku.fi\/index.php?rest_route=\/wp\/v2\/types\/product"}],"wp:attachment":[{"href":"https:\/\/www.autonvaraosahaku.fi\/index.php?rest_route=%2Fwp%2Fv2%2Fmedia&parent=7470"}],"wp:term":[{"taxonomy":"pwb-brand","embeddable":true,"href":"https:\/\/www.autonvaraosahaku.fi\/index.php?rest_route=%2Fwp%2Fv2%2Fpwb-brand&post=7470"},{"taxonomy":"product_cat","embeddable":true,"href":"https:\/\/www.autonvaraosahaku.fi\/index.php?rest_route=%2Fwp%2Fv2%2Fproduct_cat&post=7470"},{"taxonomy":"product_tag","embeddable":true,"href":"https:\/\/www.autonvaraosahaku.fi\/index.php?rest_route=%2Fwp%2Fv2%2Fproduct_tag&post=7470"}],"curies":[{"name":"wp","href":"https:\/\/api.w.org\/{rel}","templated":true}]}}