{"id":74710,"date":"2021-02-21T19:35:13","date_gmt":"2021-02-21T19:35:13","guid":{"rendered":"https:\/\/www.autonvaraosahaku.fi\/?product=monroe-l28527-alapallonivel"},"modified":"2021-02-21T19:35:16","modified_gmt":"2021-02-21T19:35:16","slug":"monroe-l28527-alapallonivel","status":"publish","type":"product","link":"https:\/\/www.autonvaraosahaku.fi\/?product=monroe-l28527-alapallonivel","title":{"rendered":"MONROE L28527 Alapallonivel"},"content":{"rendered":"<p>Paino [kg]: 0,700; Tarvittava kappalem\u00e4\u00e4r\u00e4: 2; Kartiomitta (mm): 18; Pakkauspituus [cm]: 13,5; Pakkausleveys [cm]: 9,5; Pakkauskorkeus [mm]: 7; Asennuspuoli: Vorderachse; CITRO\u00cbN: BERLINGO MF,XSARA PICASSO N68,BERLINGO Kasten M_,XSARA N1,XSARA Break N2,XSARA Coupe N0,XSARA Kasten,XSARA Kasten\/Schr\u00e4gheck; PEUGEOT: PARTNER Combispace 5F,PARTNER Kasten 5,PARTNER Pritsche\/Fahrgestell; 364050, 364051, 364052, 364050, 364051, 364052; Pallonivel<\/p>\n","protected":false},"excerpt":{"rendered":"<p>MONROE Alapallonivel L28527 Pallonivel CITRO\u00cbN,PEUGEOT,BERLINGO MF,XSARA PICASSO N68,BERLINGO Kasten M_,XSARA N1,XSARA Break N2,XSARA Coupe N0<\/p>\n","protected":false},"featured_media":0,"template":"","meta":{"site-sidebar-layout":"default","site-content-layout":"default","ast-global-header-display":"","ast-main-header-display":"","ast-hfb-above-header-display":"","ast-hfb-below-header-display":"","ast-hfb-mobile-header-display":"","site-post-title":"","ast-breadcrumbs-content":"","ast-featured-img":"","footer-sml-layout":"","theme-transparent-header-meta":"","adv-header-id-meta":"","stick-header-meta":"","header-above-stick-meta":"","header-main-stick-meta":"","header-below-stick-meta":""},"pwb-brand":[79],"product_cat":[93],"product_tag":[],"class_list":{"0":"post-74710","1":"product","2":"type-product","3":"status-publish","5":"pwb-brand-monroe","6":"product_cat-alapallonivel","7":"desktop-align-left","8":"tablet-align-left","9":"mobile-align-left","11":"first","12":"instock","13":"product-type-external"},"brands":[{"id":79,"name":"MONROE","slug":"monroe"}],"_links":{"self":[{"href":"https:\/\/www.autonvaraosahaku.fi\/index.php?rest_route=\/wp\/v2\/product\/74710","targetHints":{"allow":["GET"]}}],"collection":[{"href":"https:\/\/www.autonvaraosahaku.fi\/index.php?rest_route=\/wp\/v2\/product"}],"about":[{"href":"https:\/\/www.autonvaraosahaku.fi\/index.php?rest_route=\/wp\/v2\/types\/product"}],"wp:attachment":[{"href":"https:\/\/www.autonvaraosahaku.fi\/index.php?rest_route=%2Fwp%2Fv2%2Fmedia&parent=74710"}],"wp:term":[{"taxonomy":"pwb-brand","embeddable":true,"href":"https:\/\/www.autonvaraosahaku.fi\/index.php?rest_route=%2Fwp%2Fv2%2Fpwb-brand&post=74710"},{"taxonomy":"product_cat","embeddable":true,"href":"https:\/\/www.autonvaraosahaku.fi\/index.php?rest_route=%2Fwp%2Fv2%2Fproduct_cat&post=74710"},{"taxonomy":"product_tag","embeddable":true,"href":"https:\/\/www.autonvaraosahaku.fi\/index.php?rest_route=%2Fwp%2Fv2%2Fproduct_tag&post=74710"}],"curies":[{"name":"wp","href":"https:\/\/api.w.org\/{rel}","templated":true}]}}