{"id":74727,"date":"2021-02-21T19:35:21","date_gmt":"2021-02-21T19:35:21","guid":{"rendered":"https:\/\/www.autonvaraosahaku.fi\/?product=calorstat-by-vernet-ts1714-lampokytkin-jaahdyttimen-puhallin"},"modified":"2021-02-21T19:35:23","modified_gmt":"2021-02-21T19:35:23","slug":"calorstat-by-vernet-ts1714-lampokytkin-jaahdyttimen-puhallin","status":"publish","type":"product","link":"https:\/\/www.autonvaraosahaku.fi\/?product=calorstat-by-vernet-ts1714-lampokytkin-jaahdyttimen-puhallin","title":{"rendered":"CALORSTAT by Vernet TS1714 L\u00e4mp\u00f6kytkin j\u00e4\u00e4hdyttimen puhallin"},"content":{"rendered":"<p>Katkaisupiste (\u00b0C): 91; Kierremitta: M22x1.5; Teknisten tietojen numero: Circuit N.O.; Valmistusvuosi alkaen: 10\/1990; CITRO\u00cbN: BERLINGO MF,XSARA PICASSO N68,SAXO S0, S1,BERLINGO Kasten M_,C5 I DC_,C5 I Break DE_,XSARA N1,XANTIA X1,AX ZA-_,EVASION 22, U6,ZX N2,JUMPY U6U,JUMPY Kasten BS_, BT_, BY_, BZ_,XANTIA Break X1,ZX Break N2; PEUGEOT: 206 Schr\u00e4gheck 2A\/C,206 SW 2E\/K,106 II 1,306 Schr\u00e4gheck 7A, 7C, N3, N5,406 Break 8E\/F,PARTNER Combispace 5F,PARTNER Kasten 5,306 Break 7E, N3, N5,406 8B,806 221,EXPERT Tepee VF3V_,EXPERT Kasten VF3A_, VF3U_, VF3X_,306 7B, N3, N5,EXPERT Kasten 222,206 Stufenheck,EXPERT 224,106 Van 1_,306 Van N_, 7_,EXPERT Pritsche\/Fahrgestell 223,EXPERT Pritsche\/Fahrgestell,PARTNER Pritsche\/Fahrgestell,306 Kasten\/Schr\u00e4gheck<\/p>\n","protected":false},"excerpt":{"rendered":"<p>CALORSTAT by Vernet L\u00e4mp\u00f6kytkin J\u00e4\u00e4hdyttimen Puhallin TS1714  CITRO\u00cbN,PEUGEOT,BERLINGO MF,XSARA PICASSO N68,SAXO S0, S1,BERLINGO Kasten M_,C5 I DC_<\/p>\n","protected":false},"featured_media":0,"template":"","meta":{"site-sidebar-layout":"default","site-content-layout":"default","ast-global-header-display":"","ast-main-header-display":"","ast-hfb-above-header-display":"","ast-hfb-below-header-display":"","ast-hfb-mobile-header-display":"","site-post-title":"","ast-breadcrumbs-content":"","ast-featured-img":"","footer-sml-layout":"","theme-transparent-header-meta":"","adv-header-id-meta":"","stick-header-meta":"","header-above-stick-meta":"","header-main-stick-meta":"","header-below-stick-meta":""},"pwb-brand":[343],"product_cat":[290],"product_tag":[],"class_list":{"0":"post-74727","1":"product","2":"type-product","3":"status-publish","5":"pwb-brand-calorstat-by-vernet","6":"product_cat-lampokytkin-jaahdyttimen-puhallin","7":"desktop-align-left","8":"tablet-align-left","9":"mobile-align-left","11":"first","12":"instock","13":"product-type-external"},"brands":[{"id":343,"name":"CALORSTAT by Vernet","slug":"calorstat-by-vernet"}],"_links":{"self":[{"href":"https:\/\/www.autonvaraosahaku.fi\/index.php?rest_route=\/wp\/v2\/product\/74727","targetHints":{"allow":["GET"]}}],"collection":[{"href":"https:\/\/www.autonvaraosahaku.fi\/index.php?rest_route=\/wp\/v2\/product"}],"about":[{"href":"https:\/\/www.autonvaraosahaku.fi\/index.php?rest_route=\/wp\/v2\/types\/product"}],"wp:attachment":[{"href":"https:\/\/www.autonvaraosahaku.fi\/index.php?rest_route=%2Fwp%2Fv2%2Fmedia&parent=74727"}],"wp:term":[{"taxonomy":"pwb-brand","embeddable":true,"href":"https:\/\/www.autonvaraosahaku.fi\/index.php?rest_route=%2Fwp%2Fv2%2Fpwb-brand&post=74727"},{"taxonomy":"product_cat","embeddable":true,"href":"https:\/\/www.autonvaraosahaku.fi\/index.php?rest_route=%2Fwp%2Fv2%2Fproduct_cat&post=74727"},{"taxonomy":"product_tag","embeddable":true,"href":"https:\/\/www.autonvaraosahaku.fi\/index.php?rest_route=%2Fwp%2Fv2%2Fproduct_tag&post=74727"}],"curies":[{"name":"wp","href":"https:\/\/api.w.org\/{rel}","templated":true}]}}