{"id":74742,"date":"2021-02-21T19:35:28","date_gmt":"2021-02-21T19:35:28","guid":{"rendered":"https:\/\/www.autonvaraosahaku.fi\/?product=trw-jcs1149-jouset"},"modified":"2021-02-21T19:35:29","modified_gmt":"2021-02-21T19:35:29","slug":"trw-jcs1149-jouset","status":"publish","type":"product","link":"https:\/\/www.autonvaraosahaku.fi\/?product=trw-jcs1149-jouset","title":{"rendered":"TRW JCS1149 Jouset"},"content":{"rendered":"<p>Asennuspuoli: Taka-akseli; Paksuus [mm]: 10,25; Pituus (mm): 320; Ulkol\u00e4pimitta 1 [mm]: 109; Paino [kg]: 1,42; V\u00e4rikoodi: 1x green; Alustarakenne: f\u00fcr Fahrzeuge mit Standard Fahrwerk; FORD: FIESTA VI; 1514540, 1523225, 8V515560BC; Kierrejousi<\/p>\n","protected":false},"excerpt":{"rendered":"<p>TRW Jousi JCS1149 Kierrejousi FORD,FIESTA VI<\/p>\n","protected":false},"featured_media":0,"template":"","meta":{"site-sidebar-layout":"default","site-content-layout":"default","ast-global-header-display":"","ast-main-header-display":"","ast-hfb-above-header-display":"","ast-hfb-below-header-display":"","ast-hfb-mobile-header-display":"","site-post-title":"","ast-breadcrumbs-content":"","ast-featured-img":"","footer-sml-layout":"","theme-transparent-header-meta":"","adv-header-id-meta":"","stick-header-meta":"","header-above-stick-meta":"","header-main-stick-meta":"","header-below-stick-meta":""},"pwb-brand":[332],"product_cat":[171],"product_tag":[],"class_list":{"0":"post-74742","1":"product","2":"type-product","3":"status-publish","5":"pwb-brand-trw","6":"product_cat-jouset","7":"desktop-align-left","8":"tablet-align-left","9":"mobile-align-left","11":"first","12":"instock","13":"product-type-external"},"brands":[{"id":332,"name":"TRW","slug":"trw"}],"_links":{"self":[{"href":"https:\/\/www.autonvaraosahaku.fi\/index.php?rest_route=\/wp\/v2\/product\/74742","targetHints":{"allow":["GET"]}}],"collection":[{"href":"https:\/\/www.autonvaraosahaku.fi\/index.php?rest_route=\/wp\/v2\/product"}],"about":[{"href":"https:\/\/www.autonvaraosahaku.fi\/index.php?rest_route=\/wp\/v2\/types\/product"}],"wp:attachment":[{"href":"https:\/\/www.autonvaraosahaku.fi\/index.php?rest_route=%2Fwp%2Fv2%2Fmedia&parent=74742"}],"wp:term":[{"taxonomy":"pwb-brand","embeddable":true,"href":"https:\/\/www.autonvaraosahaku.fi\/index.php?rest_route=%2Fwp%2Fv2%2Fpwb-brand&post=74742"},{"taxonomy":"product_cat","embeddable":true,"href":"https:\/\/www.autonvaraosahaku.fi\/index.php?rest_route=%2Fwp%2Fv2%2Fproduct_cat&post=74742"},{"taxonomy":"product_tag","embeddable":true,"href":"https:\/\/www.autonvaraosahaku.fi\/index.php?rest_route=%2Fwp%2Fv2%2Fproduct_tag&post=74742"}],"curies":[{"name":"wp","href":"https:\/\/api.w.org\/{rel}","templated":true}]}}