{"id":74762,"date":"2021-02-21T19:35:35","date_gmt":"2021-02-21T19:35:35","guid":{"rendered":"https:\/\/www.autonvaraosahaku.fi\/?product=valeo-837039-kytkinpaketti"},"modified":"2021-02-21T19:35:36","modified_gmt":"2021-02-21T19:35:36","slug":"valeo-837039-kytkinpaketti","status":"publish","type":"product","link":"https:\/\/www.autonvaraosahaku.fi\/?product=valeo-837039-kytkinpaketti","title":{"rendered":"VALEO 837039 Kytkinpaketti"},"content":{"rendered":"<p>Uusi osa: ; Korvaava tuote\/korvaava tiedote 2: Vauhtipy\u00f6r\u00e4ll\u00e4, Ruuvisarjalla, Kytkinlevyll\u00e4, irroitinlaakerilla; Moottorimalli: Moottoreihin, joissa kaksoismassa vauhtipy\u00f6r\u00e4; Kiristysmomentti: 30; Lis\u00e4tarvike\/lis\u00e4tieto: Painelevyll\u00e4; Ty\u00f6nt\u00f6voima [N]: 4500; Ulkol\u00e4pimitta 1 [mm]: 229; Hammasluku: 20; Paino [kg]: 17,91; Tuotelinja: FULLPACK DMF; Valmistusvuoteen: 06\/2004; FIAT: PUNTO 188,STILO 192,DOBLO Cargo 223,STILO Multi Wagon 192,DOBLO 119,IDEA,MULTIPLA 186,PUNTO Van 188AX,BRAVO I 182,BRAVA 182,MAREA Weekend 185,MAREA 185; 55190790, 71787708, 55185670, 55186439, 55190790, 55203007, 60801981, 71787708; Kytkinsarja<\/p>\n","protected":false},"excerpt":{"rendered":"<p>VALEO Kytkinpaketti 837039 Kytkinsarja FIAT,PUNTO 188,STILO 192,DOBLO Cargo 223,STILO Multi Wagon 192,DOBLO 119,IDEA,MULTIPLA 186,PUNTO Van 188AX<\/p>\n","protected":false},"featured_media":0,"template":"","meta":{"site-sidebar-layout":"default","site-content-layout":"default","ast-global-header-display":"","ast-main-header-display":"","ast-hfb-above-header-display":"","ast-hfb-below-header-display":"","ast-hfb-mobile-header-display":"","site-post-title":"","ast-breadcrumbs-content":"","ast-featured-img":"","footer-sml-layout":"","theme-transparent-header-meta":"","adv-header-id-meta":"","stick-header-meta":"","header-above-stick-meta":"","header-main-stick-meta":"","header-below-stick-meta":""},"pwb-brand":[28],"product_cat":[21],"product_tag":[],"class_list":{"0":"post-74762","1":"product","2":"type-product","3":"status-publish","5":"pwb-brand-valeo","6":"product_cat-kytkinpaketti","7":"desktop-align-left","8":"tablet-align-left","9":"mobile-align-left","11":"first","12":"instock","13":"product-type-external"},"brands":[{"id":28,"name":"VALEO","slug":"valeo"}],"_links":{"self":[{"href":"https:\/\/www.autonvaraosahaku.fi\/index.php?rest_route=\/wp\/v2\/product\/74762","targetHints":{"allow":["GET"]}}],"collection":[{"href":"https:\/\/www.autonvaraosahaku.fi\/index.php?rest_route=\/wp\/v2\/product"}],"about":[{"href":"https:\/\/www.autonvaraosahaku.fi\/index.php?rest_route=\/wp\/v2\/types\/product"}],"wp:attachment":[{"href":"https:\/\/www.autonvaraosahaku.fi\/index.php?rest_route=%2Fwp%2Fv2%2Fmedia&parent=74762"}],"wp:term":[{"taxonomy":"pwb-brand","embeddable":true,"href":"https:\/\/www.autonvaraosahaku.fi\/index.php?rest_route=%2Fwp%2Fv2%2Fpwb-brand&post=74762"},{"taxonomy":"product_cat","embeddable":true,"href":"https:\/\/www.autonvaraosahaku.fi\/index.php?rest_route=%2Fwp%2Fv2%2Fproduct_cat&post=74762"},{"taxonomy":"product_tag","embeddable":true,"href":"https:\/\/www.autonvaraosahaku.fi\/index.php?rest_route=%2Fwp%2Fv2%2Fproduct_tag&post=74762"}],"curies":[{"name":"wp","href":"https:\/\/api.w.org\/{rel}","templated":true}]}}