{"id":74784,"date":"2021-02-21T19:35:42","date_gmt":"2021-02-21T19:35:42","guid":{"rendered":"https:\/\/www.autonvaraosahaku.fi\/?product=ridex-123b0055-jarrurumpu"},"modified":"2021-02-21T19:35:44","modified_gmt":"2021-02-21T19:35:44","slug":"ridex-123b0055-jarrurumpu","status":"publish","type":"product","link":"https:\/\/www.autonvaraosahaku.fi\/?product=ridex-123b0055-jarrurumpu","title":{"rendered":"RIDEX 123B0055 Jarrurumpu"},"content":{"rendered":"<p>Paino [kg]: 3,83; Reik\u00e4-\u00d8 [mm]: 61; Rumpul\u00e4pimitta: 180; Jarrurummun ulkol\u00e4pim. [mm]: 217; Suurin mahdollinen rummun sis\u00e4mitta (mm): 181; J-rumpu sis\u00e4leveys [mm]: 38,2; J-rumpu ulkoleveys [mm]: 61,5; Reikien m\u00e4\u00e4r\u00e4: 4; Laipan sis\u00e4l\u00e4pimitta [mm]: 61; Korvaava tuote\/korvaava tiedote 2: ilman ABS-sensorirengasta, ilman py\u00f6r\u00e4nlaakeria; Asennuspuoli: Hinterachse; HONDA: CRX III EH, EG,CRX II ED, EE,CIVIC V Hatchback EG,CIVIC IV Hatchback EC, ED, EE,INTEGRA Coupe DC2, DC4,CIVIC V Stufenheck EG, EH,CIVIC IV Stufenheck ED,CRX I AF, AS,CIVIC III Hatchback AL, AJ, AG, AH,CITY Stufenheck GD8\/GD9,CIVIC III Stufenheck AM, AK, AU,CIVIC I Shuttle AN, AR,CITY Stufenheck type Z; ROVER: 200 XH; 42610SB2000, 42610SB2010, 42610SB2760, 42610SB2761, DBP3798, DBP7508, DPB3798, GDB115<\/p>\n","protected":false},"excerpt":{"rendered":"<p>RIDEX Jarrurumpu 123B0055  HONDA,ROVER,CRX III EH, EG,CRX II ED, EE,CIVIC V Hatchback EG,CIVIC IV Hatchback EC, ED, EE,INTEGRA Coupe DC2, DC4<\/p>\n","protected":false},"featured_media":0,"template":"","meta":{"site-sidebar-layout":"default","site-content-layout":"default","ast-global-header-display":"","ast-main-header-display":"","ast-hfb-above-header-display":"","ast-hfb-below-header-display":"","ast-hfb-mobile-header-display":"","site-post-title":"","ast-breadcrumbs-content":"","ast-featured-img":"","footer-sml-layout":"","theme-transparent-header-meta":"","adv-header-id-meta":"","stick-header-meta":"","header-above-stick-meta":"","header-main-stick-meta":"","header-below-stick-meta":""},"pwb-brand":[157],"product_cat":[304],"product_tag":[],"class_list":{"0":"post-74784","1":"product","2":"type-product","3":"status-publish","5":"pwb-brand-ridex","6":"product_cat-jarrurumpu","7":"desktop-align-left","8":"tablet-align-left","9":"mobile-align-left","11":"first","12":"instock","13":"product-type-external"},"brands":[{"id":157,"name":"RIDEX","slug":"ridex"}],"_links":{"self":[{"href":"https:\/\/www.autonvaraosahaku.fi\/index.php?rest_route=\/wp\/v2\/product\/74784","targetHints":{"allow":["GET"]}}],"collection":[{"href":"https:\/\/www.autonvaraosahaku.fi\/index.php?rest_route=\/wp\/v2\/product"}],"about":[{"href":"https:\/\/www.autonvaraosahaku.fi\/index.php?rest_route=\/wp\/v2\/types\/product"}],"wp:attachment":[{"href":"https:\/\/www.autonvaraosahaku.fi\/index.php?rest_route=%2Fwp%2Fv2%2Fmedia&parent=74784"}],"wp:term":[{"taxonomy":"pwb-brand","embeddable":true,"href":"https:\/\/www.autonvaraosahaku.fi\/index.php?rest_route=%2Fwp%2Fv2%2Fpwb-brand&post=74784"},{"taxonomy":"product_cat","embeddable":true,"href":"https:\/\/www.autonvaraosahaku.fi\/index.php?rest_route=%2Fwp%2Fv2%2Fproduct_cat&post=74784"},{"taxonomy":"product_tag","embeddable":true,"href":"https:\/\/www.autonvaraosahaku.fi\/index.php?rest_route=%2Fwp%2Fv2%2Fproduct_tag&post=74784"}],"curies":[{"name":"wp","href":"https:\/\/api.w.org\/{rel}","templated":true}]}}