{"id":74858,"date":"2021-02-21T19:36:04","date_gmt":"2021-02-21T19:36:04","guid":{"rendered":"https:\/\/www.autonvaraosahaku.fi\/?product=triclo-316427-jaahdyttimen-korkki"},"modified":"2021-02-21T19:36:09","modified_gmt":"2021-02-21T19:36:09","slug":"triclo-316427-jaahdyttimen-korkki","status":"publish","type":"product","link":"https:\/\/www.autonvaraosahaku.fi\/?product=triclo-316427-jaahdyttimen-korkki","title":{"rendered":"TRICLO 316427 J\u00e4\u00e4hdyttimen korkki"},"content":{"rendered":"<p>VW: TRANSPORTER V Kasten 7HA, 7HH, 7EA, 7EH,TARO; MAZDA: 5 CR19,3 BK,6 Station Wagon GY,MX-5 II NB,2 DY,6 Kombi GH,2 DE,323 F VI BJ,PREMACY CP,CX-7 ER,6 Hatchback GG,6 GG,3 BL,MX-5 I NA,TRIBUTE EP,5 CW,MX-5 III NC,DEMIO DW,6 Schr\u00e4gheck GH,RX 8 SE17,626 V Hatchback GF,3 Stufenheck BK,6 GH,MPV II LW,626 V GF,626 V Station Wagon GW,323 P V BA,3 Stufenheck BL,626 IV Hatchback GE,MX-3 EC,FAMILIA VI BJ,B-SERIE UN,XEDOS 6 CA,BT-50 CD, UN,323 C IV BG,FAMILIA IV BF,XEDOS 9 TA,121 III JASM, JBSM,626 IV GE,FAMILIA V BA,FAMILIA V BG8,RX 7 II FC,323 III Hatchback BF,121 II DB,MX-6 GE,RX 7 I SA,626 III GD,FAMILIA IV BG,626 III Hatchback GD,626 III Coupe GD,E-SERIE Kasten SR2,626 III Station Wagon GV,626 II GC,626 II Hatchback GC,929 III HC,B-SERIE UF,323 III BF,MPV I LV,RX 7 III FD,929 II Coupe HB,323 III Station Wagon BW,323 II Hatchback BD,RX 7 II Cabriolet,121 I DA,323 I FA,323 II BD,929 II HB,626 I CB,323 I Station Wagon FA,E-SERIE Kasten,929 II Kombi HV,RX 5; CHEVROLET: CAPTIVA C100, C140,MATIZ M200, M250,NUBIRA Kombi,KALOS,AVEO Schr\u00e4gheck T250, T255,EPICA KL1_,LACETTI J200,REZZO,EVANDA,NUBIRA Stufenheck; DAEWOO: KALOS KLAS,MATIZ KLYA,REZZO KLAU,LANOS KLAT,EVANDA KLAL,LACETTI Schr\u00e4gheck KLAN,NUBIRA Stufenheck KLAN,KALOS Stufenheck KLAS,NUBIRA Wagon KLAN,NUBIRA Wagon KLAJ,LANOS Stufenheck KLAT,LEGANZA KLAV,NEXIA KLETN,NUBIRA Stufenheck KLAJ,ESPERO KLEJ,NUBIRA KLAJ,TICO KLY3,NEXIA Stufenheck KLETN; NISSAN: QASHQAI \/ QASHQAI +2 J10, JJ10,MICRA III K12,X-TRAIL T30,MICRA II K11,NOTE E11,ALMERA TINO V10,ALMERA II Hatchback N16,NAVARA D40,JUKE F15,PATHFINDER R51,X-TRAIL T31,PRIMERA P11,MICRA IV K13,PRIMERA Kombi WP12,PIXO UA0,PRIMERA P12,NV200 EVALIA,TERRANO II R20,PRIMERA Traveller WP11,350 Z Z33,PRIMERA Hatchback P11,MICRA C+C K12,MURANO Z50,PRIMERA Hatchback P12,PATROL GR II Wagon Y61,TIIDA Schr\u00e4gheck,NV200 Kasten,ALMERA I Hatchback N15,MURANO Z51,PICK UP D22,NAVARA D22,PATHFINDER R50,ALMERA Mk II N16,200 SX S13,MICRA I K10,370 Z Z34,PRIMASTAR Bus X83,ALMERA I N15,PICK UP D21,100 NX B13,SERENA C23M,200 SX S14,PATROL GR I Y60, GR,PRIMERA P10,350 Z Roadster Z33,PRIMASTAR Kasten X83,MAXIMA QX A33,GT-R R35,TERRANO I WD21,280 ZX,ZXT HGS130,300 ZX Z32,PATROL Hardtop K160,MAXIMA QX A32,CUBE Z12,INTERSTAR Kasten X70,300 ZX Z31,PATROL Station Wagon W260,PATROL Hardtop K260,TIIDA Stufenheck SC11X,SUNNY II Coupe B12,370 Z Roadster Z34,NP300,SUNNY III N14,VANETT; KIA: SORENTO I JC,PICANTO BA,SPORTAGE SL,CEE&#8217;D SW ED,CEE&#8217;D Schr\u00e4gheck ED,SPORTAGE JE_, KM_,SORENTO II XM,CARENS II FJ,RIO III UB,RIO II JB,CARENS III UN,CARNIVAL II GQ,CARNIVAL \/ GRAND CARNIVAL III VQ,RIO Kombi DC,PRO CEE&#8217;D ED,CERATO LD,MAGENTIS GD,MAGENTIS MG,SPORTAGE K00,CERATO Stufenheck LD,RIO II Stufenheck JB,RIO Stufenheck DC_,JOICE,SHUMA II FB,CARENS I FC,RETONA CE,SHUMA FB,PRIDE DA,SHUMA II Stufenheck FB,CLARUS K9A,CARNIVAL I UP,CLARUS Kombi GC,SEPHIA Stufenheck FA,PREGIO Kasten TB,SEPHIA FA,K2700 SD,PRIDE Kombi,SEPHIA FB,PREGIO Bus,K2500 SD,BESTA Bus; LEXUS: IS II GSE2_, ALE2_, USE2_,RX MHU3_, GSU3_, MCU3_,IS I JCE1_, GXE1_,GS GRS19_, UZS19_, GWS19_,RX GYL1_, GGL15, AGL10,GS UZS161, JZS160,IS SportCross,RX MCU15,IS III GSE3_, AVE3_,LS UCF20,GS GRL1_, GWL1_,SC UZZ40_,LS UCF30,LS UCF10,GS JZS147,IS C GSE2_,ES F1, F2; FORD USA: PROBE II ECP,PROBE I; HONDA: CIVIC VIII Hatchback FN, FK,JAZZ II GD,CR-V III RE,CIVIC VII Hatchback EU, EP, EV,JAZZ III GE,CR-V II RD_,ACCORD VII CL,CIVIC VI Hatchback EJ, EK,FR-V BE,CR-V IV RE,ACCORD VIII CU,ACCORD VII Tourer CM,ACCORD VI CG, CK,CIVIC IX FK,ACCORD VIII Kombi,CIVIC VI Fastback MA, MB,CRX III EH, EG,LOGO GA3,CIVIC VI Aerodeck MB, MC,STREAM RN,CR-V I RD,HR-V GH,CRX II ED, EE,CIVIC V Hatchback EG,PRELUDE V BB,CIVIC VII Coupe EM2,ACCORD VI Hatchback CH,CIVIC VIII Stufenheck FD, FA,ACCORD VI Coupe CG,INSIGHT ZE_,S2000 AP,CIVIC IV Hatchback EC, ED, EE,ACCORD V CE, CF,CIVIC VI Stufenheck EJ, EK,CR-Z ZF1,PRELUDE IV BB,CIVIC VI Coupe EJ, EM1,SHUTTLE RA,INTEGRA Coupe DC2, DC4,CIVIC V Coupe EJ,CIVIC VII Stufenheck ES,PRELUDE III BA,ACCORD IV CB,CIVIC V Stufenheck EG, EH,ACCORD V Aerodeck CE,ACCORD V CC, CD,LEGEND III KA9,ACCORD V Coupe CD,CONCERTO HW,LEGEND IV KB_,CIVIC IV Stufenheck ED,CRX I AF, AS,PRELUDE II AB,ACCORD III CA,LEGEND II Coupe KA8,JAZZ I AA,CIVIC III Hatchback ; HYUNDAI: ix35 LM, EL, ELH,i30 FD,GETZ TB,i10 PA,i20 PB, PBT,TUCSON JM,i30 CW FD,i40 CW VF,SANTA F\u00c9 I SM,SANTA F\u00c9 II CM,MATRIX FC,TERRACAN HP,COUPE GK,H-1 Travel TQ,ATOS MX,TRAJET FO,SONATA V NF,GALLOPER II JK-01,ix55,SONATA IV EF,GENESIS Coupe,ACCENT II LC,COUPE RD,i40 VF,H-1 Kasten,H-1 Cargo TQ,ACCENT III MC,H-1 \/ STAREX,ELANTRA XD,ACCENT III Stufenheck MC,ELANTRA Stufenheck XD,ACCENT I X-3,ACCENT II Stufenheck LC,GRANDEUR TG,XG XG,LANTRA II Wagon J-2,LANTRA II J-2,SANTAMO,ACCENT Stufenheck X-3,SONATA III Y-3,GALLOPER I,PONY X-2,LANTRA I J-1,S COUPE SLC,H100 Bus P,H100 Kasten,ELANTRA Stufenheck HD,PONY \/ EXCEL Stufenheck X-2,SONATA II Y-2,PONY,PORTER Pick-up,PONY Stufenheck X-1,PONY Wagon,HD LIGHT; 19045PIKE01, WL2115205, WL2115205, 2143001F01, 317120F000, 1792085C00, 1640172090; Korkki, J\u00e4\u00e4hdytin<\/p>\n","protected":false},"excerpt":{"rendered":"<p>TRICLO J\u00e4\u00e4hdyttimen Korkki 316427 Korkki, J\u00e4\u00e4hdytin VW,MAZDA,CHEVROLET,TRANSPORTER V Kasten 7HA, 7HH, 7EA, 7EH,TARO,5 CR19,3 BK,6 Station Wagon GY<\/p>\n","protected":false},"featured_media":0,"template":"","meta":{"site-sidebar-layout":"default","site-content-layout":"default","ast-global-header-display":"","ast-main-header-display":"","ast-hfb-above-header-display":"","ast-hfb-below-header-display":"","ast-hfb-mobile-header-display":"","site-post-title":"","ast-breadcrumbs-content":"","ast-featured-img":"","footer-sml-layout":"","theme-transparent-header-meta":"","adv-header-id-meta":"","stick-header-meta":"","header-above-stick-meta":"","header-main-stick-meta":"","header-below-stick-meta":""},"pwb-brand":[172],"product_cat":[173],"product_tag":[],"class_list":{"0":"post-74858","1":"product","2":"type-product","3":"status-publish","5":"pwb-brand-triclo","6":"product_cat-jaahdyttimen-korkki","7":"desktop-align-left","8":"tablet-align-left","9":"mobile-align-left","11":"first","12":"instock","13":"product-type-external"},"brands":[{"id":172,"name":"TRICLO","slug":"triclo"}],"_links":{"self":[{"href":"https:\/\/www.autonvaraosahaku.fi\/index.php?rest_route=\/wp\/v2\/product\/74858","targetHints":{"allow":["GET"]}}],"collection":[{"href":"https:\/\/www.autonvaraosahaku.fi\/index.php?rest_route=\/wp\/v2\/product"}],"about":[{"href":"https:\/\/www.autonvaraosahaku.fi\/index.php?rest_route=\/wp\/v2\/types\/product"}],"wp:attachment":[{"href":"https:\/\/www.autonvaraosahaku.fi\/index.php?rest_route=%2Fwp%2Fv2%2Fmedia&parent=74858"}],"wp:term":[{"taxonomy":"pwb-brand","embeddable":true,"href":"https:\/\/www.autonvaraosahaku.fi\/index.php?rest_route=%2Fwp%2Fv2%2Fpwb-brand&post=74858"},{"taxonomy":"product_cat","embeddable":true,"href":"https:\/\/www.autonvaraosahaku.fi\/index.php?rest_route=%2Fwp%2Fv2%2Fproduct_cat&post=74858"},{"taxonomy":"product_tag","embeddable":true,"href":"https:\/\/www.autonvaraosahaku.fi\/index.php?rest_route=%2Fwp%2Fv2%2Fproduct_tag&post=74858"}],"curies":[{"name":"wp","href":"https:\/\/api.w.org\/{rel}","templated":true}]}}