{"id":7486,"date":"2021-02-21T14:00:19","date_gmt":"2021-02-21T14:00:19","guid":{"rendered":"https:\/\/www.autonvaraosahaku.fi\/?product=master-sport-35491-pcs-ms-alatukivarsi"},"modified":"2021-02-21T14:00:20","modified_gmt":"2021-02-21T14:00:20","slug":"master-sport-35491-pcs-ms-alatukivarsi","status":"publish","type":"product","link":"https:\/\/www.autonvaraosahaku.fi\/?product=master-sport-35491-pcs-ms-alatukivarsi","title":{"rendered":"MASTER-SPORT 35491-PCS-MS Alatukivarsi"},"content":{"rendered":"<p>Asennuspuoli: Etuakseli, Vasen; Materiaali: Ter\u00e4slevy; Ohjausmalli: Poikittaistukivarsi; parilliset tuotenumerot: 35492-PCS-MS; Lukum\u00e4\u00e4r\u00e4 akselille: 1; Nettopaino [kg]: 3,42; Bruttopaino [kg]: 3,47; Jarrulevyl\u00e4pimitalle [mm]: 302; PEUGEOT: 207 WA_, WC_,207 CC WD_,207 SW WK_,208,2008,207 Stufenheck,205 I 741A\/C,207 Van; CITRO\u00cbN: C3 Picasso,C4 CACTUS,C3 III SX; 1622711380, 3520R7, 3520W5, 1622711380, 3520Q9, 3520R7, 3520W5; Tukivarsi,Tukivarsi, Py\u00f6r\u00e4ntuenta<\/p>\n","protected":false},"excerpt":{"rendered":"<p>MASTER-SPORT Alatukivarsi 35491-PCS-MS Tukivarsi,Tukivarsi, Py\u00f6r\u00e4ntuenta PEUGEOT,CITRO\u00cbN,207 WA_, WC_,207 CC WD_,207 SW WK_,208,2008,207 Stufenheck<\/p>\n","protected":false},"featured_media":0,"template":"","meta":{"site-sidebar-layout":"default","site-content-layout":"default","ast-global-header-display":"","ast-main-header-display":"","ast-hfb-above-header-display":"","ast-hfb-below-header-display":"","ast-hfb-mobile-header-display":"","site-post-title":"","ast-breadcrumbs-content":"","ast-featured-img":"","footer-sml-layout":"","theme-transparent-header-meta":"","adv-header-id-meta":"","stick-header-meta":"","header-above-stick-meta":"","header-main-stick-meta":"","header-below-stick-meta":""},"pwb-brand":[61],"product_cat":[62],"product_tag":[],"class_list":{"0":"post-7486","1":"product","2":"type-product","3":"status-publish","5":"pwb-brand-master-sport","6":"product_cat-alatukivarsi","7":"desktop-align-left","8":"tablet-align-left","9":"mobile-align-left","11":"first","12":"instock","13":"product-type-external"},"brands":[{"id":61,"name":"MASTER-SPORT","slug":"master-sport"}],"_links":{"self":[{"href":"https:\/\/www.autonvaraosahaku.fi\/index.php?rest_route=\/wp\/v2\/product\/7486","targetHints":{"allow":["GET"]}}],"collection":[{"href":"https:\/\/www.autonvaraosahaku.fi\/index.php?rest_route=\/wp\/v2\/product"}],"about":[{"href":"https:\/\/www.autonvaraosahaku.fi\/index.php?rest_route=\/wp\/v2\/types\/product"}],"wp:attachment":[{"href":"https:\/\/www.autonvaraosahaku.fi\/index.php?rest_route=%2Fwp%2Fv2%2Fmedia&parent=7486"}],"wp:term":[{"taxonomy":"pwb-brand","embeddable":true,"href":"https:\/\/www.autonvaraosahaku.fi\/index.php?rest_route=%2Fwp%2Fv2%2Fpwb-brand&post=7486"},{"taxonomy":"product_cat","embeddable":true,"href":"https:\/\/www.autonvaraosahaku.fi\/index.php?rest_route=%2Fwp%2Fv2%2Fproduct_cat&post=7486"},{"taxonomy":"product_tag","embeddable":true,"href":"https:\/\/www.autonvaraosahaku.fi\/index.php?rest_route=%2Fwp%2Fv2%2Fproduct_tag&post=7486"}],"curies":[{"name":"wp","href":"https:\/\/api.w.org\/{rel}","templated":true}]}}