{"id":74916,"date":"2021-02-21T19:36:25","date_gmt":"2021-02-21T19:36:25","guid":{"rendered":"https:\/\/www.autonvaraosahaku.fi\/?product=maxgear-33-0816-pyoranlaakerit"},"modified":"2021-02-21T19:36:30","modified_gmt":"2021-02-21T19:36:30","slug":"maxgear-33-0816-pyoranlaakerit","status":"publish","type":"product","link":"https:\/\/www.autonvaraosahaku.fi\/?product=maxgear-33-0816-pyoranlaakerit","title":{"rendered":"MAXGEAR 33-0816 Py\u00f6r\u00e4nlaakerit"},"content":{"rendered":"<p>Asennuspuoli: Etuakseli, Vasen, Oikea; Sis\u00e4l\u00e4pimitta [mm]: 30; Ulkol\u00e4pimitta [mm]: 126; Leveys (mm): 37,5; Ulkol\u00e4pimitta 2 [mm]: 120; Leveys 2 (mm): 93; CHRYSLER: SEBRING Cabriolet JR,STRATUS Cabriolet JX,SEBRING JR,STRATUS JA; 15649179, 4593462, 4593777, 7466964, 7470013; Py\u00f6r\u00e4nlaakerisarja<\/p>\n","protected":false},"excerpt":{"rendered":"<p>MAXGEAR Py\u00f6r\u00e4nlaakerit 33-0816 Py\u00f6r\u00e4nlaakerisarja CHRYSLER,SEBRING Cabriolet JR,STRATUS Cabriolet JX,SEBRING JR,STRATUS JA<\/p>\n","protected":false},"featured_media":0,"template":"","meta":{"site-sidebar-layout":"default","site-content-layout":"default","ast-global-header-display":"","ast-main-header-display":"","ast-hfb-above-header-display":"","ast-hfb-below-header-display":"","ast-hfb-mobile-header-display":"","site-post-title":"","ast-breadcrumbs-content":"","ast-featured-img":"","footer-sml-layout":"","theme-transparent-header-meta":"","adv-header-id-meta":"","stick-header-meta":"","header-above-stick-meta":"","header-main-stick-meta":"","header-below-stick-meta":""},"pwb-brand":[48],"product_cat":[83],"product_tag":[],"class_list":{"0":"post-74916","1":"product","2":"type-product","3":"status-publish","5":"pwb-brand-maxgear","6":"product_cat-pyoranlaakerit","7":"desktop-align-left","8":"tablet-align-left","9":"mobile-align-left","11":"first","12":"instock","13":"product-type-external"},"brands":[{"id":48,"name":"MAXGEAR","slug":"maxgear"}],"_links":{"self":[{"href":"https:\/\/www.autonvaraosahaku.fi\/index.php?rest_route=\/wp\/v2\/product\/74916","targetHints":{"allow":["GET"]}}],"collection":[{"href":"https:\/\/www.autonvaraosahaku.fi\/index.php?rest_route=\/wp\/v2\/product"}],"about":[{"href":"https:\/\/www.autonvaraosahaku.fi\/index.php?rest_route=\/wp\/v2\/types\/product"}],"wp:attachment":[{"href":"https:\/\/www.autonvaraosahaku.fi\/index.php?rest_route=%2Fwp%2Fv2%2Fmedia&parent=74916"}],"wp:term":[{"taxonomy":"pwb-brand","embeddable":true,"href":"https:\/\/www.autonvaraosahaku.fi\/index.php?rest_route=%2Fwp%2Fv2%2Fpwb-brand&post=74916"},{"taxonomy":"product_cat","embeddable":true,"href":"https:\/\/www.autonvaraosahaku.fi\/index.php?rest_route=%2Fwp%2Fv2%2Fproduct_cat&post=74916"},{"taxonomy":"product_tag","embeddable":true,"href":"https:\/\/www.autonvaraosahaku.fi\/index.php?rest_route=%2Fwp%2Fv2%2Fproduct_tag&post=74916"}],"curies":[{"name":"wp","href":"https:\/\/api.w.org\/{rel}","templated":true}]}}