{"id":7492,"date":"2021-02-21T14:00:19","date_gmt":"2021-02-21T14:00:19","guid":{"rendered":"https:\/\/www.autonvaraosahaku.fi\/?product=ashika-51-00-00007-jarrupalat"},"modified":"2021-02-21T14:00:21","modified_gmt":"2021-02-21T14:00:21","slug":"ashika-51-00-00007-jarrupalat","status":"publish","type":"product","link":"https:\/\/www.autonvaraosahaku.fi\/?product=ashika-51-00-00007-jarrupalat","title":{"rendered":"ASHIKA 51-00-00007 Jarrupalat"},"content":{"rendered":"<p>Asennuspuoli: Taka-akseli; Paksuus [mm]: 16,9; Pituus (mm): 105; Leveys (mm): 55,5; Jarruj\u00e4rjestelm\u00e4: TRW; WVA-numero: 23914; M\u00e4\u00e4r\u00e4yksikk\u00f6: Akselisarja; Jarrulevyl\u00e4pimitalle [mm]: 256; VW: GOLF V 1K1,TOURAN 1T1, 1T2,GOLF VI 5K1,PASSAT Variant 3C5,GOLF PLUS 5M1, 521,PASSAT 3C2,CADDY III Kombi 2KB, 2KJ, 2CB, 2CJ,GOLF VI Variant AJ5,GOLF V Variant 1K5,CADDY III Kasten 2KA, 2KH, 2CA, 2CH,EOS 1F7, 1F8,SCIROCCO 137, 138,JETTA III 1K2,CC 358,GOLF VI Cabriolet 517; AUDI: A6 Avant 4F5, C6,A3 8P1,A3 Sportback 8PA,A4 8D2, B5,A4 Avant 8ED, B7,A6 Avant 4B5, C5,A6 4F2, C6,A4 Cabriolet 8H7, B6, 8HE, B7,A4 8EC, B7,TT 8J3,A6 Allroad 4FH, C6,TT Roadster 8J9; SKODA: OCTAVIA Combi 1Z5,YETI 5L,SUPERB Kombi 3T5,OCTAVIA 1Z3,SUPERB 3U4,SUPERB 3T4; SEAT: LEON 1P1,ALTEA 5P1,LEON 5F1,ALTEA XL 5P5, 5P8,EXEO ST 3R5,EXEO 3R2,LEON SC 5F5,TOLEDO III 5P2; 1K0698451, 1K0698451B, 1K0698451E, 3AA698451, 3C0698451B, 4F0698451A, 4F0698451E, 5N0698451, 8E0698451J, 8E0698451M, 1K0698451D, 1K0698451G, 1K0698451K, 8E0698451J, 1K0698451D, 1K0698451G, 1K0698451K, 1K0698451, 1K0698451D, 1K0698451F, 1K0698451G, 1K0698451H, 1K0698451K, 3C0698451, 3C0698451A, 3C0698451B, 3C0698451D, 4F0698451A, 4F0698451D, 8E0698451F, 8E0698451J; Jarrupalasarja,Jarrupala, Levyjarru<\/p>\n","protected":false},"excerpt":{"rendered":"<p>ASHIKA Jarrupalat 51-00-00007 Jarrupalasarja,Jarrupala, Levyjarru VW,AUDI,SKODA,GOLF V 1K1,TOURAN 1T1, 1T2,GOLF VI 5K1,PASSAT Variant 3C5<\/p>\n","protected":false},"featured_media":0,"template":"","meta":{"site-sidebar-layout":"default","site-content-layout":"default","ast-global-header-display":"","ast-main-header-display":"","ast-hfb-above-header-display":"","ast-hfb-below-header-display":"","ast-hfb-mobile-header-display":"","site-post-title":"","ast-breadcrumbs-content":"","ast-featured-img":"","footer-sml-layout":"","theme-transparent-header-meta":"","adv-header-id-meta":"","stick-header-meta":"","header-above-stick-meta":"","header-main-stick-meta":"","header-below-stick-meta":""},"pwb-brand":[102],"product_cat":[100],"product_tag":[],"class_list":{"0":"post-7492","1":"product","2":"type-product","3":"status-publish","5":"pwb-brand-ashika","6":"product_cat-jarrupalat","7":"desktop-align-left","8":"tablet-align-left","9":"mobile-align-left","11":"first","12":"instock","13":"product-type-external"},"brands":[{"id":102,"name":"ASHIKA","slug":"ashika"}],"_links":{"self":[{"href":"https:\/\/www.autonvaraosahaku.fi\/index.php?rest_route=\/wp\/v2\/product\/7492","targetHints":{"allow":["GET"]}}],"collection":[{"href":"https:\/\/www.autonvaraosahaku.fi\/index.php?rest_route=\/wp\/v2\/product"}],"about":[{"href":"https:\/\/www.autonvaraosahaku.fi\/index.php?rest_route=\/wp\/v2\/types\/product"}],"wp:attachment":[{"href":"https:\/\/www.autonvaraosahaku.fi\/index.php?rest_route=%2Fwp%2Fv2%2Fmedia&parent=7492"}],"wp:term":[{"taxonomy":"pwb-brand","embeddable":true,"href":"https:\/\/www.autonvaraosahaku.fi\/index.php?rest_route=%2Fwp%2Fv2%2Fpwb-brand&post=7492"},{"taxonomy":"product_cat","embeddable":true,"href":"https:\/\/www.autonvaraosahaku.fi\/index.php?rest_route=%2Fwp%2Fv2%2Fproduct_cat&post=7492"},{"taxonomy":"product_tag","embeddable":true,"href":"https:\/\/www.autonvaraosahaku.fi\/index.php?rest_route=%2Fwp%2Fv2%2Fproduct_tag&post=7492"}],"curies":[{"name":"wp","href":"https:\/\/api.w.org\/{rel}","templated":true}]}}