{"id":74922,"date":"2021-02-21T19:36:32","date_gmt":"2021-02-21T19:36:32","guid":{"rendered":"https:\/\/www.autonvaraosahaku.fi\/?product=kyb-343310-iskunvaimennin"},"modified":"2021-02-21T19:36:33","modified_gmt":"2021-02-21T19:36:33","slug":"kyb-343310-iskunvaimennin","status":"publish","type":"product","link":"https:\/\/www.autonvaraosahaku.fi\/?product=kyb-343310-iskunvaimennin","title":{"rendered":"KYB 343310 Iskunvaimennin"},"content":{"rendered":"<p>Asennuspuoli: Taka-akseli; Iskunvaimennusj\u00e4rjestelm\u00e4: Kaksiputki; Iskunvaimennin tyyppi: Kaasupaine; Iskunvaimennin asennustapa: Silmukka ylh\u00e4\u00e4ll\u00e4, Silmukka alhaalla; Tuotelinja: Excel-G; Alustarakenne: f\u00fcr Fahrzeuge ohne Schlechtwegeausf\u00fchrung; VW: GOLF IV 1J1,GOLF IV Variant 1J5,BORA 1J2,BORA Kombi 1J6; AUDI: A3 8L1; SEAT: LEON 1M1; 1J0512011AC, 1J0512011AJ, 1J0512011AK, 1J0512011AS, 1J0512011AT, 1J0512011BH, 1J0512011BM, 1J0512011BQ, 1J0512011BR, 1J0512011BS, 1J0512011BT, 1J0513025AJ, 1J0513025BB, 1J0513025F, 1J0513031AK, 1J9512011D, 37031, 37064, 67032, 67033, 67067, 67068, 67069, 67080, 67082, 67107, 67108, 67113, 67154, 67155, 67161, 67162, 67163, 67164, 804900556227, 81401556226, 8N0512011AG, 8N0512011AH, 8N0512011B, 8N0512011C, 8N0512011G, 8N0512011H, 8N0512011L, 1J0513025AL, 1J0513025BH, 1J0513025PG, 1J0513025BH, 1J0512011AC, 1J0512011AJ, 1J0512011AK, 1J0512011AS, 1J0512011AT, 1J0512011BQ, 1J0512011BR, 1J0512011BS, 1J0512011BT, 1J0513025AJ, 1J0513025BB, 1J0513025BH, 1J0513031AK, 1J9512011D, 37031, 37064, 67032, 67033, 67067, 67068, 67069, 67080, 67082, 67107, 67108, 67113, 67154, 67155, 67161, 67162, 67163, 67164, 804900556227, 81401556226, 8N0512011L; Iskarit,Iskunvaimennin<\/p>\n","protected":false},"excerpt":{"rendered":"<p>KYB Iskunvaimentimet 343310 Iskarit,Iskunvaimennin VW,AUDI,SEAT,GOLF IV 1J1,GOLF IV Variant 1J5,BORA 1J2,BORA Kombi 1J6,A3 8L1,LEON 1M1<\/p>\n","protected":false},"featured_media":0,"template":"","meta":{"site-sidebar-layout":"default","site-content-layout":"default","ast-global-header-display":"","ast-main-header-display":"","ast-hfb-above-header-display":"","ast-hfb-below-header-display":"","ast-hfb-mobile-header-display":"","site-post-title":"","ast-breadcrumbs-content":"","ast-featured-img":"","footer-sml-layout":"","theme-transparent-header-meta":"","adv-header-id-meta":"","stick-header-meta":"","header-above-stick-meta":"","header-main-stick-meta":"","header-below-stick-meta":""},"pwb-brand":[226],"product_cat":[80],"product_tag":[],"class_list":{"0":"post-74922","1":"product","2":"type-product","3":"status-publish","5":"pwb-brand-kyb","6":"product_cat-iskunvaimennin","7":"desktop-align-left","8":"tablet-align-left","9":"mobile-align-left","11":"first","12":"instock","13":"product-type-external"},"brands":[{"id":226,"name":"KYB","slug":"kyb"}],"_links":{"self":[{"href":"https:\/\/www.autonvaraosahaku.fi\/index.php?rest_route=\/wp\/v2\/product\/74922","targetHints":{"allow":["GET"]}}],"collection":[{"href":"https:\/\/www.autonvaraosahaku.fi\/index.php?rest_route=\/wp\/v2\/product"}],"about":[{"href":"https:\/\/www.autonvaraosahaku.fi\/index.php?rest_route=\/wp\/v2\/types\/product"}],"wp:attachment":[{"href":"https:\/\/www.autonvaraosahaku.fi\/index.php?rest_route=%2Fwp%2Fv2%2Fmedia&parent=74922"}],"wp:term":[{"taxonomy":"pwb-brand","embeddable":true,"href":"https:\/\/www.autonvaraosahaku.fi\/index.php?rest_route=%2Fwp%2Fv2%2Fpwb-brand&post=74922"},{"taxonomy":"product_cat","embeddable":true,"href":"https:\/\/www.autonvaraosahaku.fi\/index.php?rest_route=%2Fwp%2Fv2%2Fproduct_cat&post=74922"},{"taxonomy":"product_tag","embeddable":true,"href":"https:\/\/www.autonvaraosahaku.fi\/index.php?rest_route=%2Fwp%2Fv2%2Fproduct_tag&post=74922"}],"curies":[{"name":"wp","href":"https:\/\/api.w.org\/{rel}","templated":true}]}}