{"id":74924,"date":"2021-02-21T19:36:32","date_gmt":"2021-02-21T19:36:32","guid":{"rendered":"https:\/\/www.autonvaraosahaku.fi\/?product=kyb-343305-iskunvaimennin"},"modified":"2021-02-21T19:36:34","modified_gmt":"2021-02-21T19:36:34","slug":"kyb-343305-iskunvaimennin","status":"publish","type":"product","link":"https:\/\/www.autonvaraosahaku.fi\/?product=kyb-343305-iskunvaimennin","title":{"rendered":"KYB 343305 Iskunvaimennin"},"content":{"rendered":"<p>Asennuspuoli: Taka-akseli; Iskunvaimennusj\u00e4rjestelm\u00e4: Kaksiputki; Iskunvaimennin tyyppi: Kaasupaine; Iskunvaimennin asennustapa: Silmukka ylh\u00e4\u00e4ll\u00e4, Silmukka alhaalla; Tuotelinja: Excel-G; Jousitusmalli: f\u00fcr Fahrzeuge ohne Luftfederung; MERCEDES-BENZ: VITO Bus 638,V-CLASS 638\/2,VITO Kasten 638; 6383260700, 6383260800, 6383261100, 6383261200, A6383260700, A6383261200; Iskarit,Iskunvaimennin<\/p>\n","protected":false},"excerpt":{"rendered":"<p>KYB Iskunvaimentimet 343305 Iskarit,Iskunvaimennin MERCEDES-BENZ,VITO Bus 638,V-CLASS 638\/2,VITO Kasten 638<\/p>\n","protected":false},"featured_media":0,"template":"","meta":{"site-sidebar-layout":"default","site-content-layout":"default","ast-global-header-display":"","ast-main-header-display":"","ast-hfb-above-header-display":"","ast-hfb-below-header-display":"","ast-hfb-mobile-header-display":"","site-post-title":"","ast-breadcrumbs-content":"","ast-featured-img":"","footer-sml-layout":"","theme-transparent-header-meta":"","adv-header-id-meta":"","stick-header-meta":"","header-above-stick-meta":"","header-main-stick-meta":"","header-below-stick-meta":""},"pwb-brand":[226],"product_cat":[80],"product_tag":[],"class_list":{"0":"post-74924","1":"product","2":"type-product","3":"status-publish","5":"pwb-brand-kyb","6":"product_cat-iskunvaimennin","7":"desktop-align-left","8":"tablet-align-left","9":"mobile-align-left","11":"first","12":"instock","13":"product-type-external"},"brands":[{"id":226,"name":"KYB","slug":"kyb"}],"_links":{"self":[{"href":"https:\/\/www.autonvaraosahaku.fi\/index.php?rest_route=\/wp\/v2\/product\/74924","targetHints":{"allow":["GET"]}}],"collection":[{"href":"https:\/\/www.autonvaraosahaku.fi\/index.php?rest_route=\/wp\/v2\/product"}],"about":[{"href":"https:\/\/www.autonvaraosahaku.fi\/index.php?rest_route=\/wp\/v2\/types\/product"}],"wp:attachment":[{"href":"https:\/\/www.autonvaraosahaku.fi\/index.php?rest_route=%2Fwp%2Fv2%2Fmedia&parent=74924"}],"wp:term":[{"taxonomy":"pwb-brand","embeddable":true,"href":"https:\/\/www.autonvaraosahaku.fi\/index.php?rest_route=%2Fwp%2Fv2%2Fpwb-brand&post=74924"},{"taxonomy":"product_cat","embeddable":true,"href":"https:\/\/www.autonvaraosahaku.fi\/index.php?rest_route=%2Fwp%2Fv2%2Fproduct_cat&post=74924"},{"taxonomy":"product_tag","embeddable":true,"href":"https:\/\/www.autonvaraosahaku.fi\/index.php?rest_route=%2Fwp%2Fv2%2Fproduct_tag&post=74924"}],"curies":[{"name":"wp","href":"https:\/\/api.w.org\/{rel}","templated":true}]}}