{"id":7496,"date":"2021-02-21T14:00:19","date_gmt":"2021-02-21T14:00:19","guid":{"rendered":"https:\/\/www.autonvaraosahaku.fi\/?product=original-imperium-2153-moottorin-kumityyny"},"modified":"2021-02-21T14:00:21","modified_gmt":"2021-02-21T14:00:21","slug":"original-imperium-2153-moottorin-kumityyny","status":"publish","type":"product","link":"https:\/\/www.autonvaraosahaku.fi\/?product=original-imperium-2153-moottorin-kumityyny","title":{"rendered":"ORIGINAL IMPERIUM 2153 Moottorin kumityyny"},"content":{"rendered":"<p>Asennuspuoli: Moottorin puoli, Vasen, Edess\u00e4, Takana; Paino [g]: 289; Materiaali: Metalli; Muoto: Py\u00f6re\u00e4; Sis\u00e4l\u00e4pimitta [mm]: 10,3; Ulkol\u00e4pimitta [mm]: 65,5; Pituus (mm): 39,7; Kokonaispituus (mm): 53,8; RICAMBI-numerosta: Dis.96009402; CITRO\u00cbN: BERLINGO MF,C4 I LC_,SAXO S0, S1,BERLINGO Kasten M_,XSARA N1,C4 Coupe LA_,XSARA Break N2,XSARA Coupe N0,AX ZA-_,ZX N2,BX XB-_,ZX Break N2,BX Break XB-_,C15 VD-_,C15 Kombi; PEUGEOT: 206 Schr\u00e4gheck 2A\/C,206 CC 2D,307 SW 3H,307 3A\/C,206 SW 2E\/K,106 II 1,206+ T3E,307 Break 3E,306 Schr\u00e4gheck 7A, 7C, N3, N5,306 Cabriolet 7D, N3, N5,PARTNER Combispace 5F,106 I 1A, 1C,205 II 20A\/C,PARTNER Kasten 5,306 Break 7E, N3, N5,306 7B, N3, N5,205 I Cabriolet 741B, 20D,206 Stufenheck,309 II 3C, 3A,205 I 741A\/C,405 I 15B,206 Van,405 II 4B,309 I 10C, 10A,405 II Break 4E; 180756, 180757, 1807L4, 1807P0, 1807P4, 1807P5, 1807Y9, 1807Z0, 184469, 97523179, 180756, 180757, 1807L4, 1807P0, 1807P4, 1807P5, 1807Y9, 1807Z0, 184469, 97523179, 180756, 180757, 1807L4, 1807P0, 1807P4, 1807P5, 1807Y9, 1807Z0, 184469, 97523179; Moottorin Tukikumit,Moottorin Tuki<\/p>\n","protected":false},"excerpt":{"rendered":"<p>ORIGINAL IMPERIUM Moottorin Kumityyny 2153 Moottorin Tukikumit,Moottorin Tuki CITRO\u00cbN,PEUGEOT,BERLINGO MF,C4 I LC_,SAXO S0, S1,BERLINGO Kasten M_<\/p>\n","protected":false},"featured_media":0,"template":"","meta":{"site-sidebar-layout":"default","site-content-layout":"default","ast-global-header-display":"","ast-main-header-display":"","ast-hfb-above-header-display":"","ast-hfb-below-header-display":"","ast-hfb-mobile-header-display":"","site-post-title":"","ast-breadcrumbs-content":"","ast-featured-img":"","footer-sml-layout":"","theme-transparent-header-meta":"","adv-header-id-meta":"","stick-header-meta":"","header-above-stick-meta":"","header-main-stick-meta":"","header-below-stick-meta":""},"pwb-brand":[72],"product_cat":[74],"product_tag":[],"class_list":{"0":"post-7496","1":"product","2":"type-product","3":"status-publish","5":"pwb-brand-original-imperium","6":"product_cat-moottorin-kumityyny","7":"desktop-align-left","8":"tablet-align-left","9":"mobile-align-left","11":"first","12":"instock","13":"product-type-external"},"brands":[{"id":72,"name":"ORIGINAL IMPERIUM","slug":"original-imperium"}],"_links":{"self":[{"href":"https:\/\/www.autonvaraosahaku.fi\/index.php?rest_route=\/wp\/v2\/product\/7496","targetHints":{"allow":["GET"]}}],"collection":[{"href":"https:\/\/www.autonvaraosahaku.fi\/index.php?rest_route=\/wp\/v2\/product"}],"about":[{"href":"https:\/\/www.autonvaraosahaku.fi\/index.php?rest_route=\/wp\/v2\/types\/product"}],"wp:attachment":[{"href":"https:\/\/www.autonvaraosahaku.fi\/index.php?rest_route=%2Fwp%2Fv2%2Fmedia&parent=7496"}],"wp:term":[{"taxonomy":"pwb-brand","embeddable":true,"href":"https:\/\/www.autonvaraosahaku.fi\/index.php?rest_route=%2Fwp%2Fv2%2Fpwb-brand&post=7496"},{"taxonomy":"product_cat","embeddable":true,"href":"https:\/\/www.autonvaraosahaku.fi\/index.php?rest_route=%2Fwp%2Fv2%2Fproduct_cat&post=7496"},{"taxonomy":"product_tag","embeddable":true,"href":"https:\/\/www.autonvaraosahaku.fi\/index.php?rest_route=%2Fwp%2Fv2%2Fproduct_tag&post=7496"}],"curies":[{"name":"wp","href":"https:\/\/api.w.org\/{rel}","templated":true}]}}