{"id":75001,"date":"2021-02-21T19:37:02","date_gmt":"2021-02-21T19:37:02","guid":{"rendered":"https:\/\/www.autonvaraosahaku.fi\/?product=triscan-4910-710-muut-luokat"},"modified":"2021-02-21T19:37:03","modified_gmt":"2021-02-21T19:37:03","slug":"triscan-4910-710-muut-luokat","status":"publish","type":"product","link":"https:\/\/www.autonvaraosahaku.fi\/?product=triscan-4910-710-muut-luokat","title":{"rendered":"TRISCAN 4910 710 Muut luokat"},"content":{"rendered":"<p>Pituus (mm): 710; M\u00e4\u00e4r\u00e4yksikk\u00f6: Kontti; M\u00e4\u00e4r\u00e4: 2; Rakennemalli: Evasion; VW: SHARAN 7M8, 7M9, 7M6; NISSAN: ALMERA TINO V10; SEAT: ALHAMBRA 7V8, 7V9; MERCEDES-BENZ: A-CLASS W168,E-CLASS W210,E-CLASS Kombi S210,S-CLASS W220,VITO Bus 638,V-CLASS 638\/2,VITO Kasten 638; CHRYSLER: VOYAGER IV RG, RS,VOYAGER III GS; LANCIA: ZETA 220; FORD: GALAXY WGR,TRANSIT Kasten FA_ _,TRANSIT CONNECT P65_, P70_, P80_,TRANSIT Bus FD_ _, FB_ _, FS_ _, FZ_ _, FC_ _,TRANSIT Pritsche\/Fahrgestell FM_ _, FN_ _; RENAULT: TWINGO I C06_,TWINGO I Kasten S06_; FIAT: ULYSSE 179AX,ULYSSE 220,SCUDO Kasten 220L,SCUDO Combinato 220P; CITRO\u00cbN: XSARA PICASSO N68,C8 EA_, EB_,EVASION 22, U6,JUMPY U6U,JUMPY Kasten BS_, BT_, BY_, BZ_,JUMPY Pritsche\/Fahrgestell BU_, BV_, BW_, BX_; Pyyhkij\u00e4nkumi<\/p>\n","protected":false},"excerpt":{"rendered":"<p>TRISCAN Pyyhkij\u00e4n Kumi 4910 710 Pyyhkij\u00e4nkumi VW,NISSAN,SEAT,SHARAN 7M8, 7M9, 7M6,ALMERA TINO V10,ALHAMBRA 7V8, 7V9,A-CLASS W168,E-CLASS W210<\/p>\n","protected":false},"featured_media":0,"template":"","meta":{"site-sidebar-layout":"default","site-content-layout":"default","ast-global-header-display":"","ast-main-header-display":"","ast-hfb-above-header-display":"","ast-hfb-below-header-display":"","ast-hfb-mobile-header-display":"","site-post-title":"","ast-breadcrumbs-content":"","ast-featured-img":"","footer-sml-layout":"","theme-transparent-header-meta":"","adv-header-id-meta":"","stick-header-meta":"","header-above-stick-meta":"","header-main-stick-meta":"","header-below-stick-meta":""},"pwb-brand":[337],"product_cat":[37],"product_tag":[],"class_list":{"0":"post-75001","1":"product","2":"type-product","3":"status-publish","5":"pwb-brand-triscan","6":"product_cat-muut-luokat","7":"desktop-align-left","8":"tablet-align-left","9":"mobile-align-left","11":"first","12":"instock","13":"product-type-external"},"brands":[{"id":337,"name":"TRISCAN","slug":"triscan"}],"_links":{"self":[{"href":"https:\/\/www.autonvaraosahaku.fi\/index.php?rest_route=\/wp\/v2\/product\/75001","targetHints":{"allow":["GET"]}}],"collection":[{"href":"https:\/\/www.autonvaraosahaku.fi\/index.php?rest_route=\/wp\/v2\/product"}],"about":[{"href":"https:\/\/www.autonvaraosahaku.fi\/index.php?rest_route=\/wp\/v2\/types\/product"}],"wp:attachment":[{"href":"https:\/\/www.autonvaraosahaku.fi\/index.php?rest_route=%2Fwp%2Fv2%2Fmedia&parent=75001"}],"wp:term":[{"taxonomy":"pwb-brand","embeddable":true,"href":"https:\/\/www.autonvaraosahaku.fi\/index.php?rest_route=%2Fwp%2Fv2%2Fpwb-brand&post=75001"},{"taxonomy":"product_cat","embeddable":true,"href":"https:\/\/www.autonvaraosahaku.fi\/index.php?rest_route=%2Fwp%2Fv2%2Fproduct_cat&post=75001"},{"taxonomy":"product_tag","embeddable":true,"href":"https:\/\/www.autonvaraosahaku.fi\/index.php?rest_route=%2Fwp%2Fv2%2Fproduct_tag&post=75001"}],"curies":[{"name":"wp","href":"https:\/\/api.w.org\/{rel}","templated":true}]}}