{"id":75025,"date":"2021-02-21T19:37:09","date_gmt":"2021-02-21T19:37:09","guid":{"rendered":"https:\/\/www.autonvaraosahaku.fi\/?product=elring-112-593-venttiilinvarren-kumit"},"modified":"2021-02-21T19:37:11","modified_gmt":"2021-02-21T19:37:11","slug":"elring-112-593-venttiilinvarren-kumit","status":"publish","type":"product","link":"https:\/\/www.autonvaraosahaku.fi\/?product=elring-112-593-venttiilinvarren-kumit","title":{"rendered":"ELRING 112.593 Venttiilinvarren kumit"},"content":{"rendered":"<p>Venttiilinvarren l\u00e4pimitta [mm]: 7, 7; Sis\u00e4l\u00e4pimitta [mm]: 11,5; Ulkol\u00e4pimitta [mm]: 16; Korkeus (mm): 12,7; Materiaali: ACM (polyakryyli-kautsu); Tarvittava kappalem\u00e4\u00e4r\u00e4: 4; OPEL: KADETT E CC 33_, 34_, 43_, 44_,CORSA A CC 93_, 94_, 98_, 99_,KADETT C Coupe,MANTA B 58_, 59_,KADETT B,KADETT C,ASCONA B 81_, 86_, 87_, 88_,MANTA A 58_, 59_,CORSA A TR 91_, 92_, 96_, 97_,KADETT D 31_-34_, 41_-44_,KADETT E 39_, 49_,KADETT B Coupe,KADETT E Caravan 35_, 36_, 45_, 46_,ASCONA A 81_, 86_, 87_, 88_,KADETT C City,KADETT D 32_,37_,39, _42,KADETT C Caravan,KADETT B Caravan,KADETT D Caravan 35_, 36_, 45_, 46_,CORSA A Kasten,KADETT E Kasten 37_, 47_; VAUXHALL: ASTRA Mk II CC,NOVA,NOVA CC; 642519, 642538, 90067012, 90444150<\/p>\n","protected":false},"excerpt":{"rendered":"<p>ELRING Tiiviste, Venttiilivarsi 112.593  OPEL,VAUXHALL,KADETT E CC 33_, 34_, 43_, 44_,CORSA A CC 93_, 94_, 98_, 99_,KADETT C Coupe,MANTA B 58_, 59_<\/p>\n","protected":false},"featured_media":0,"template":"","meta":{"site-sidebar-layout":"default","site-content-layout":"default","ast-global-header-display":"","ast-main-header-display":"","ast-hfb-above-header-display":"","ast-hfb-below-header-display":"","ast-hfb-mobile-header-display":"","site-post-title":"","ast-breadcrumbs-content":"","ast-featured-img":"","footer-sml-layout":"","theme-transparent-header-meta":"","adv-header-id-meta":"","stick-header-meta":"","header-above-stick-meta":"","header-main-stick-meta":"","header-below-stick-meta":""},"pwb-brand":[26],"product_cat":[170],"product_tag":[],"class_list":{"0":"post-75025","1":"product","2":"type-product","3":"status-publish","5":"pwb-brand-elring","6":"product_cat-venttiilinvarren-kumit","7":"desktop-align-left","8":"tablet-align-left","9":"mobile-align-left","11":"first","12":"instock","13":"product-type-external"},"brands":[{"id":26,"name":"ELRING","slug":"elring"}],"_links":{"self":[{"href":"https:\/\/www.autonvaraosahaku.fi\/index.php?rest_route=\/wp\/v2\/product\/75025","targetHints":{"allow":["GET"]}}],"collection":[{"href":"https:\/\/www.autonvaraosahaku.fi\/index.php?rest_route=\/wp\/v2\/product"}],"about":[{"href":"https:\/\/www.autonvaraosahaku.fi\/index.php?rest_route=\/wp\/v2\/types\/product"}],"wp:attachment":[{"href":"https:\/\/www.autonvaraosahaku.fi\/index.php?rest_route=%2Fwp%2Fv2%2Fmedia&parent=75025"}],"wp:term":[{"taxonomy":"pwb-brand","embeddable":true,"href":"https:\/\/www.autonvaraosahaku.fi\/index.php?rest_route=%2Fwp%2Fv2%2Fpwb-brand&post=75025"},{"taxonomy":"product_cat","embeddable":true,"href":"https:\/\/www.autonvaraosahaku.fi\/index.php?rest_route=%2Fwp%2Fv2%2Fproduct_cat&post=75025"},{"taxonomy":"product_tag","embeddable":true,"href":"https:\/\/www.autonvaraosahaku.fi\/index.php?rest_route=%2Fwp%2Fv2%2Fproduct_tag&post=75025"}],"curies":[{"name":"wp","href":"https:\/\/api.w.org\/{rel}","templated":true}]}}