{"id":75033,"date":"2021-02-21T19:37:09","date_gmt":"2021-02-21T19:37:09","guid":{"rendered":"https:\/\/www.autonvaraosahaku.fi\/?product=elring-044-590-kampiakselin-tiiviste"},"modified":"2021-02-21T19:37:14","modified_gmt":"2021-02-21T19:37:14","slug":"elring-044-590-kampiakselin-tiiviste","status":"publish","type":"product","link":"https:\/\/www.autonvaraosahaku.fi\/?product=elring-044-590-kampiakselin-tiiviste","title":{"rendered":"ELRING 044.590 Kampiakselin tiiviste"},"content":{"rendered":"<p>Sis\u00e4l\u00e4pimitta [mm]: 92; Ulkol\u00e4pimitta [mm]: 110; Korkeus (mm): 7; Akselitiivisteen malli: ASW; Rihlamalli: Vasen kierre; Materiaali: FPM (fluori-kumi); Suojavaippa: Suojakumilla; Asennuspuoli: getriebeseitig; LEXUS: RX MHU3_, GSU3_, MCU3_,RX MCU15,ES F1, F2,ES MCV_, VZV_; VOLVO: 940 II Kombi 945,940 Kombi 945,240 Kombi P245,740 Kombi 745,740 744,240 P242, P244,940 944,P 1800,760 704, 764,P 121,340-360 343, 345,960 Kombi 965,164,140 142, 144,760 Kombi 704, 765,940 II 944,960 964,P 122 S AMAZON,140 Kombi 145,260 P262, P264,340-360 Stufenheck 344,780; TOYOTA: PREVIA MCR3_, ACR3_, CLR3_,LAND CRUISER KDJ12_, GRJ12_,LAND CRUISER 90 _J9_,HILUX VI Pick-up _N1_,CAMRY MCV3_, ACV3_, _XV3_,CAMRY _CV2_, _XV2_,CAMRY _CV1_, _XV1_, _V1_,4 RUNNER KZN18_, VZN18_, RZN18_,HIACE III Wagon LH1_, RZH1_,CAMRY Station Wagon _XV1_, _CV1_, _V10,SIENNA MCL2_, GSL2_,HILUX Gel\u00e4ndewagen geschlossen RZN1_, LN1_,CAMRY SOLARA Coupe MCV3_, ACV3_,CAMRY Station Wagon _CV2_, _XV2_,TACOMA Pick-up US,SIENNA MCL10_,ALPHARD ATH1_, MNH1_, ANH1_; 3514312, 6842093, 6842160; Akselitiiviste, Kampiakseli<\/p>\n","protected":false},"excerpt":{"rendered":"<p>ELRING Kampiakselin Tiiviste 044.590 Akselitiiviste, Kampiakseli LEXUS,VOLVO,TOYOTA,RX MHU3_, GSU3_, MCU3_,RX MCU15,ES F1, F2,ES MCV_, VZV_<\/p>\n","protected":false},"featured_media":0,"template":"","meta":{"site-sidebar-layout":"default","site-content-layout":"default","ast-global-header-display":"","ast-main-header-display":"","ast-hfb-above-header-display":"","ast-hfb-below-header-display":"","ast-hfb-mobile-header-display":"","site-post-title":"","ast-breadcrumbs-content":"","ast-featured-img":"","footer-sml-layout":"","theme-transparent-header-meta":"","adv-header-id-meta":"","stick-header-meta":"","header-above-stick-meta":"","header-main-stick-meta":"","header-below-stick-meta":""},"pwb-brand":[26],"product_cat":[88],"product_tag":[],"class_list":{"0":"post-75033","1":"product","2":"type-product","3":"status-publish","5":"pwb-brand-elring","6":"product_cat-kampiakselin-tiiviste","7":"desktop-align-left","8":"tablet-align-left","9":"mobile-align-left","11":"first","12":"instock","13":"product-type-external"},"brands":[{"id":26,"name":"ELRING","slug":"elring"}],"_links":{"self":[{"href":"https:\/\/www.autonvaraosahaku.fi\/index.php?rest_route=\/wp\/v2\/product\/75033","targetHints":{"allow":["GET"]}}],"collection":[{"href":"https:\/\/www.autonvaraosahaku.fi\/index.php?rest_route=\/wp\/v2\/product"}],"about":[{"href":"https:\/\/www.autonvaraosahaku.fi\/index.php?rest_route=\/wp\/v2\/types\/product"}],"wp:attachment":[{"href":"https:\/\/www.autonvaraosahaku.fi\/index.php?rest_route=%2Fwp%2Fv2%2Fmedia&parent=75033"}],"wp:term":[{"taxonomy":"pwb-brand","embeddable":true,"href":"https:\/\/www.autonvaraosahaku.fi\/index.php?rest_route=%2Fwp%2Fv2%2Fpwb-brand&post=75033"},{"taxonomy":"product_cat","embeddable":true,"href":"https:\/\/www.autonvaraosahaku.fi\/index.php?rest_route=%2Fwp%2Fv2%2Fproduct_cat&post=75033"},{"taxonomy":"product_tag","embeddable":true,"href":"https:\/\/www.autonvaraosahaku.fi\/index.php?rest_route=%2Fwp%2Fv2%2Fproduct_tag&post=75033"}],"curies":[{"name":"wp","href":"https:\/\/api.w.org\/{rel}","templated":true}]}}