{"id":75036,"date":"2021-02-21T19:37:09","date_gmt":"2021-02-21T19:37:09","guid":{"rendered":"https:\/\/www.autonvaraosahaku.fi\/?product=elring-031-046-kierretulppa"},"modified":"2021-02-21T19:37:14","modified_gmt":"2021-02-21T19:37:14","slug":"elring-031-046-kierretulppa","status":"publish","type":"product","link":"https:\/\/www.autonvaraosahaku.fi\/?product=elring-031-046-kierretulppa","title":{"rendered":"ELRING 031.046 Kierretulppa"},"content":{"rendered":"<p>Sis\u00e4l\u00e4pimitta [mm]: 26; Ulkol\u00e4pimitta [mm]: 34; Paksuus [mm]: 2; Materiaali: Kupari; Muoto: A-muoto; DIN \/ ISO: 7603; TECDOC-moottorinumero: 22805; MERCEDES-BENZ: T2\/L Kasten\/Kombi,T2\/LN1 Kasten\/Kombi,T2\/L Pritsche\/Fahrgestell,T2\/LN1 Pritsche\/Fahrgestell,T2\/L Kommunalfahrzeug,T2\/LN1 Kipper,T2\/L Kipper,T2\/LN1 Bus,T2\/L Sattelschlepper,T2\/LN1 Triebkopf,ACTROS,ACTROS MP4 \/ MP5,AGL (RoundNose),ATRON,AXOR,AXOR 2,CAPACITY,CITARO (O 530),CONECTO (O 345),FPN (FlatNose),GRAN VIALE,HPN (LongNose),INTEGRO (O 550),INTOURO,LK\/LN2,LP,MB-TRAC,MK,NG,O 301,O 302,O 303,O 304,O 305,O 307,O 309,O 330,O 340,O 400,O 402,O 403,O 404,O 405,O 407,O 408,OF,OH,SHD,SK,T2\/L,TOURISMO (O 350),TOURO (O 500),TRAVEGO (O 580),UNIMOG; MITSUBISHI: Fuso; VDL: Futura,Jonkheere; VAN HOOL: T-Serie; TEMSA: SAFARI,SAFIR,SAFIR PLUS; SOLARIS: VACANZA; SETRA: Series 200,Series 300,Series 400; PADANE: Z-Serie; NEOPLAN: Cityliner,Jetliner,Megaliner,Skyliner,Transliner; GINAF: X-Series; 0331341, 06561900727, 007603026109, 90012308420, 5000254870; Tiiviste, \u00d6ljynlaskutulppa<\/p>\n","protected":false},"excerpt":{"rendered":"<p>ELRING \u00d6ljytulpan Tiiviste 031.046 Tiiviste, \u00d6ljynlaskutulppa MERCEDES-BENZ,MITSUBISHI,VDL,T2\/L Kasten\/Kombi,T2\/LN1 Kasten\/Kombi<\/p>\n","protected":false},"featured_media":0,"template":"","meta":{"site-sidebar-layout":"default","site-content-layout":"default","ast-global-header-display":"","ast-main-header-display":"","ast-hfb-above-header-display":"","ast-hfb-below-header-display":"","ast-hfb-mobile-header-display":"","site-post-title":"","ast-breadcrumbs-content":"","ast-featured-img":"","footer-sml-layout":"","theme-transparent-header-meta":"","adv-header-id-meta":"","stick-header-meta":"","header-above-stick-meta":"","header-main-stick-meta":"","header-below-stick-meta":""},"pwb-brand":[26],"product_cat":[40],"product_tag":[],"class_list":{"0":"post-75036","1":"product","2":"type-product","3":"status-publish","5":"pwb-brand-elring","6":"product_cat-kierretulppa","7":"desktop-align-left","8":"tablet-align-left","9":"mobile-align-left","11":"first","12":"instock","13":"product-type-external"},"brands":[{"id":26,"name":"ELRING","slug":"elring"}],"_links":{"self":[{"href":"https:\/\/www.autonvaraosahaku.fi\/index.php?rest_route=\/wp\/v2\/product\/75036","targetHints":{"allow":["GET"]}}],"collection":[{"href":"https:\/\/www.autonvaraosahaku.fi\/index.php?rest_route=\/wp\/v2\/product"}],"about":[{"href":"https:\/\/www.autonvaraosahaku.fi\/index.php?rest_route=\/wp\/v2\/types\/product"}],"wp:attachment":[{"href":"https:\/\/www.autonvaraosahaku.fi\/index.php?rest_route=%2Fwp%2Fv2%2Fmedia&parent=75036"}],"wp:term":[{"taxonomy":"pwb-brand","embeddable":true,"href":"https:\/\/www.autonvaraosahaku.fi\/index.php?rest_route=%2Fwp%2Fv2%2Fpwb-brand&post=75036"},{"taxonomy":"product_cat","embeddable":true,"href":"https:\/\/www.autonvaraosahaku.fi\/index.php?rest_route=%2Fwp%2Fv2%2Fproduct_cat&post=75036"},{"taxonomy":"product_tag","embeddable":true,"href":"https:\/\/www.autonvaraosahaku.fi\/index.php?rest_route=%2Fwp%2Fv2%2Fproduct_tag&post=75036"}],"curies":[{"name":"wp","href":"https:\/\/api.w.org\/{rel}","templated":true}]}}