{"id":75039,"date":"2021-02-21T19:37:09","date_gmt":"2021-02-21T19:37:09","guid":{"rendered":"https:\/\/www.autonvaraosahaku.fi\/?product=elring-026-650-venttiilinvarren-kumit"},"modified":"2021-02-21T19:37:15","modified_gmt":"2021-02-21T19:37:15","slug":"elring-026-650-venttiilinvarren-kumit","status":"publish","type":"product","link":"https:\/\/www.autonvaraosahaku.fi\/?product=elring-026-650-venttiilinvarren-kumit","title":{"rendered":"ELRING 026.650 Venttiilinvarren kumit"},"content":{"rendered":"<p>Venttiilinvarren l\u00e4pimitta [mm]: 5,5, 5,5; Sis\u00e4l\u00e4pimitta [mm]: 10,8; Ulkol\u00e4pimitta [mm]: 25; Korkeus (mm): 18; Materiaali: FPM (fluori-kumi); V\u00e4ri: punainen\/ruskea; Rakennemalli: 3 (BK); MAZDA: 5 CR19,3 BK,6 Station Wagon GY,2 DY,6 Kombi GH,2 DE,PREMACY CP,CX-7 ER,6 Hatchback GG,6 GG,3 BL,TRIBUTE EP,5 CW,3 BM,MX-5 III NC,6 Schr\u00e4gheck GH,3 Stufenheck BK,6 GH,MPV II LW,3 Stufenheck BL,3 Stufenheck BM,2 Stufenheck DE,BT-50 Pick-up B22, B32, UP,MPV III LY,BONGO TRUCK Pritsche\/Fahrgestell; JEEP: RENEGADE Gel\u00e4ndewagen geschlossen BU; FORD USA: ESCAPE,MUSTANG Coupe,MUSTANG Convertible; LAND ROVER: FREELANDER 2 FA_,RANGE ROVER EVOQUE LV,RANGE ROVER SPORT LW,DISCOVERY SPORT LC,RANGE ROVER EVOQUE Cabriolet LV_; VOLVO: V50 MW,XC60,V70 III BW,C30,V60,S40 II MS,S80 II AS,S60 II; JAGUAR: XF _J05_, CC9,XF SPORTBRAKE CC9,XJ X35_, _J12_, _J24_,XE X760,XF X260,F-PACE X761_; FORD: FIESTA V JH_, JD_,MONDEO III Kombi BWY,FOCUS II Kombi DA_,MONDEO IV Turnier BA7,FOCUS Kombi DNW,FOCUS II DA_,FOCUS DAW, DBW,S-MAX WA6,FOCUS III Turnier,FOCUS C-MAX,GALAXY WA6,MONDEO III B5Y,C-MAX DM2,FOCUS III,MAVERICK,TRANSIT MK-7 Kasten,RANGER TKE,MONDEO IV BA7,MONDEO III Stufenheck B4Y,KUGA II DM2,FOCUS Stufenheck DFW,TRANSIT CONNECT P65_, P70_, P80_,FOCUS II Stufenheck DA_,FOCUS II Cabriolet,RANGER ES, ET,RANGER ER, EQ,ECOSPORT,TRANSIT MK-7 Pritsche\/Fahrgestell,FOCUS III Stufenheck,MONDEO IV Stufenheck BA7,FUSION Stufenheck CD3,TRANSIT CONNECT Kasten,MONDEO V Turnier,S-MAX,MONDEO V Stufenheck,GALAXY,MONDEO V Schr\u00e4gheck,TRANSIT CONNECT Kombi; FIAT: GRANDE PUNTO 199,PUNTO 188,BRAVO II 198,DOBLO Cargo 223,PUNTO 199,IDEA,STRADA Pick-up 178E,DOBLO Gro\u00dfraumlimousine 152, 263,PALIO Weekend 178DX,LINEA 323,STRADA Pick-up 578_,PALIO 178BX,500X,SIENA 178_,TIPO Schr\u00e4gheck 356_,TIPO Kombi 356_,TIPO Stufenheck 356_; CATERHAM: SEVEN CF; MORGAN: PLUS FOUR,FOUR FOUR,ROADSTER Cabriolet; 68282252AA, 68282252AA, 55263053, 1119848, 1206655, 1S7G6A517BF, 1S7G6A517BG, 1S7G6A517BH, 2283098, 1S7G6A517BF, 1S7G6A517BG, 1S7G6A517BH, 1S7Z6571A, 1S7Z6571BA, 1S7Z6571DA, 1S7Z6571EA, LF01101F5Z10, JDE1361, JDE40289, LR116445, 68282252AA, LF01101F5, LR025006, 8694964<\/p>\n","protected":false},"excerpt":{"rendered":"<p>ELRING Tiiviste, Venttiilivarsi 026.650  MAZDA,JEEP,FORD USA,5 CR19,3 BK,6 Station Wagon GY,2 DY,6 Kombi GH,2 DE,PREMACY CP,CX-7 ER,6 Hatchback GG<\/p>\n","protected":false},"featured_media":0,"template":"","meta":{"site-sidebar-layout":"default","site-content-layout":"default","ast-global-header-display":"","ast-main-header-display":"","ast-hfb-above-header-display":"","ast-hfb-below-header-display":"","ast-hfb-mobile-header-display":"","site-post-title":"","ast-breadcrumbs-content":"","ast-featured-img":"","footer-sml-layout":"","theme-transparent-header-meta":"","adv-header-id-meta":"","stick-header-meta":"","header-above-stick-meta":"","header-main-stick-meta":"","header-below-stick-meta":""},"pwb-brand":[26],"product_cat":[170],"product_tag":[],"class_list":{"0":"post-75039","1":"product","2":"type-product","3":"status-publish","5":"pwb-brand-elring","6":"product_cat-venttiilinvarren-kumit","7":"desktop-align-left","8":"tablet-align-left","9":"mobile-align-left","11":"first","12":"instock","13":"product-type-external"},"brands":[{"id":26,"name":"ELRING","slug":"elring"}],"_links":{"self":[{"href":"https:\/\/www.autonvaraosahaku.fi\/index.php?rest_route=\/wp\/v2\/product\/75039","targetHints":{"allow":["GET"]}}],"collection":[{"href":"https:\/\/www.autonvaraosahaku.fi\/index.php?rest_route=\/wp\/v2\/product"}],"about":[{"href":"https:\/\/www.autonvaraosahaku.fi\/index.php?rest_route=\/wp\/v2\/types\/product"}],"wp:attachment":[{"href":"https:\/\/www.autonvaraosahaku.fi\/index.php?rest_route=%2Fwp%2Fv2%2Fmedia&parent=75039"}],"wp:term":[{"taxonomy":"pwb-brand","embeddable":true,"href":"https:\/\/www.autonvaraosahaku.fi\/index.php?rest_route=%2Fwp%2Fv2%2Fpwb-brand&post=75039"},{"taxonomy":"product_cat","embeddable":true,"href":"https:\/\/www.autonvaraosahaku.fi\/index.php?rest_route=%2Fwp%2Fv2%2Fproduct_cat&post=75039"},{"taxonomy":"product_tag","embeddable":true,"href":"https:\/\/www.autonvaraosahaku.fi\/index.php?rest_route=%2Fwp%2Fv2%2Fproduct_tag&post=75039"}],"curies":[{"name":"wp","href":"https:\/\/api.w.org\/{rel}","templated":true}]}}