{"id":75040,"date":"2021-02-21T19:37:16","date_gmt":"2021-02-21T19:37:16","guid":{"rendered":"https:\/\/www.autonvaraosahaku.fi\/?product=elring-776-319-kierretulppa"},"modified":"2021-02-21T19:37:17","modified_gmt":"2021-02-21T19:37:17","slug":"elring-776-319-kierretulppa","status":"publish","type":"product","link":"https:\/\/www.autonvaraosahaku.fi\/?product=elring-776-319-kierretulppa","title":{"rendered":"ELRING 776.319 Kierretulppa"},"content":{"rendered":"<p>Sis\u00e4l\u00e4pimitta [mm]: 15; Ulkol\u00e4pimitta [mm]: 22; Paksuus [mm]: 3; Materiaali: Kupari; Muoto: Kulmikas; Vaihtoehtoinen korjaussarja: 036.400, 505.550; NISSAN: TERRANO II R20,PATROL GR II Wagon Y61,PICK UP D22,NAVARA D22,PATHFINDER R50,PICK UP D21,TERRANO I WD21,INTERSTAR Kasten X70,NAVARA Pritsche\/Fahrgestell D22,NAVARA Pick-up D21,INTERSTAR Bus X70,PICK UP 720,TERRANO Van R20,TRADE Kasten\/Kombi,PATROL II Pritsche\/Fahrgestell Y61,NAVARA Pritsche\/Fahrgestell D21,TRADE Pritsche\/Fahrgestell,TRADE Bus,INTERSTAR Pritsche\/Fahrgestell,URVAN Bus E24,URVAN Kasten E23,CABSTAR E Pick-up US,URVAN Kasten E24,PATHFINDER,URVAN Bus E23,PATROL Pick-up,CABSTAR Pick-up,NT400 CABSTAR F24F,CABSTAR Pritsche\/Fahrgestell F22, H40,ATLEON,ECO-T,L-Serie,NT500; FORD: RANGER ES, ET,MAVERICK UDS, UNS,MAVERICK VAN; BMC: LEVEND; MAHINDRA: CABKING; ASHOK LEYLAND: MITR,PARTNER; 1102661000; Tiiviste, \u00d6ljynlaskutulppa<\/p>\n","protected":false},"excerpt":{"rendered":"<p>ELRING \u00d6ljytulpan Tiiviste 776.319 Tiiviste, \u00d6ljynlaskutulppa NISSAN,FORD,BMC,TERRANO II R20,PATROL GR II Wagon Y61,PICK UP D22,NAVARA D22<\/p>\n","protected":false},"featured_media":0,"template":"","meta":{"site-sidebar-layout":"default","site-content-layout":"default","ast-global-header-display":"","ast-main-header-display":"","ast-hfb-above-header-display":"","ast-hfb-below-header-display":"","ast-hfb-mobile-header-display":"","site-post-title":"","ast-breadcrumbs-content":"","ast-featured-img":"","footer-sml-layout":"","theme-transparent-header-meta":"","adv-header-id-meta":"","stick-header-meta":"","header-above-stick-meta":"","header-main-stick-meta":"","header-below-stick-meta":""},"pwb-brand":[26],"product_cat":[40],"product_tag":[],"class_list":{"0":"post-75040","1":"product","2":"type-product","3":"status-publish","5":"pwb-brand-elring","6":"product_cat-kierretulppa","7":"desktop-align-left","8":"tablet-align-left","9":"mobile-align-left","11":"first","12":"instock","13":"product-type-external"},"brands":[{"id":26,"name":"ELRING","slug":"elring"}],"_links":{"self":[{"href":"https:\/\/www.autonvaraosahaku.fi\/index.php?rest_route=\/wp\/v2\/product\/75040","targetHints":{"allow":["GET"]}}],"collection":[{"href":"https:\/\/www.autonvaraosahaku.fi\/index.php?rest_route=\/wp\/v2\/product"}],"about":[{"href":"https:\/\/www.autonvaraosahaku.fi\/index.php?rest_route=\/wp\/v2\/types\/product"}],"wp:attachment":[{"href":"https:\/\/www.autonvaraosahaku.fi\/index.php?rest_route=%2Fwp%2Fv2%2Fmedia&parent=75040"}],"wp:term":[{"taxonomy":"pwb-brand","embeddable":true,"href":"https:\/\/www.autonvaraosahaku.fi\/index.php?rest_route=%2Fwp%2Fv2%2Fpwb-brand&post=75040"},{"taxonomy":"product_cat","embeddable":true,"href":"https:\/\/www.autonvaraosahaku.fi\/index.php?rest_route=%2Fwp%2Fv2%2Fproduct_cat&post=75040"},{"taxonomy":"product_tag","embeddable":true,"href":"https:\/\/www.autonvaraosahaku.fi\/index.php?rest_route=%2Fwp%2Fv2%2Fproduct_tag&post=75040"}],"curies":[{"name":"wp","href":"https:\/\/api.w.org\/{rel}","templated":true}]}}