{"id":75081,"date":"2021-02-21T19:37:31","date_gmt":"2021-02-21T19:37:31","guid":{"rendered":"https:\/\/www.autonvaraosahaku.fi\/?product=koni-30-1020-iskunvaimennin"},"modified":"2021-02-21T19:37:32","modified_gmt":"2021-02-21T19:37:32","slug":"koni-30-1020-iskunvaimennin","status":"publish","type":"product","link":"https:\/\/www.autonvaraosahaku.fi\/?product=koni-30-1020-iskunvaimennin","title":{"rendered":"KONI 30-1020 Iskunvaimennin"},"content":{"rendered":"<p>Asennuspuoli: Taka-akseli; Iskunvaimennin tyyppi: Kaasupaine; Iskunvaimennusj\u00e4rjestelm\u00e4: Yksiputki, S\u00e4\u00e4dett\u00e4v\u00e4; Varusteet: Autoihin ilman tasons\u00e4\u00e4t\u00f6\u00e4; suurin pituus [mm]: 440; v\u00e4h. pituus [mm]: 297; Tuning: 1; Valmistusvuosi alkaen: 07\/1968; MERCEDES-BENZ: SL R107,Stufenheck W123,S-CLASS W126,S-CLASS W116,S-CLASS Coupe C126; 1263200031, 1263200931, 1073200031, 1073260000, 1153200231, 1153200330, 1153200331, 1153200431, 1153200531, 1153200631, 1153260631, 1153261400, 1153261500, 1153261700, 1153261800, 1153261900, 1153262000, 1153262100, 1153262400, 1153262500, 1153262600, 1153262800, 1153262900, 1153263000, 1163200031, 1163200131, 1163200231, 1163200331, 1163200431, 1163200531, 1163200631, 1163200731, 1163200831, 1163200931, 1163260200, 1163260300, 1163260400, 1163260500, 1163260600, 1163260700, 1163260800, 1163261000, 1163261100, 1163261200, 1163261300, 1233200031, 1233200131, 1233200231, 1233200331, 1233200431, 1233200600, 1233200631, 1233200731, 1233230600, 1233231700, 1233260600, 1233260700, 1233260800, 1233260900, 1233261000, 1233261100, 1233261500, 1233261600, 1233261700, 1263200031, 1263200131, 1263200431, 1263200631, 1263200731, 1263200831, 1263200931, 1263260600, 1263260700, 1263260900, 1263261000, 1263261200, 1263261400, 1263261600, 5350005557, 53593693, 717057169, A1153200231, A1153200531, A11&#8230;; Iskarit,Iskunvaimennin<\/p>\n","protected":false},"excerpt":{"rendered":"<p>KONI Iskunvaimentimet CLASSIC RED 30-1020 Iskarit,Iskunvaimennin MERCEDES-BENZ,SL R107,Stufenheck W123,S-CLASS W126,S-CLASS W116,S-CLASS Coupe C126<\/p>\n","protected":false},"featured_media":0,"template":"","meta":{"site-sidebar-layout":"default","site-content-layout":"default","ast-global-header-display":"","ast-main-header-display":"","ast-hfb-above-header-display":"","ast-hfb-below-header-display":"","ast-hfb-mobile-header-display":"","site-post-title":"","ast-breadcrumbs-content":"","ast-featured-img":"","footer-sml-layout":"","theme-transparent-header-meta":"","adv-header-id-meta":"","stick-header-meta":"","header-above-stick-meta":"","header-main-stick-meta":"","header-below-stick-meta":""},"pwb-brand":[517],"product_cat":[80],"product_tag":[],"class_list":{"0":"post-75081","1":"product","2":"type-product","3":"status-publish","5":"pwb-brand-koni","6":"product_cat-iskunvaimennin","7":"desktop-align-left","8":"tablet-align-left","9":"mobile-align-left","11":"first","12":"instock","13":"product-type-external"},"brands":[{"id":517,"name":"KONI","slug":"koni"}],"_links":{"self":[{"href":"https:\/\/www.autonvaraosahaku.fi\/index.php?rest_route=\/wp\/v2\/product\/75081","targetHints":{"allow":["GET"]}}],"collection":[{"href":"https:\/\/www.autonvaraosahaku.fi\/index.php?rest_route=\/wp\/v2\/product"}],"about":[{"href":"https:\/\/www.autonvaraosahaku.fi\/index.php?rest_route=\/wp\/v2\/types\/product"}],"wp:attachment":[{"href":"https:\/\/www.autonvaraosahaku.fi\/index.php?rest_route=%2Fwp%2Fv2%2Fmedia&parent=75081"}],"wp:term":[{"taxonomy":"pwb-brand","embeddable":true,"href":"https:\/\/www.autonvaraosahaku.fi\/index.php?rest_route=%2Fwp%2Fv2%2Fpwb-brand&post=75081"},{"taxonomy":"product_cat","embeddable":true,"href":"https:\/\/www.autonvaraosahaku.fi\/index.php?rest_route=%2Fwp%2Fv2%2Fproduct_cat&post=75081"},{"taxonomy":"product_tag","embeddable":true,"href":"https:\/\/www.autonvaraosahaku.fi\/index.php?rest_route=%2Fwp%2Fv2%2Fproduct_tag&post=75081"}],"curies":[{"name":"wp","href":"https:\/\/api.w.org\/{rel}","templated":true}]}}