{"id":75092,"date":"2021-02-21T19:37:31","date_gmt":"2021-02-21T19:37:31","guid":{"rendered":"https:\/\/www.autonvaraosahaku.fi\/?product=beru-r4-sytytysjohto"},"modified":"2021-02-21T19:37:35","modified_gmt":"2021-02-21T19:37:35","slug":"beru-r4-sytytysjohto","status":"publish","type":"product","link":"https:\/\/www.autonvaraosahaku.fi\/?product=beru-r4-sytytysjohto","title":{"rendered":"BERU R4 Sytytysjohto"},"content":{"rendered":"<p>Pituus (cm): 40; Sytytystulppa: Liit\u00e4nt\u00e4 SAE; Virranjakaja: Liit\u00e4nt\u00e4 DIN; Tuotelinja: POWER CABLE; Asennuspuoli: Lenkstockhebel zum Lenkspurhebel, zum Zylinder4; SKODA: 105,120 742,100,110,110 Coupe; SEAT: MARBELLA 28,IBIZA I 021A,MARBELLA Kasten 028A,600 D,RONDA 022A; LADA: NIVA 2121,1200-1600,1200-1500 Kombi,NOVA 2105,TOSCANA 2107; VOLVO: 340-360 343, 345,66,340-360 Stufenheck 344,66 Kombi; DAIHATSU: CHARMANT A; OPEL: OMEGA A 16_, 17_, 19_,VECTRA A 86_, 87_,KADETT E CC 33_, 34_, 43_, 44_,KADETT C Coupe,MANTA B 58_, 59_,VECTRA A CC 88_, 89_,MONZA A 22_,KADETT C,KADETT E Cabriolet 43B_,ASCONA B 81_, 86_, 87_, 88_,ASCONA C 81_, 86_, 87_, 88_,REKORD E 17_-19_, 11_, 14_, 16_,SENATOR B 29_,SENATOR A 29_,MANTA A 58_, 59_,OMEGA A Caravan 66_, 67_,KADETT D 31_-34_, 41_-44_,DIPLOMAT B,KADETT E 39_, 49_,ASCONA C CC 84_, 89_,REKORD D,KADETT E Caravan 35_, 36_, 45_, 46_,ASCONA A 81_, 86_, 87_, 88_,MANTA B CC 53_, 55_,KADETT C City,COMMODORE B Coupe,COMMODORE C 14_, 19_,COMMODORE B,REKORD E Caravan 61_, 66_, 67_,REKORD D Coupe,KADETT C Caravan,KADETT D Caravan 35_, 36_, 45_, 46_,COMMODORE C Caravan 61,REKORD D Caravan,ASCONA A Voyage 84_, 89_; LANCIA: Y10 156; TOYOTA: CELICA Coupe _A6_,CELICA TA60, RA40, RA6_,CRESSIDA Stufenheck RX3_,CORONA Station Wagon RT118,CORONA RT1_,CRESSIDA Station Wagon RX3_; FIAT: PANDA 141A_,UNO 146A\/E,127,FIORINO Kasten 146,850,PANDA Van 141_,TEMPRA 159,RITMO I 138A,TEMPRA S.W. 159,FIORINO 147,REGATA 138,ARGENTA 132A,RITMO Cabriolet,127 Panorama,REGATA Weekend 138,DUNA 146 B,DUNA Weekend 146 B; RENAULT: TWINGO I C06_,TWINGO I Kasten S06_,4 112_,19 II B\/C53_,SUPER 5 B\/C40_,5 122_,RAPID Kasten F40_, G40_,19 I B\/C53_,4 Kasten R21_, R23_,9 L42_,19 II Chamade L53_,12,11 B\/C37_,16 115_,25 B29_,19 I Chamade L53_,8 113_,6 118_,18 134_,11 Kasten S37_,18 Variable 135_,10 119_,5 Kasten 238_,FUEGO 136_,12 Variable 117_,ESTAFETTE 213_,15 130_,SUPER 5 Kasten S40_; Sytytyskaapeli<\/p>\n","protected":false},"excerpt":{"rendered":"<p>BERU Sytytysjohto R4 Sytytyskaapeli SKODA,SEAT,LADA,105,120 742,100,110,110 Coupe,MARBELLA 28,IBIZA I 021A,MARBELLA Kasten 028A,600 D,RONDA 022A<\/p>\n","protected":false},"featured_media":0,"template":"","meta":{"site-sidebar-layout":"default","site-content-layout":"default","ast-global-header-display":"","ast-main-header-display":"","ast-hfb-above-header-display":"","ast-hfb-below-header-display":"","ast-hfb-mobile-header-display":"","site-post-title":"","ast-breadcrumbs-content":"","ast-featured-img":"","footer-sml-layout":"","theme-transparent-header-meta":"","adv-header-id-meta":"","stick-header-meta":"","header-above-stick-meta":"","header-main-stick-meta":"","header-below-stick-meta":""},"pwb-brand":[327],"product_cat":[198],"product_tag":[],"class_list":{"0":"post-75092","1":"product","2":"type-product","3":"status-publish","5":"pwb-brand-beru","6":"product_cat-sytytysjohto","7":"desktop-align-left","8":"tablet-align-left","9":"mobile-align-left","11":"first","12":"instock","13":"product-type-external"},"brands":[{"id":327,"name":"BERU","slug":"beru"}],"_links":{"self":[{"href":"https:\/\/www.autonvaraosahaku.fi\/index.php?rest_route=\/wp\/v2\/product\/75092","targetHints":{"allow":["GET"]}}],"collection":[{"href":"https:\/\/www.autonvaraosahaku.fi\/index.php?rest_route=\/wp\/v2\/product"}],"about":[{"href":"https:\/\/www.autonvaraosahaku.fi\/index.php?rest_route=\/wp\/v2\/types\/product"}],"wp:attachment":[{"href":"https:\/\/www.autonvaraosahaku.fi\/index.php?rest_route=%2Fwp%2Fv2%2Fmedia&parent=75092"}],"wp:term":[{"taxonomy":"pwb-brand","embeddable":true,"href":"https:\/\/www.autonvaraosahaku.fi\/index.php?rest_route=%2Fwp%2Fv2%2Fpwb-brand&post=75092"},{"taxonomy":"product_cat","embeddable":true,"href":"https:\/\/www.autonvaraosahaku.fi\/index.php?rest_route=%2Fwp%2Fv2%2Fproduct_cat&post=75092"},{"taxonomy":"product_tag","embeddable":true,"href":"https:\/\/www.autonvaraosahaku.fi\/index.php?rest_route=%2Fwp%2Fv2%2Fproduct_tag&post=75092"}],"curies":[{"name":"wp","href":"https:\/\/api.w.org\/{rel}","templated":true}]}}